{"id":991,"date":"2019-05-08T16:34:23","date_gmt":"2019-05-08T14:34:23","guid":{"rendered":"http:\/\/lyon.intercontinental.com\/?page_id=991"},"modified":"2024-08-13T15:36:19","modified_gmt":"2024-08-13T13:36:19","slug":"rooms","status":"publish","type":"page","link":"https:\/\/lyon.intercontinental.com\/en\/rooms\/","title":{"rendered":"Rooms"},"content":{"rendered":"\r\n\r\n\r\n\r\n  <!-- Swiper hero -->\r\n  <div id=\"slideshow-block_d227e338e4f4e0c6058ed9ae4c041e78\" class=\"row \">  \r\n    <div class=\"swiper d-swiper-container hero\" data-swiper={\"autoplay\":true,\"effect\":\"fade\",\"fadeEffect\":{\"crossFade\":true},\"speed\":1000}>\r\n      <div class=\"swiper-wrapper\">\r\n                    <div class=\"swiper-slide\">\r\n                              <span aria-hidden=\"true\" class=\"slide-e-background has-background-dim-30  has-background has-charcoal-grey-background-color\"><\/span>\r\n                                            <img decoding=\"async\" src=\"https:\/\/lyon.intercontinental.com\/wp-content\/uploads\/sites\/6\/2019\/11\/Executive-Room-River-View-c-Eric-Cuvillier-2.jpg\"\r\n                sizes=\"(max-width: 2000px) 100vw, 2000px\"\r\n                srcset=\"https:\/\/lyon.intercontinental.com\/wp-content\/uploads\/sites\/6\/2019\/11\/Executive-Room-River-View-c-Eric-Cuvillier-2.jpg 2000w,\r\n                        https:\/\/lyon.intercontinental.com\/wp-content\/uploads\/sites\/6\/2019\/11\/Executive-Room-River-View-c-Eric-Cuvillier-2-1024x680.jpg 1024w,\r\n                        https:\/\/lyon.intercontinental.com\/wp-content\/uploads\/sites\/6\/2019\/11\/Executive-Room-River-View-c-Eric-Cuvillier-2-768x510.jpg 768w\"\r\n                        alt=\"Executive Room River View (c) Eric Cuvillier (2)\"\/>\r\n                                            <div class=\"slide-e-content d-none d-md-block\">\r\n                                      <h1 class=\"title\">Rooms<\/h1>\r\n                                                        <h5 class=\"text-center white\">by Jean-Philippe Nuel<\/h5>\r\n                                                    <\/div>\r\n                          <\/div>\r\n                      <div class=\"swiper-slide\">\r\n                              <span aria-hidden=\"true\" class=\"slide-e-background has-background-dim-30  has-background has-charcoal-grey-background-color\"><\/span>\r\n                                            <img decoding=\"async\" src=\"https:\/\/lyon.intercontinental.com\/wp-content\/uploads\/sites\/6\/2019\/11\/Superior-Room-cEric-Cuvillier-2.jpg\"\r\n                sizes=\"(max-width: 2000px) 100vw, 2000px\"\r\n                srcset=\"https:\/\/lyon.intercontinental.com\/wp-content\/uploads\/sites\/6\/2019\/11\/Superior-Room-cEric-Cuvillier-2.jpg 2000w,\r\n                        https:\/\/lyon.intercontinental.com\/wp-content\/uploads\/sites\/6\/2019\/11\/Superior-Room-cEric-Cuvillier-2-1024x654.jpg 1024w,\r\n                        https:\/\/lyon.intercontinental.com\/wp-content\/uploads\/sites\/6\/2019\/11\/Superior-Room-cEric-Cuvillier-2-768x491.jpg 768w\"\r\n                        alt=\"Superior Room (c)Eric Cuvillier (2)\"\/>\r\n                                            <div class=\"slide-e-content d-none d-md-block\">\r\n                                      <h1 class=\"title\">Rooms<\/h1>\r\n                                                        <h5 class=\"text-center white\">by Jean-Philippe Nuel<\/h5>\r\n                                                    <\/div>\r\n                          <\/div>\r\n                      <div class=\"swiper-slide\">\r\n                              <span aria-hidden=\"true\" class=\"slide-e-background has-background-dim-30  has-background has-charcoal-grey-background-color\"><\/span>\r\n                                            <img decoding=\"async\" src=\"https:\/\/lyon.intercontinental.com\/wp-content\/uploads\/sites\/6\/2019\/11\/Deluxe-Room-c-Eric-Cuvillier-3.jpg\"\r\n                sizes=\"(max-width: 2000px) 100vw, 2000px\"\r\n                srcset=\"https:\/\/lyon.intercontinental.com\/wp-content\/uploads\/sites\/6\/2019\/11\/Deluxe-Room-c-Eric-Cuvillier-3.jpg 2000w,\r\n                        https:\/\/lyon.intercontinental.com\/wp-content\/uploads\/sites\/6\/2019\/11\/Deluxe-Room-c-Eric-Cuvillier-3-1024x630.jpg 1024w,\r\n                        https:\/\/lyon.intercontinental.com\/wp-content\/uploads\/sites\/6\/2019\/11\/Deluxe-Room-c-Eric-Cuvillier-3-768x472.jpg 768w\"\r\n                        alt=\"Deluxe Room (c) Eric Cuvillier (3)\"\/>\r\n                                            <div class=\"slide-e-content d-none d-md-block\">\r\n                                      <h1 class=\"title\">Rooms<\/h1>\r\n                                                        <h5 class=\"text-center white\">by Jean-Philippe Nuel<\/h5>\r\n                                                    <\/div>\r\n                          <\/div>\r\n                      <div class=\"swiper-slide\">\r\n                              <span aria-hidden=\"true\" class=\"slide-e-background has-background-dim-30  has-background has-charcoal-grey-background-color\"><\/span>\r\n                                            <img decoding=\"async\" src=\"https:\/\/lyon.intercontinental.com\/wp-content\/uploads\/sites\/6\/2019\/05\/InterContinental-Lyon-Hotel-Dieu-Hotel-de-Luxe-France-chambre.jpg\"\r\n                sizes=\"(max-width: 2000px) 100vw, 2000px\"\r\n                srcset=\"https:\/\/lyon.intercontinental.com\/wp-content\/uploads\/sites\/6\/2019\/05\/InterContinental-Lyon-Hotel-Dieu-Hotel-de-Luxe-France-chambre.jpg 2500w,\r\n                        https:\/\/lyon.intercontinental.com\/wp-content\/uploads\/sites\/6\/2019\/05\/InterContinental-Lyon-Hotel-Dieu-Hotel-de-Luxe-France-chambre-1024x661.jpg 1024w,\r\n                        https:\/\/lyon.intercontinental.com\/wp-content\/uploads\/sites\/6\/2019\/05\/InterContinental-Lyon-Hotel-Dieu-Hotel-de-Luxe-France-chambre-768x496.jpg 768w\"\r\n                        alt=\"InterContinental Lyon - Hotel Dieu - Hotel de Luxe France - chambre\"\/>\r\n                                            <div class=\"slide-e-content d-none d-md-block\">\r\n                                      <h1 class=\"title\">Rooms<\/h1>\r\n                                                        <h5 class=\"text-center white\">by Jean-Philippe Nuel<\/h5>\r\n                                                    <\/div>\r\n                          <\/div>\r\n                <\/div>\r\n                  <div class=\"swiper-pagination\">\r\n          <\/div>\r\n          <div class=\"swiper-button swiper-button-prev\">\r\n            <span class=\"arrowl\"><\/span>\r\n          <\/div>\r\n          <div class=\"swiper-button swiper-button-next\">\r\n          <span class=\"arrowr\"><\/span>\r\n          <\/div>\r\n            <\/div>\r\n  <\/div>\r\n  <!-- End Swiper hero -->\r\n\r\n \n\n\n<div class=\"wp-block-group row is-layout-constrained wp-block-group-is-layout-constrained\">\n<div class=\"wp-block-group pattern-address col-lg-12 has-light-grey-background-color has-background is-nowrap is-layout-flex wp-container-core-group-is-layout-fe492232 wp-block-group-is-layout-flex\" style=\"margin-bottom:var(--wp--preset--spacing--60)\">\n<div class=\"wp-block-group col-lg-6 offset-lg-3 is-vertical is-content-justification-center is-layout-flex wp-container-core-group-is-layout-f9a93ed8 wp-block-group-is-layout-flex\">\n<p class=\"has-text-align-center\" style=\"margin-top:0;margin-bottom:0\">InterContinental Lyon &#8211; 20 quai Jules Courmont, 69002 Lyon, FRANCE<\/p>\n\n\n\n<div class=\"wp-block-group is-nowrap is-layout-flex wp-container-core-group-is-layout-6c531013 wp-block-group-is-layout-flex\">\n<p class=\"has-charcoal-grey-color has-text-color has-small-font-size\"><a href=\"mailto:lyon@ihg.com\" target=\"_blank\" rel=\"noreferrer noopener\">Envoyer un email<\/a><\/p>\n\n\n\n<p class=\"has-charcoal-grey-color has-text-color has-small-font-size\"><a href=\"tel:+33426992330\">T\u00e9l\u00e9phone: +33 (0)4 26 99 23 30<\/a><\/p>\n<\/div>\n\n\n\n<div class=\"wp-block-group cta-slideshow is-layout-constrained wp-block-group-is-layout-constrained\">\n<div class=\"wp-block-buttons is-layout-flex wp-block-buttons-is-layout-flex\">\n<div class=\"wp-block-button is-style-fill\"><a class=\"wp-block-button__link wp-element-button\" href=\"\/reservation\" target=\"_blank\" rel=\"noreferrer noopener\">R\u00e9server<\/a><\/div>\n<\/div>\n<\/div>\n<\/div>\n\n\n\n<div class=\"wp-block-group col-lg-3 icons-social is-content-justification-right is-nowrap is-layout-flex wp-container-core-group-is-layout-17124a9a wp-block-group-is-layout-flex\">\n<figure class=\"wp-block-image size-full is-resized\"><a href=\"https:\/\/www.facebook.com\/iclyonhoteldieu\/\" target=\"_blank\" rel=\"noreferrer noopener\"><img decoding=\"async\" src=\"https:\/\/lyon.intercontinental.com\/wp-content\/themes\/intercontinental\/assets\/images\/icons\/icon-facebook.svg\" alt=\"\" class=\"wp-image-2313\" style=\"width:25px;height:25px\" \/><\/a><\/figure>\n\n\n\n<figure class=\"wp-block-image size-full is-resized\"><a href=\"https:\/\/www.instagram.com\/iclyonhoteldieu\/\" target=\"_blank\" rel=\"noreferrer noopener\"><img decoding=\"async\" src=\"https:\/\/lyon.intercontinental.com\/wp-content\/themes\/intercontinental\/assets\/images\/icons\/icon-instagram.svg\" alt=\"\" class=\"wp-image-2315\" style=\"width:25px;height:25px\" \/><\/a><\/figure>\n\n\n\n<figure class=\"wp-block-image size-full is-resized\"><a href=\"https:\/\/www.linkedin.com\/company\/intercontinental-lyon-hotel-dieu\/\" target=\"_blank\" rel=\"noreferrer noopener\"><img decoding=\"async\" src=\"https:\/\/lyon.intercontinental.com\/wp-content\/themes\/intercontinental\/assets\/images\/icons\/icon-linkedin.svg\" alt=\"\" class=\"wp-image-2319\" style=\"width:25px;height:25px\" \/><\/a><\/figure>\n\n\n\n<figure class=\"wp-block-image size-full is-resized\"><a href=\"https:\/\/www.tripadvisor.fr\/Hotel_Review-g187265-d15216091-Reviews-InterContinental_Lyon_Hotel_Dieu-Lyon_Rhone_Auvergne_Rhone_Alpes.html\" target=\"_blank\" rel=\"noreferrer noopener\"><img decoding=\"async\" src=\"https:\/\/lyon.intercontinental.com\/wp-content\/themes\/intercontinental\/assets\/images\/icons\/icon-tripadvisor.svg\" alt=\"\" class=\"wp-image-121\" style=\"width:25px;height:25px\" \/><\/a><\/figure>\n<\/div>\n<\/div>\n\n\n\n<div class=\"wp-block-columns pattern-2-col-text-and-slider slider-left is-layout-flex wp-container-core-columns-is-layout-28f84493 wp-block-columns-is-layout-flex\">\n<div class=\"wp-block-column is-vertically-aligned-center is-layout-flow wp-block-column-is-layout-flow\" style=\"padding-right:var(--wp--preset--spacing--30);padding-left:var(--wp--preset--spacing--30);flex-basis:50%\">\r\n\r\n\r\n  <div id=\"slideshow-block_f3f5282cc1e04b04180109ec745777d5\" class=\"row\" data-aos=\"fade-in\">\r\n      <!-- Swiper -->\r\n      <div class=\"swiper d-swiper-container \" data-swiper={\"navigation\":{\"enabled\":false}} style=\"height:66vh\">\r\n        <div class=\"swiper-wrapper\">\r\n                                      <div class=\"swiper-slide\">\r\n                                    <img decoding=\"async\" src=\"https:\/\/lyon.intercontinental.com\/wp-content\/uploads\/sites\/6\/2019\/12\/Corridor-c-STUDIO-JEAN-PHILIPPE-NUEL_INTERCONTINENTAL-LYON-HOTEL-DIEU_NICOLAS-MATHEUS_DSC_0752-scaled-1.jpg\"\r\n                  sizes=\"(max-width: 2000px) 100vw, 2000px\"\r\n                  srcset=\"https:\/\/lyon.intercontinental.com\/wp-content\/uploads\/sites\/6\/2019\/12\/Corridor-c-STUDIO-JEAN-PHILIPPE-NUEL_INTERCONTINENTAL-LYON-HOTEL-DIEU_NICOLAS-MATHEUS_DSC_0752-scaled-1.jpg 1968w,\r\n                          https:\/\/lyon.intercontinental.com\/wp-content\/uploads\/sites\/6\/2019\/12\/Corridor-c-STUDIO-JEAN-PHILIPPE-NUEL_INTERCONTINENTAL-LYON-HOTEL-DIEU_NICOLAS-MATHEUS_DSC_0752-scaled-1-787x1024.jpg 1024w,\r\n                          https:\/\/lyon.intercontinental.com\/wp-content\/uploads\/sites\/6\/2019\/12\/Corridor-c-STUDIO-JEAN-PHILIPPE-NUEL_INTERCONTINENTAL-LYON-HOTEL-DIEU_NICOLAS-MATHEUS_DSC_0752-scaled-1-768x999.jpg 768w\"\r\n                          alt=\"Corridor (c) STUDIO JEAN-PHILIPPE NUEL_INTERCONTINENTAL LYON HOTEL DIEU_NICOLAS MATHEUS_DSC_0752\">\r\n                <\/div>\r\n                              <\/div>\r\n          <div class=\"swiper-pagination\">\r\n          <\/div>\r\n          <div class=\"swiper-button swiper-button-prev\">\r\n            <span class=\"arrowl\"><\/span>\r\n          <\/div>\r\n          <div class=\"swiper-button swiper-button-next\">\r\n            <span class=\"arrowr\"><\/span>\r\n          <\/div>\r\n      <\/div>\r\n      <!-- End Swiper -->\r\n  <\/div>\r\n  \r\n\r\n <\/div>\n\n\n\n<div class=\"wp-block-column is-vertically-aligned-bottom text-column is-layout-flow wp-block-column-is-layout-flow\" style=\"padding-top:var(--wp--preset--spacing--70);padding-right:var(--wp--preset--spacing--60);padding-bottom:var(--wp--preset--spacing--70);padding-left:var(--wp--preset--spacing--60);flex-basis:33.33%\">\n<h3 class=\"wp-block-heading\">Our 144 rooms and suites<\/h3>\n\n\n\n<p>The&nbsp;<strong>144 rooms and suites<\/strong>&nbsp;of the hotel, designed by Jean-Philippe Nuel, are spread over the three floors of the building. Half of them offer a breathtaking view of the Rh\u00f4ne river, others on the Fourvi\u00e8re hill or the listed buildings of the Grand H\u00f4tel-Dieu and its inner courtyards.<br>As in the rest of the hotel, Jean-Philippe Nuel creates a dialogue between the monastic and the precious, the historical and the contemporary.<\/p>\n\n\n\n<h5 class=\"wp-block-heading\">The 110 rooms:<\/h5>\n\n\n\n<ul class=\"wp-block-list\">\n<li>26 King Bed Classic Courtyard and Historic Gardens View<\/li>\n\n\n\n<li>1 Twin Beds Classic Courtyard and Historic Gardens View<\/li>\n\n\n\n<li>31 King Bed Premium Courtyard and Historic Gardens View<\/li>\n\n\n\n<li>14 Twin Beds Premium Courtyard and Historic Gardens View<\/li>\n\n\n\n<li>1 King Bed Premium Courtyard and Historic Gardens View that meets the accessibility standards<\/li>\n\n\n\n<li>36 King Bed Premium Rh\u00f4ne River View<\/li>\n\n\n\n<li>1 Twin Beds Premium Rh\u00f4ne River View<\/li>\n<\/ul>\n<\/div>\n<\/div>\n<\/div>\n","protected":false},"excerpt":{"rendered":"<p>InterContinental Lyon &#8211; 20 quai Jules Courmont, 69002 Lyon, FRANCE Envoyer un email T\u00e9l\u00e9phone: +33 (0)4 26 99 23 30 Our 144 rooms and suites The&nbsp;144 rooms and suites&nbsp;of the hotel, designed by Jean-Philippe Nuel, are spread over the three [&hellip;]<\/p>\n","protected":false},"author":1,"featured_media":0,"parent":0,"menu_order":0,"comment_status":"closed","ping_status":"closed","template":"templates\/2-columns.php","meta":{"_acf_changed":false,"footnotes":""},"class_list":["post-991","page","type-page","status-publish","hentry"],"acf":[],"yoast_head":"<!-- This site is optimized with the Yoast SEO plugin v26.2 - https:\/\/yoast.com\/wordpress\/plugins\/seo\/ -->\n<title>Rooms - InterContinental Lyon Hotel Dieu<\/title>\n<meta name=\"description\" content=\"Discover the rooms of the InterContinental Lyon - Hotel Dieu - our 144 rooms and suites offer comfort, luxury and privacy\" \/>\n<meta name=\"robots\" content=\"index, follow, max-snippet:-1, max-image-preview:large, max-video-preview:-1\" \/>\n<link rel=\"canonical\" href=\"https:\/\/lyon.intercontinental.com\/en\/rooms\/\" \/>\n<meta property=\"og:locale\" content=\"en_US\" \/>\n<meta property=\"og:type\" content=\"article\" \/>\n<meta property=\"og:title\" content=\"Rooms - InterContinental Lyon Hotel Dieu\" \/>\n<meta property=\"og:description\" content=\"Discover the rooms of the InterContinental Lyon - Hotel Dieu - our 144 rooms and suites offer comfort, luxury and privacy\" \/>\n<meta property=\"og:url\" content=\"https:\/\/lyon.intercontinental.com\/en\/rooms\/\" \/>\n<meta property=\"og:site_name\" content=\"InterContinental Lyon Hotel Dieu\" \/>\n<meta property=\"article:publisher\" content=\"https:\/\/www.facebook.com\/iclyonhoteldieu\/\" \/>\n<meta property=\"article:modified_time\" content=\"2024-08-13T13:36:19+00:00\" \/>\n<meta property=\"og:image\" content=\"https:\/\/lyon.intercontinental.com\/wp-content\/themes\/intercontinental\/assets\/images\/icons\/icon-facebook.svg\" \/>\n<meta name=\"twitter:card\" content=\"summary_large_image\" \/>\n<meta name=\"twitter:label1\" content=\"Est. reading time\" \/>\n\t<meta name=\"twitter:data1\" content=\"2 minutes\" \/>\n<script type=\"application\/ld+json\" class=\"yoast-schema-graph\">{\"@context\":\"https:\/\/schema.org\",\"@graph\":[{\"@type\":\"WebPage\",\"@id\":\"https:\/\/lyon.intercontinental.com\/en\/rooms\/\",\"url\":\"https:\/\/lyon.intercontinental.com\/en\/rooms\/\",\"name\":\"Rooms - InterContinental Lyon Hotel Dieu\",\"isPartOf\":{\"@id\":\"https:\/\/lyon.intercontinental.com\/#website\"},\"primaryImageOfPage\":{\"@id\":\"https:\/\/lyon.intercontinental.com\/en\/rooms\/#primaryimage\"},\"image\":{\"@id\":\"https:\/\/lyon.intercontinental.com\/en\/rooms\/#primaryimage\"},\"thumbnailUrl\":\"https:\/\/lyon.intercontinental.com\/wp-content\/themes\/intercontinental\/assets\/images\/icons\/icon-facebook.svg\",\"datePublished\":\"2019-05-08T14:34:23+00:00\",\"dateModified\":\"2024-08-13T13:36:19+00:00\",\"description\":\"Discover the rooms of the InterContinental Lyon - Hotel Dieu - our 144 rooms and suites offer comfort, luxury and privacy\",\"breadcrumb\":{\"@id\":\"https:\/\/lyon.intercontinental.com\/en\/rooms\/#breadcrumb\"},\"inLanguage\":\"en-US\",\"potentialAction\":[{\"@type\":\"ReadAction\",\"target\":[\"https:\/\/lyon.intercontinental.com\/en\/rooms\/\"]}]},{\"@type\":\"ImageObject\",\"inLanguage\":\"en-US\",\"@id\":\"https:\/\/lyon.intercontinental.com\/en\/rooms\/#primaryimage\",\"url\":\"https:\/\/lyon.intercontinental.com\/wp-content\/themes\/intercontinental\/assets\/images\/icons\/icon-facebook.svg\",\"contentUrl\":\"https:\/\/lyon.intercontinental.com\/wp-content\/themes\/intercontinental\/assets\/images\/icons\/icon-facebook.svg\"},{\"@type\":\"BreadcrumbList\",\"@id\":\"https:\/\/lyon.intercontinental.com\/en\/rooms\/#breadcrumb\",\"itemListElement\":[{\"@type\":\"ListItem\",\"position\":1,\"name\":\"Home\",\"item\":\"https:\/\/lyon.intercontinental.com\/en\/\"},{\"@type\":\"ListItem\",\"position\":2,\"name\":\"Rooms\"}]},{\"@type\":\"WebSite\",\"@id\":\"https:\/\/lyon.intercontinental.com\/#website\",\"url\":\"https:\/\/lyon.intercontinental.com\/\",\"name\":\"InterContinental Lyon - H\u00f4tel Dieu\",\"description\":\"Live the InterContinental Life\",\"publisher\":{\"@id\":\"https:\/\/lyon.intercontinental.com\/#organization\"},\"alternateName\":\"InterContinental Lyon\",\"potentialAction\":[{\"@type\":\"SearchAction\",\"target\":{\"@type\":\"EntryPoint\",\"urlTemplate\":\"https:\/\/lyon.intercontinental.com\/?s={search_term_string}\"},\"query-input\":{\"@type\":\"PropertyValueSpecification\",\"valueRequired\":true,\"valueName\":\"search_term_string\"}}],\"inLanguage\":\"en-US\"},{\"@type\":\"Organization\",\"@id\":\"https:\/\/lyon.intercontinental.com\/#organization\",\"name\":\"InterContinental Lyon - H\u00f4tel Dieu\",\"alternateName\":\"InterContinental Lyon\",\"url\":\"https:\/\/lyon.intercontinental.com\/\",\"logo\":{\"@type\":\"ImageObject\",\"inLanguage\":\"en-US\",\"@id\":\"https:\/\/lyon.intercontinental.com\/#\/schema\/logo\/image\/\",\"url\":\"https:\/\/lyon.intercontinental.com\/wp-content\/uploads\/sites\/6\/2023\/09\/ihg-lyon-hotel-dieu-hotel-logo.svg\",\"contentUrl\":\"https:\/\/lyon.intercontinental.com\/wp-content\/uploads\/sites\/6\/2023\/09\/ihg-lyon-hotel-dieu-hotel-logo.svg\",\"caption\":\"InterContinental Lyon - H\u00f4tel Dieu\"},\"image\":{\"@id\":\"https:\/\/lyon.intercontinental.com\/#\/schema\/logo\/image\/\"},\"sameAs\":[\"https:\/\/www.facebook.com\/iclyonhoteldieu\/\",\"https:\/\/www.instagram.com\/iclyonhoteldieu\/\",\"https:\/\/www.linkedin.com\/company\/intercontinental-lyon-hotel-dieu\/\",\"https:\/\/www.tripadvisor.fr\/Hotel_Review-g187265-d15216091-Reviews-InterContinental_Lyon_Hotel_Dieu-Lyon_Rhone_Auvergne_Rhone_Alpes.html\"]}]}<\/script>\n<!-- \/ Yoast SEO plugin. -->","yoast_head_json":{"title":"Rooms - InterContinental Lyon Hotel Dieu","description":"Discover the rooms of the InterContinental Lyon - Hotel Dieu - our 144 rooms and suites offer comfort, luxury and privacy","robots":{"index":"index","follow":"follow","max-snippet":"max-snippet:-1","max-image-preview":"max-image-preview:large","max-video-preview":"max-video-preview:-1"},"canonical":"https:\/\/lyon.intercontinental.com\/en\/rooms\/","og_locale":"en_US","og_type":"article","og_title":"Rooms - InterContinental Lyon Hotel Dieu","og_description":"Discover the rooms of the InterContinental Lyon - Hotel Dieu - our 144 rooms and suites offer comfort, luxury and privacy","og_url":"https:\/\/lyon.intercontinental.com\/en\/rooms\/","og_site_name":"InterContinental Lyon Hotel Dieu","article_publisher":"https:\/\/www.facebook.com\/iclyonhoteldieu\/","article_modified_time":"2024-08-13T13:36:19+00:00","og_image":[{"url":"https:\/\/lyon.intercontinental.com\/wp-content\/themes\/intercontinental\/assets\/images\/icons\/icon-facebook.svg","type":"","width":"","height":""}],"twitter_card":"summary_large_image","twitter_misc":{"Est. reading time":"2 minutes"},"schema":{"@context":"https:\/\/schema.org","@graph":[{"@type":"WebPage","@id":"https:\/\/lyon.intercontinental.com\/en\/rooms\/","url":"https:\/\/lyon.intercontinental.com\/en\/rooms\/","name":"Rooms - InterContinental Lyon Hotel Dieu","isPartOf":{"@id":"https:\/\/lyon.intercontinental.com\/#website"},"primaryImageOfPage":{"@id":"https:\/\/lyon.intercontinental.com\/en\/rooms\/#primaryimage"},"image":{"@id":"https:\/\/lyon.intercontinental.com\/en\/rooms\/#primaryimage"},"thumbnailUrl":"https:\/\/lyon.intercontinental.com\/wp-content\/themes\/intercontinental\/assets\/images\/icons\/icon-facebook.svg","datePublished":"2019-05-08T14:34:23+00:00","dateModified":"2024-08-13T13:36:19+00:00","description":"Discover the rooms of the InterContinental Lyon - Hotel Dieu - our 144 rooms and suites offer comfort, luxury and privacy","breadcrumb":{"@id":"https:\/\/lyon.intercontinental.com\/en\/rooms\/#breadcrumb"},"inLanguage":"en-US","potentialAction":[{"@type":"ReadAction","target":["https:\/\/lyon.intercontinental.com\/en\/rooms\/"]}]},{"@type":"ImageObject","inLanguage":"en-US","@id":"https:\/\/lyon.intercontinental.com\/en\/rooms\/#primaryimage","url":"https:\/\/lyon.intercontinental.com\/wp-content\/themes\/intercontinental\/assets\/images\/icons\/icon-facebook.svg","contentUrl":"https:\/\/lyon.intercontinental.com\/wp-content\/themes\/intercontinental\/assets\/images\/icons\/icon-facebook.svg"},{"@type":"BreadcrumbList","@id":"https:\/\/lyon.intercontinental.com\/en\/rooms\/#breadcrumb","itemListElement":[{"@type":"ListItem","position":1,"name":"Home","item":"https:\/\/lyon.intercontinental.com\/en\/"},{"@type":"ListItem","position":2,"name":"Rooms"}]},{"@type":"WebSite","@id":"https:\/\/lyon.intercontinental.com\/#website","url":"https:\/\/lyon.intercontinental.com\/","name":"InterContinental Lyon - H\u00f4tel Dieu","description":"Live the InterContinental Life","publisher":{"@id":"https:\/\/lyon.intercontinental.com\/#organization"},"alternateName":"InterContinental Lyon","potentialAction":[{"@type":"SearchAction","target":{"@type":"EntryPoint","urlTemplate":"https:\/\/lyon.intercontinental.com\/?s={search_term_string}"},"query-input":{"@type":"PropertyValueSpecification","valueRequired":true,"valueName":"search_term_string"}}],"inLanguage":"en-US"},{"@type":"Organization","@id":"https:\/\/lyon.intercontinental.com\/#organization","name":"InterContinental Lyon - H\u00f4tel Dieu","alternateName":"InterContinental Lyon","url":"https:\/\/lyon.intercontinental.com\/","logo":{"@type":"ImageObject","inLanguage":"en-US","@id":"https:\/\/lyon.intercontinental.com\/#\/schema\/logo\/image\/","url":"https:\/\/lyon.intercontinental.com\/wp-content\/uploads\/sites\/6\/2023\/09\/ihg-lyon-hotel-dieu-hotel-logo.svg","contentUrl":"https:\/\/lyon.intercontinental.com\/wp-content\/uploads\/sites\/6\/2023\/09\/ihg-lyon-hotel-dieu-hotel-logo.svg","caption":"InterContinental Lyon - H\u00f4tel Dieu"},"image":{"@id":"https:\/\/lyon.intercontinental.com\/#\/schema\/logo\/image\/"},"sameAs":["https:\/\/www.facebook.com\/iclyonhoteldieu\/","https:\/\/www.instagram.com\/iclyonhoteldieu\/","https:\/\/www.linkedin.com\/company\/intercontinental-lyon-hotel-dieu\/","https:\/\/www.tripadvisor.fr\/Hotel_Review-g187265-d15216091-Reviews-InterContinental_Lyon_Hotel_Dieu-Lyon_Rhone_Auvergne_Rhone_Alpes.html"]}]}},"_links":{"self":[{"href":"https:\/\/lyon.intercontinental.com\/en\/wp-json\/wp\/v2\/pages\/991","targetHints":{"allow":["GET"]}}],"collection":[{"href":"https:\/\/lyon.intercontinental.com\/en\/wp-json\/wp\/v2\/pages"}],"about":[{"href":"https:\/\/lyon.intercontinental.com\/en\/wp-json\/wp\/v2\/types\/page"}],"author":[{"embeddable":true,"href":"https:\/\/lyon.intercontinental.com\/en\/wp-json\/wp\/v2\/users\/1"}],"replies":[{"embeddable":true,"href":"https:\/\/lyon.intercontinental.com\/en\/wp-json\/wp\/v2\/comments?post=991"}],"version-history":[{"count":0,"href":"https:\/\/lyon.intercontinental.com\/en\/wp-json\/wp\/v2\/pages\/991\/revisions"}],"wp:attachment":[{"href":"https:\/\/lyon.intercontinental.com\/en\/wp-json\/wp\/v2\/media?parent=991"}],"curies":[{"name":"wp","href":"https:\/\/api.w.org\/{rel}","templated":true}]}}