{"id":6780,"date":"2021-06-18T10:17:07","date_gmt":"2021-06-18T08:17:07","guid":{"rendered":"https:\/\/lyon.intercontinental.com\/?page_id=6780"},"modified":"2025-03-26T10:39:06","modified_gmt":"2025-03-26T09:39:06","slug":"menus-le-dome-bar","status":"publish","type":"page","link":"https:\/\/lyon.intercontinental.com\/en\/menus-le-dome-bar\/","title":{"rendered":"Menus Le D\u00f4me Bar"},"content":{"rendered":"\n<div style=\"height:41px\" aria-hidden=\"true\" class=\"wp-block-spacer\"><\/div>\n\n\n\n<div class=\"wp-block-columns is-layout-flex wp-container-core-columns-is-layout-28f84493 wp-block-columns-is-layout-flex\">\n<div class=\"wp-block-column is-layout-flow wp-block-column-is-layout-flow\" style=\"flex-basis:15%\"><\/div>\n\n\n\n<div class=\"wp-block-column is-layout-flow wp-block-column-is-layout-flow\">\n<h1 class=\"wp-block-heading has-text-align-center\">Menus<\/h1>\n\n\n\n<figure class=\"wp-block-image aligncenter size-large is-resized\"><img decoding=\"async\" width=\"1024\" height=\"1014\" src=\"https:\/\/lyon.intercontinental.com\/wp-content\/uploads\/sites\/6\/2021\/06\/Dome_logo_RVB-1024x1014.jpg\" alt=\"\" class=\"wp-image-6797\" style=\"width:256px;height:254px\" srcset=\"https:\/\/lyon.intercontinental.com\/wp-content\/uploads\/sites\/6\/2021\/06\/Dome_logo_RVB-1024x1014.jpg 1024w, https:\/\/lyon.intercontinental.com\/wp-content\/uploads\/sites\/6\/2021\/06\/Dome_logo_RVB-300x297.jpg 300w, https:\/\/lyon.intercontinental.com\/wp-content\/uploads\/sites\/6\/2021\/06\/Dome_logo_RVB-150x150.jpg 150w, https:\/\/lyon.intercontinental.com\/wp-content\/uploads\/sites\/6\/2021\/06\/Dome_logo_RVB-768x761.jpg 768w, https:\/\/lyon.intercontinental.com\/wp-content\/uploads\/sites\/6\/2021\/06\/Dome_logo_RVB-600x594.jpg 600w, https:\/\/lyon.intercontinental.com\/wp-content\/uploads\/sites\/6\/2021\/06\/Dome_logo_RVB-100x100.jpg 100w, https:\/\/lyon.intercontinental.com\/wp-content\/uploads\/sites\/6\/2021\/06\/Dome_logo_RVB.jpg 1136w\" sizes=\"(max-width: 1024px) 100vw, 1024px\" \/><\/figure>\n\n\n\n<div style=\"height:40px\" aria-hidden=\"true\" class=\"wp-block-spacer\"><\/div>\n\n\n\n<p class=\"has-text-align-center\">Welcome under the Grand D\u00f4me.<\/p>\n\n\n\n<p class=\"has-text-align-center\">Under its impressive keystone of 32 meters, brainchild of architect Soufflot, Le D\u00f4me is the nerve centre of the hotel.&nbsp; <\/p>\n\n\n\n<div style=\"height:41px\" aria-hidden=\"true\" class=\"wp-block-spacer\"><\/div>\n\n\n\n<div class=\"wp-block-buttons is-horizontal is-content-justification-center is-layout-flex wp-container-core-buttons-is-layout-03627597 wp-block-buttons-is-layout-flex\">\n<div class=\"wp-block-button\"><a class=\"wp-block-button__link wp-element-button\" href=\"https:\/\/lyon.intercontinental.com\/menu-carte\/carte-des-vins-le-dome\/\" target=\"_blank\" rel=\"noreferrer noopener\">Wine Menu<\/a><\/div>\n\n\n\n<div class=\"wp-block-button\"><a class=\"wp-block-button__link wp-element-button\" href=\"https:\/\/lyon.intercontinental.com\/menu-carte\/le-dome-carte-des-boissons\/\" target=\"_blank\" rel=\"noreferrer noopener\">Drinks Menu<\/a><\/div>\n<\/div>\n\n\n\n<div class=\"wp-block-buttons is-horizontal is-content-justification-center is-layout-flex wp-container-core-buttons-is-layout-03627597 wp-block-buttons-is-layout-flex\">\n<div class=\"wp-block-button\"><a class=\"wp-block-button__link wp-element-button\" href=\"https:\/\/lyon.intercontinental.com\/menu-carte\/le-dome-carte-snaking\/\" target=\"_blank\" rel=\"noreferrer noopener\">Snacking menu<\/a><\/div>\n\n\n\n<div class=\"wp-block-button\"><a class=\"wp-block-button__link wp-element-button\" href=\"https:\/\/lyon.intercontinental.com\/menu-carte\/le-dome-menu-de-la-semaine\/\" target=\"_blank\" rel=\"noreferrer noopener\">Menu of the week<\/a><\/div>\n<\/div>\n\n\n\n<div class=\"wp-block-buttons is-horizontal is-content-justification-center is-layout-flex wp-container-core-buttons-is-layout-03627597 wp-block-buttons-is-layout-flex\">\n<div class=\"wp-block-button\"><a class=\"wp-block-button__link wp-element-button\" href=\"https:\/\/lyon.intercontinental.com\/menu-carte\/le-dome-carte-tea-time\/\" target=\"_blank\" rel=\"noreferrer noopener\">Tea Time<\/a><\/div>\n<\/div>\n<\/div>\n\n\n\n<div class=\"wp-block-column is-layout-flow wp-block-column-is-layout-flow\" style=\"flex-basis:15%\"><\/div>\n<\/div>\n\n\n\n<figure class=\"wp-block-gallery aligncenter has-nested-images columns-4 is-cropped wp-block-gallery-1 is-layout-flex wp-block-gallery-is-layout-flex\">\n<figure class=\"wp-block-image size-large\"><img decoding=\"async\" width=\"776\" height=\"1024\" data-id=\"20226\" src=\"https:\/\/lyon.intercontinental.com\/wp-content\/uploads\/sites\/6\/2025\/01\/Le-Dome-Bar-c-Eric-Cuvillier-3-776x1024.jpg\" alt=\"\" class=\"wp-image-20226\" srcset=\"https:\/\/lyon.intercontinental.com\/wp-content\/uploads\/sites\/6\/2025\/01\/Le-Dome-Bar-c-Eric-Cuvillier-3-776x1024.jpg 776w, https:\/\/lyon.intercontinental.com\/wp-content\/uploads\/sites\/6\/2025\/01\/Le-Dome-Bar-c-Eric-Cuvillier-3-227x300.jpg 227w, https:\/\/lyon.intercontinental.com\/wp-content\/uploads\/sites\/6\/2025\/01\/Le-Dome-Bar-c-Eric-Cuvillier-3-768x1013.jpg 768w, https:\/\/lyon.intercontinental.com\/wp-content\/uploads\/sites\/6\/2025\/01\/Le-Dome-Bar-c-Eric-Cuvillier-3-1164x1536.jpg 1164w, https:\/\/lyon.intercontinental.com\/wp-content\/uploads\/sites\/6\/2025\/01\/Le-Dome-Bar-c-Eric-Cuvillier-3-1552x2048.jpg 1552w, https:\/\/lyon.intercontinental.com\/wp-content\/uploads\/sites\/6\/2025\/01\/Le-Dome-Bar-c-Eric-Cuvillier-3-scaled.jpg 1940w\" sizes=\"(max-width: 776px) 100vw, 776px\" \/><\/figure>\n\n\n\n<figure class=\"wp-block-image size-full\"><img decoding=\"async\" width=\"653\" height=\"980\" data-id=\"20484\" src=\"https:\/\/lyon.intercontinental.com\/wp-content\/uploads\/sites\/6\/2025\/03\/3.jpg\" alt=\"\" class=\"wp-image-20484\" srcset=\"https:\/\/lyon.intercontinental.com\/wp-content\/uploads\/sites\/6\/2025\/03\/3.jpg 653w, https:\/\/lyon.intercontinental.com\/wp-content\/uploads\/sites\/6\/2025\/03\/3-200x300.jpg 200w\" sizes=\"(max-width: 653px) 100vw, 653px\" \/><\/figure>\n\n\n\n<figure class=\"wp-block-image size-large\"><img decoding=\"async\" width=\"683\" height=\"1024\" data-id=\"20486\" src=\"https:\/\/lyon.intercontinental.com\/wp-content\/uploads\/sites\/6\/2025\/03\/Dome-c-Marie-Bouthier-4-683x1024.jpg\" alt=\"\" class=\"wp-image-20486\" srcset=\"https:\/\/lyon.intercontinental.com\/wp-content\/uploads\/sites\/6\/2025\/03\/Dome-c-Marie-Bouthier-4-683x1024.jpg 683w, https:\/\/lyon.intercontinental.com\/wp-content\/uploads\/sites\/6\/2025\/03\/Dome-c-Marie-Bouthier-4-200x300.jpg 200w, https:\/\/lyon.intercontinental.com\/wp-content\/uploads\/sites\/6\/2025\/03\/Dome-c-Marie-Bouthier-4-768x1152.jpg 768w, https:\/\/lyon.intercontinental.com\/wp-content\/uploads\/sites\/6\/2025\/03\/Dome-c-Marie-Bouthier-4-1024x1536.jpg 1024w, https:\/\/lyon.intercontinental.com\/wp-content\/uploads\/sites\/6\/2025\/03\/Dome-c-Marie-Bouthier-4.jpg 1365w\" sizes=\"(max-width: 683px) 100vw, 683px\" \/><\/figure>\n\n\n\n<figure class=\"wp-block-image size-large\"><img decoding=\"async\" width=\"683\" height=\"1024\" data-id=\"20172\" src=\"https:\/\/lyon.intercontinental.com\/wp-content\/uploads\/sites\/6\/2025\/02\/Desserts-2025-c-Louise-Marinig-1-683x1024.jpg\" alt=\"\" class=\"wp-image-20172\" srcset=\"https:\/\/lyon.intercontinental.com\/wp-content\/uploads\/sites\/6\/2025\/02\/Desserts-2025-c-Louise-Marinig-1-683x1024.jpg 683w, https:\/\/lyon.intercontinental.com\/wp-content\/uploads\/sites\/6\/2025\/02\/Desserts-2025-c-Louise-Marinig-1-200x300.jpg 200w, https:\/\/lyon.intercontinental.com\/wp-content\/uploads\/sites\/6\/2025\/02\/Desserts-2025-c-Louise-Marinig-1-768x1152.jpg 768w, https:\/\/lyon.intercontinental.com\/wp-content\/uploads\/sites\/6\/2025\/02\/Desserts-2025-c-Louise-Marinig-1-1024x1536.jpg 1024w, https:\/\/lyon.intercontinental.com\/wp-content\/uploads\/sites\/6\/2025\/02\/Desserts-2025-c-Louise-Marinig-1-1365x2048.jpg 1365w, https:\/\/lyon.intercontinental.com\/wp-content\/uploads\/sites\/6\/2025\/02\/Desserts-2025-c-Louise-Marinig-1-scaled.jpg 1707w\" sizes=\"(max-width: 683px) 100vw, 683px\" \/><\/figure>\n<\/figure>\n","protected":false},"excerpt":{"rendered":"<p>Menus Welcome under the Grand D\u00f4me. Under its impressive keystone of 32 meters, brainchild of architect Soufflot, Le D\u00f4me is the nerve centre of the hotel.&nbsp;<\/p>\n","protected":false},"author":1,"featured_media":0,"parent":0,"menu_order":0,"comment_status":"closed","ping_status":"closed","template":"","meta":{"_acf_changed":false,"footnotes":""},"class_list":["post-6780","page","type-page","status-publish","hentry"],"acf":{"schema":""},"yoast_head":"<!-- This site is optimized with the Yoast SEO plugin v26.2 - https:\/\/yoast.com\/wordpress\/plugins\/seo\/ -->\n<title>Menus Le D\u00f4me Bar - InterContinental Lyon Hotel Dieu<\/title>\n<meta name=\"robots\" content=\"index, follow, max-snippet:-1, max-image-preview:large, max-video-preview:-1\" \/>\n<link rel=\"canonical\" href=\"https:\/\/lyon.intercontinental.com\/en\/menus-le-dome-bar\/\" \/>\n<meta property=\"og:locale\" content=\"en_US\" \/>\n<meta property=\"og:type\" content=\"article\" \/>\n<meta property=\"og:title\" content=\"Menus Le D\u00f4me Bar - InterContinental Lyon Hotel Dieu\" \/>\n<meta property=\"og:description\" content=\"Menus Welcome under the Grand D\u00f4me. Under its impressive keystone of 32 meters, brainchild of architect Soufflot, Le D\u00f4me is the nerve centre of the hotel.&nbsp;\" \/>\n<meta property=\"og:url\" content=\"https:\/\/lyon.intercontinental.com\/en\/menus-le-dome-bar\/\" \/>\n<meta property=\"og:site_name\" content=\"InterContinental Lyon Hotel Dieu\" \/>\n<meta property=\"article:publisher\" content=\"https:\/\/www.facebook.com\/iclyonhoteldieu\/\" \/>\n<meta property=\"article:modified_time\" content=\"2025-03-26T09:39:06+00:00\" \/>\n<meta property=\"og:image\" content=\"https:\/\/lyon.intercontinental.com\/wp-content\/uploads\/sites\/6\/2021\/06\/Dome_logo_RVB.jpg\" \/>\n\t<meta property=\"og:image:width\" content=\"1136\" \/>\n\t<meta property=\"og:image:height\" content=\"1125\" \/>\n\t<meta property=\"og:image:type\" content=\"image\/jpeg\" \/>\n<meta name=\"twitter:card\" content=\"summary_large_image\" \/>\n<meta name=\"twitter:label1\" content=\"Est. reading time\" \/>\n\t<meta name=\"twitter:data1\" content=\"2 minutes\" \/>\n<script type=\"application\/ld+json\" class=\"yoast-schema-graph\">{\"@context\":\"https:\/\/schema.org\",\"@graph\":[{\"@type\":\"WebPage\",\"@id\":\"https:\/\/lyon.intercontinental.com\/en\/menus-le-dome-bar\/\",\"url\":\"https:\/\/lyon.intercontinental.com\/en\/menus-le-dome-bar\/\",\"name\":\"Menus Le D\u00f4me Bar - InterContinental Lyon Hotel Dieu\",\"isPartOf\":{\"@id\":\"https:\/\/lyon.intercontinental.com\/#website\"},\"primaryImageOfPage\":{\"@id\":\"https:\/\/lyon.intercontinental.com\/en\/menus-le-dome-bar\/#primaryimage\"},\"image\":{\"@id\":\"https:\/\/lyon.intercontinental.com\/en\/menus-le-dome-bar\/#primaryimage\"},\"thumbnailUrl\":\"https:\/\/lyon.intercontinental.com\/wp-content\/uploads\/sites\/6\/2021\/06\/Dome_logo_RVB-1024x1014.jpg\",\"datePublished\":\"2021-06-18T08:17:07+00:00\",\"dateModified\":\"2025-03-26T09:39:06+00:00\",\"breadcrumb\":{\"@id\":\"https:\/\/lyon.intercontinental.com\/en\/menus-le-dome-bar\/#breadcrumb\"},\"inLanguage\":\"en-US\",\"potentialAction\":[{\"@type\":\"ReadAction\",\"target\":[\"https:\/\/lyon.intercontinental.com\/en\/menus-le-dome-bar\/\"]}]},{\"@type\":\"ImageObject\",\"inLanguage\":\"en-US\",\"@id\":\"https:\/\/lyon.intercontinental.com\/en\/menus-le-dome-bar\/#primaryimage\",\"url\":\"https:\/\/lyon.intercontinental.com\/wp-content\/uploads\/sites\/6\/2021\/06\/Dome_logo_RVB-1024x1014.jpg\",\"contentUrl\":\"https:\/\/lyon.intercontinental.com\/wp-content\/uploads\/sites\/6\/2021\/06\/Dome_logo_RVB-1024x1014.jpg\"},{\"@type\":\"BreadcrumbList\",\"@id\":\"https:\/\/lyon.intercontinental.com\/en\/menus-le-dome-bar\/#breadcrumb\",\"itemListElement\":[{\"@type\":\"ListItem\",\"position\":1,\"name\":\"Home\",\"item\":\"https:\/\/lyon.intercontinental.com\/en\/\"},{\"@type\":\"ListItem\",\"position\":2,\"name\":\"Menus Le D\u00f4me Bar\"}]},{\"@type\":\"WebSite\",\"@id\":\"https:\/\/lyon.intercontinental.com\/#website\",\"url\":\"https:\/\/lyon.intercontinental.com\/\",\"name\":\"InterContinental Lyon - H\u00f4tel Dieu\",\"description\":\"Live the InterContinental Life\",\"publisher\":{\"@id\":\"https:\/\/lyon.intercontinental.com\/#organization\"},\"alternateName\":\"InterContinental Lyon\",\"potentialAction\":[{\"@type\":\"SearchAction\",\"target\":{\"@type\":\"EntryPoint\",\"urlTemplate\":\"https:\/\/lyon.intercontinental.com\/?s={search_term_string}\"},\"query-input\":{\"@type\":\"PropertyValueSpecification\",\"valueRequired\":true,\"valueName\":\"search_term_string\"}}],\"inLanguage\":\"en-US\"},{\"@type\":\"Organization\",\"@id\":\"https:\/\/lyon.intercontinental.com\/#organization\",\"name\":\"InterContinental Lyon - H\u00f4tel Dieu\",\"alternateName\":\"InterContinental Lyon\",\"url\":\"https:\/\/lyon.intercontinental.com\/\",\"logo\":{\"@type\":\"ImageObject\",\"inLanguage\":\"en-US\",\"@id\":\"https:\/\/lyon.intercontinental.com\/#\/schema\/logo\/image\/\",\"url\":\"https:\/\/lyon.intercontinental.com\/wp-content\/uploads\/sites\/6\/2023\/09\/ihg-lyon-hotel-dieu-hotel-logo.svg\",\"contentUrl\":\"https:\/\/lyon.intercontinental.com\/wp-content\/uploads\/sites\/6\/2023\/09\/ihg-lyon-hotel-dieu-hotel-logo.svg\",\"caption\":\"InterContinental Lyon - H\u00f4tel Dieu\"},\"image\":{\"@id\":\"https:\/\/lyon.intercontinental.com\/#\/schema\/logo\/image\/\"},\"sameAs\":[\"https:\/\/www.facebook.com\/iclyonhoteldieu\/\",\"https:\/\/www.instagram.com\/iclyonhoteldieu\/\",\"https:\/\/www.linkedin.com\/company\/intercontinental-lyon-hotel-dieu\/\",\"https:\/\/www.tripadvisor.fr\/Hotel_Review-g187265-d15216091-Reviews-InterContinental_Lyon_Hotel_Dieu-Lyon_Rhone_Auvergne_Rhone_Alpes.html\"]}]}<\/script>\n<!-- \/ Yoast SEO plugin. -->","yoast_head_json":{"title":"Menus Le D\u00f4me Bar - InterContinental Lyon Hotel Dieu","robots":{"index":"index","follow":"follow","max-snippet":"max-snippet:-1","max-image-preview":"max-image-preview:large","max-video-preview":"max-video-preview:-1"},"canonical":"https:\/\/lyon.intercontinental.com\/en\/menus-le-dome-bar\/","og_locale":"en_US","og_type":"article","og_title":"Menus Le D\u00f4me Bar - InterContinental Lyon Hotel Dieu","og_description":"Menus Welcome under the Grand D\u00f4me. Under its impressive keystone of 32 meters, brainchild of architect Soufflot, Le D\u00f4me is the nerve centre of the hotel.&nbsp;","og_url":"https:\/\/lyon.intercontinental.com\/en\/menus-le-dome-bar\/","og_site_name":"InterContinental Lyon Hotel Dieu","article_publisher":"https:\/\/www.facebook.com\/iclyonhoteldieu\/","article_modified_time":"2025-03-26T09:39:06+00:00","og_image":[{"width":1136,"height":1125,"url":"https:\/\/lyon.intercontinental.com\/wp-content\/uploads\/sites\/6\/2021\/06\/Dome_logo_RVB.jpg","type":"image\/jpeg"}],"twitter_card":"summary_large_image","twitter_misc":{"Est. reading time":"2 minutes"},"schema":{"@context":"https:\/\/schema.org","@graph":[{"@type":"WebPage","@id":"https:\/\/lyon.intercontinental.com\/en\/menus-le-dome-bar\/","url":"https:\/\/lyon.intercontinental.com\/en\/menus-le-dome-bar\/","name":"Menus Le D\u00f4me Bar - InterContinental Lyon Hotel Dieu","isPartOf":{"@id":"https:\/\/lyon.intercontinental.com\/#website"},"primaryImageOfPage":{"@id":"https:\/\/lyon.intercontinental.com\/en\/menus-le-dome-bar\/#primaryimage"},"image":{"@id":"https:\/\/lyon.intercontinental.com\/en\/menus-le-dome-bar\/#primaryimage"},"thumbnailUrl":"https:\/\/lyon.intercontinental.com\/wp-content\/uploads\/sites\/6\/2021\/06\/Dome_logo_RVB-1024x1014.jpg","datePublished":"2021-06-18T08:17:07+00:00","dateModified":"2025-03-26T09:39:06+00:00","breadcrumb":{"@id":"https:\/\/lyon.intercontinental.com\/en\/menus-le-dome-bar\/#breadcrumb"},"inLanguage":"en-US","potentialAction":[{"@type":"ReadAction","target":["https:\/\/lyon.intercontinental.com\/en\/menus-le-dome-bar\/"]}]},{"@type":"ImageObject","inLanguage":"en-US","@id":"https:\/\/lyon.intercontinental.com\/en\/menus-le-dome-bar\/#primaryimage","url":"https:\/\/lyon.intercontinental.com\/wp-content\/uploads\/sites\/6\/2021\/06\/Dome_logo_RVB-1024x1014.jpg","contentUrl":"https:\/\/lyon.intercontinental.com\/wp-content\/uploads\/sites\/6\/2021\/06\/Dome_logo_RVB-1024x1014.jpg"},{"@type":"BreadcrumbList","@id":"https:\/\/lyon.intercontinental.com\/en\/menus-le-dome-bar\/#breadcrumb","itemListElement":[{"@type":"ListItem","position":1,"name":"Home","item":"https:\/\/lyon.intercontinental.com\/en\/"},{"@type":"ListItem","position":2,"name":"Menus Le D\u00f4me Bar"}]},{"@type":"WebSite","@id":"https:\/\/lyon.intercontinental.com\/#website","url":"https:\/\/lyon.intercontinental.com\/","name":"InterContinental Lyon - H\u00f4tel Dieu","description":"Live the InterContinental Life","publisher":{"@id":"https:\/\/lyon.intercontinental.com\/#organization"},"alternateName":"InterContinental Lyon","potentialAction":[{"@type":"SearchAction","target":{"@type":"EntryPoint","urlTemplate":"https:\/\/lyon.intercontinental.com\/?s={search_term_string}"},"query-input":{"@type":"PropertyValueSpecification","valueRequired":true,"valueName":"search_term_string"}}],"inLanguage":"en-US"},{"@type":"Organization","@id":"https:\/\/lyon.intercontinental.com\/#organization","name":"InterContinental Lyon - H\u00f4tel Dieu","alternateName":"InterContinental Lyon","url":"https:\/\/lyon.intercontinental.com\/","logo":{"@type":"ImageObject","inLanguage":"en-US","@id":"https:\/\/lyon.intercontinental.com\/#\/schema\/logo\/image\/","url":"https:\/\/lyon.intercontinental.com\/wp-content\/uploads\/sites\/6\/2023\/09\/ihg-lyon-hotel-dieu-hotel-logo.svg","contentUrl":"https:\/\/lyon.intercontinental.com\/wp-content\/uploads\/sites\/6\/2023\/09\/ihg-lyon-hotel-dieu-hotel-logo.svg","caption":"InterContinental Lyon - H\u00f4tel Dieu"},"image":{"@id":"https:\/\/lyon.intercontinental.com\/#\/schema\/logo\/image\/"},"sameAs":["https:\/\/www.facebook.com\/iclyonhoteldieu\/","https:\/\/www.instagram.com\/iclyonhoteldieu\/","https:\/\/www.linkedin.com\/company\/intercontinental-lyon-hotel-dieu\/","https:\/\/www.tripadvisor.fr\/Hotel_Review-g187265-d15216091-Reviews-InterContinental_Lyon_Hotel_Dieu-Lyon_Rhone_Auvergne_Rhone_Alpes.html"]}]}},"_links":{"self":[{"href":"https:\/\/lyon.intercontinental.com\/en\/wp-json\/wp\/v2\/pages\/6780","targetHints":{"allow":["GET"]}}],"collection":[{"href":"https:\/\/lyon.intercontinental.com\/en\/wp-json\/wp\/v2\/pages"}],"about":[{"href":"https:\/\/lyon.intercontinental.com\/en\/wp-json\/wp\/v2\/types\/page"}],"author":[{"embeddable":true,"href":"https:\/\/lyon.intercontinental.com\/en\/wp-json\/wp\/v2\/users\/1"}],"replies":[{"embeddable":true,"href":"https:\/\/lyon.intercontinental.com\/en\/wp-json\/wp\/v2\/comments?post=6780"}],"version-history":[{"count":3,"href":"https:\/\/lyon.intercontinental.com\/en\/wp-json\/wp\/v2\/pages\/6780\/revisions"}],"predecessor-version":[{"id":20493,"href":"https:\/\/lyon.intercontinental.com\/en\/wp-json\/wp\/v2\/pages\/6780\/revisions\/20493"}],"wp:attachment":[{"href":"https:\/\/lyon.intercontinental.com\/en\/wp-json\/wp\/v2\/media?parent=6780"}],"curies":[{"name":"wp","href":"https:\/\/api.w.org\/{rel}","templated":true}]}}