{"id":20760,"date":"2025-04-09T17:37:17","date_gmt":"2025-04-09T15:37:17","guid":{"rendered":"https:\/\/lyon.intercontinental.com\/?page_id=20760"},"modified":"2025-04-10T10:58:36","modified_gmt":"2025-04-10T08:58:36","slug":"discover-lyon-day3","status":"publish","type":"page","link":"https:\/\/lyon.intercontinental.com\/en\/discover-lyon-day3\/","title":{"rendered":"Discover Lyon &#8211; Day 3"},"content":{"rendered":"\r\n\r\n\r\n\r\n  <!-- Swiper hero -->\r\n  <div id=\"slideshow-block_f8633fd60a0a7f20646aed73d947dc0a\" class=\"row \">  \r\n    <div class=\"swiper d-swiper-container hero\" data-swiper={\"navigation\":{\"enabled\":false}}>\r\n      <div class=\"swiper-wrapper\">\r\n                    <div class=\"swiper-slide\">\r\n                              <span aria-hidden=\"true\" class=\"slide-e-background has-background-dim-30  has-background has-charcoal-grey-background-color\"><\/span>\r\n                                            <img decoding=\"async\" src=\"https:\/\/lyon.intercontinental.com\/wp-content\/uploads\/sites\/6\/2024\/09\/Conference-de-presse-de-lancement-c-MANONCHARON-114-edited-scaled.jpg\"\r\n                sizes=\"(max-width: 2000px) 100vw, 2000px\"\r\n                srcset=\"https:\/\/lyon.intercontinental.com\/wp-content\/uploads\/sites\/6\/2024\/09\/Conference-de-presse-de-lancement-c-MANONCHARON-114-edited-scaled.jpg 2560w,\r\n                        https:\/\/lyon.intercontinental.com\/wp-content\/uploads\/sites\/6\/2024\/09\/Conference-de-presse-de-lancement-c-MANONCHARON-114-edited-1024x682.jpg 1024w,\r\n                        https:\/\/lyon.intercontinental.com\/wp-content\/uploads\/sites\/6\/2024\/09\/Conference-de-presse-de-lancement-c-MANONCHARON-114-edited-768x512.jpg 768w\"\r\n                        alt=\"Conf\u00e9rence de presse de lancement (c) MANONCHARON (114)\"\/>\r\n                                            <div class=\"slide-e-content d-none d-md-block\">\r\n                                      <h1 class=\"title\">Discover Lyon &#8211; Day 3<\/h1>\r\n                                                                      <\/div>\r\n                          <\/div>\r\n                <\/div>\r\n            <\/div>\r\n  <\/div>\r\n  <!-- End Swiper hero -->\r\n\r\n \n\n\n<div style=\"height:51px\" aria-hidden=\"true\" class=\"wp-block-spacer\"><\/div>\n\n\n\n<p class=\"has-text-align-center\"><strong>DISCOVER EMBLEMATIC PLACES NEAR LYON <\/strong><br><br><strong>Visit and tastings in our wine regions<\/strong><\/p>\n\n\n\n<p class=\"has-text-align-center\">Near Lyon we can organize a private day tour in Beaujolais, C\u00f4te Rotie, C\u00f4tes du Rh\u00f4ne or Burgundy. Depending of your choice, in a luxury vehicle or in a vintage Land Rover, <br>the wines you will taste come from a selection among the most prestigious Crus and you will have the privilege of being received by the producers in person for a private tour of the vines <br>and cellars, associated with commented tastings.<br><br> We can offer your lunch in the vineyards, depending on the weather, or in a local restaurant<br><\/p>\n\n\n\n<p class=\"has-text-align-center\"><\/p>\n\n\n\n<div class=\"wp-block-columns is-layout-flex wp-container-core-columns-is-layout-28f84493 wp-block-columns-is-layout-flex\">\n<div class=\"wp-block-column is-layout-flow wp-block-column-is-layout-flow\">\n<div class=\"wp-block-columns is-layout-flex wp-container-core-columns-is-layout-28f84493 wp-block-columns-is-layout-flex\">\n<div class=\"wp-block-column is-layout-flow wp-block-column-is-layout-flow\">\n<div class=\"wp-block-columns is-layout-flex wp-container-core-columns-is-layout-28f84493 wp-block-columns-is-layout-flex\">\n<div class=\"wp-block-column is-vertically-aligned-center is-layout-flow wp-block-column-is-layout-flow\">\n<div class=\"wp-block-columns is-layout-flex wp-container-core-columns-is-layout-28f84493 wp-block-columns-is-layout-flex\">\n<div class=\"wp-block-column is-layout-flow wp-block-column-is-layout-flow\">\n<figure class=\"wp-block-image alignright size-large is-resized\"><img decoding=\"async\" width=\"1009\" height=\"672\" src=\"https:\/\/lyon.intercontinental.com\/wp-content\/uploads\/sites\/6\/2025\/04\/vigne1-edited.jpg\" alt=\"\" class=\"wp-image-20763\" style=\"width:443px;height:auto\" srcset=\"https:\/\/lyon.intercontinental.com\/wp-content\/uploads\/sites\/6\/2025\/04\/vigne1-edited.jpg 1009w, https:\/\/lyon.intercontinental.com\/wp-content\/uploads\/sites\/6\/2025\/04\/vigne1-edited-300x200.jpg 300w, https:\/\/lyon.intercontinental.com\/wp-content\/uploads\/sites\/6\/2025\/04\/vigne1-edited-768x511.jpg 768w\" sizes=\"(max-width: 1009px) 100vw, 1009px\" \/><\/figure>\n<\/div>\n\n\n\n<div class=\"wp-block-column is-layout-flow wp-block-column-is-layout-flow\">\n<figure class=\"wp-block-image size-full is-resized\"><img decoding=\"async\" width=\"556\" height=\"371\" src=\"https:\/\/lyon.intercontinental.com\/wp-content\/uploads\/sites\/6\/2025\/04\/vigne2-edited.jpg\" alt=\"\" class=\"wp-image-20767\" style=\"width:438px;height:auto\" srcset=\"https:\/\/lyon.intercontinental.com\/wp-content\/uploads\/sites\/6\/2025\/04\/vigne2-edited.jpg 556w, https:\/\/lyon.intercontinental.com\/wp-content\/uploads\/sites\/6\/2025\/04\/vigne2-edited-300x200.jpg 300w\" sizes=\"(max-width: 556px) 100vw, 556px\" \/><\/figure>\n<\/div>\n<\/div>\n<\/div>\n<\/div>\n<\/div>\n<\/div>\n<\/div>\n<\/div>\n\n\n\n<p class=\"has-text-align-center\"><\/p>\n\n\n\n<p class=\"has-text-align-center\"><strong>Visit Annecy<\/strong><br>Discover the Venice of the Alps! Annecy is renowned for its Old Town with its cobbled streets, winding canals, and pastel-colored houses. <br>Overlooking the town, the medieval castle is the former residence of the Counts of Geneva. Take a lake cruise!<\/p>\n\n\n\n<div class=\"wp-block-columns is-layout-flex wp-container-core-columns-is-layout-28f84493 wp-block-columns-is-layout-flex\">\n<div class=\"wp-block-column is-layout-flow wp-block-column-is-layout-flow\">\n<figure class=\"wp-block-image alignright size-full is-resized\"><img decoding=\"async\" width=\"593\" height=\"396\" src=\"https:\/\/lyon.intercontinental.com\/wp-content\/uploads\/sites\/6\/2025\/04\/annecy1.jpg\" alt=\"\" class=\"wp-image-20770\" style=\"width:439px;height:auto\" srcset=\"https:\/\/lyon.intercontinental.com\/wp-content\/uploads\/sites\/6\/2025\/04\/annecy1.jpg 593w, https:\/\/lyon.intercontinental.com\/wp-content\/uploads\/sites\/6\/2025\/04\/annecy1-300x200.jpg 300w\" sizes=\"(max-width: 593px) 100vw, 593px\" \/><\/figure>\n<\/div>\n\n\n\n<div class=\"wp-block-column is-layout-flow wp-block-column-is-layout-flow\">\n<figure class=\"wp-block-image size-full is-resized\"><img decoding=\"async\" width=\"593\" height=\"395\" src=\"https:\/\/lyon.intercontinental.com\/wp-content\/uploads\/sites\/6\/2025\/04\/annecy2-edited.jpg\" alt=\"\" class=\"wp-image-20774\" style=\"width:440px;height:auto\" srcset=\"https:\/\/lyon.intercontinental.com\/wp-content\/uploads\/sites\/6\/2025\/04\/annecy2-edited.jpg 593w, https:\/\/lyon.intercontinental.com\/wp-content\/uploads\/sites\/6\/2025\/04\/annecy2-edited-300x200.jpg 300w\" sizes=\"(max-width: 593px) 100vw, 593px\" \/><\/figure>\n<\/div>\n<\/div>\n\n\n\n<p class=\"has-text-align-center\"><\/p>\n\n\n\n<p class=\"has-text-align-center\"><strong><strong>Visit Beaune<\/strong><\/strong><br>Beaune is a fortified city located in Burgundy. Surrounded by vineyards, the cobbled-street town is famous for its former Gothic-style medieval hospital: Les Hospices de Beaune. <br>Recognizable by its colorful, geometric tiles roof. It is now a museum displaying masterpieces such as Rogier van der Weyden\u2019s The Last Judgment<\/p>\n\n\n\n<figure class=\"wp-block-image aligncenter size-large is-resized\"><img decoding=\"async\" width=\"1024\" height=\"576\" src=\"https:\/\/lyon.intercontinental.com\/wp-content\/uploads\/sites\/6\/2025\/04\/beaune-1024x576.jpg\" alt=\"\" class=\"wp-image-20798\" style=\"object-fit:cover;width:558px;height:auto\" srcset=\"https:\/\/lyon.intercontinental.com\/wp-content\/uploads\/sites\/6\/2025\/04\/beaune-1024x576.jpg 1024w, https:\/\/lyon.intercontinental.com\/wp-content\/uploads\/sites\/6\/2025\/04\/beaune-300x169.jpg 300w, https:\/\/lyon.intercontinental.com\/wp-content\/uploads\/sites\/6\/2025\/04\/beaune-768x432.jpg 768w, https:\/\/lyon.intercontinental.com\/wp-content\/uploads\/sites\/6\/2025\/04\/beaune-1536x864.jpg 1536w, https:\/\/lyon.intercontinental.com\/wp-content\/uploads\/sites\/6\/2025\/04\/beaune.jpg 1600w\" sizes=\"(max-width: 1024px) 100vw, 1024px\" \/><\/figure>\n\n\n\n<p class=\"has-text-align-center\"><br><strong>Helicopter flight<\/strong><br>Fly by helicopter to discover the French Alps, to the most famous French ski resorts such as Courchevel, Meg\u00e8ve, Val d\u2019Is\u00e8re, \u2026 <br>Or simply for a helicopter flight baptism flying over the Lyon region.<\/p>\n\n\n\n<div class=\"wp-block-columns is-layout-flex wp-container-core-columns-is-layout-28f84493 wp-block-columns-is-layout-flex\">\n<div class=\"wp-block-column is-layout-flow wp-block-column-is-layout-flow\">\n<figure class=\"wp-block-image alignright size-full is-resized\"><img decoding=\"async\" width=\"682\" height=\"384\" src=\"https:\/\/lyon.intercontinental.com\/wp-content\/uploads\/sites\/6\/2025\/04\/heli-edited.jpg\" alt=\"\" class=\"wp-image-20807\" style=\"width:515px;height:auto\" srcset=\"https:\/\/lyon.intercontinental.com\/wp-content\/uploads\/sites\/6\/2025\/04\/heli-edited.jpg 682w, https:\/\/lyon.intercontinental.com\/wp-content\/uploads\/sites\/6\/2025\/04\/heli-edited-300x169.jpg 300w\" sizes=\"(max-width: 682px) 100vw, 682px\" \/><\/figure>\n<\/div>\n\n\n\n<div class=\"wp-block-column is-layout-flow wp-block-column-is-layout-flow\">\n<figure class=\"wp-block-image size-full is-resized\"><img decoding=\"async\" width=\"691\" height=\"389\" src=\"https:\/\/lyon.intercontinental.com\/wp-content\/uploads\/sites\/6\/2025\/04\/heli2-edited.jpg\" alt=\"\" class=\"wp-image-20805\" style=\"width:513px;height:auto\" srcset=\"https:\/\/lyon.intercontinental.com\/wp-content\/uploads\/sites\/6\/2025\/04\/heli2-edited.jpg 691w, https:\/\/lyon.intercontinental.com\/wp-content\/uploads\/sites\/6\/2025\/04\/heli2-edited-300x169.jpg 300w\" sizes=\"(max-width: 691px) 100vw, 691px\" \/><\/figure>\n<\/div>\n<\/div>\n\n\n\n<p class=\"has-text-align-center\"><br><strong>EVENING<\/strong><\/p>\n\n\n\n<p class=\"has-text-align-center\"><strong>Dinner at the top of Fourviere hill<\/strong><br>Bulle is the gourmet bistro restaurant of the Michelin-starred Guy Lassausaie (Meilleur Ouvrier de France). The Chef offers refined and incentive cuisine, <br>based on local and seasonal products. It\u2019s a place to completely unwind with a panoramic view of the entire city. Bulle restaurant is a warm, friendly, understated and elegant setting. <br>During the sunny days, you can enjoy the panoramic terrace.<\/p>\n\n\n\n<p class=\"has-text-align-center\"><\/p>\n\n\n\n<div class=\"wp-block-columns is-layout-flex wp-container-core-columns-is-layout-28f84493 wp-block-columns-is-layout-flex\">\n<div class=\"wp-block-column is-layout-flow wp-block-column-is-layout-flow\">\n<figure class=\"wp-block-image aligncenter size-full is-resized\"><img decoding=\"async\" width=\"821\" height=\"462\" src=\"https:\/\/lyon.intercontinental.com\/wp-content\/uploads\/sites\/6\/2025\/04\/bulle1-edited.jpg\" alt=\"\" class=\"wp-image-20785\" style=\"aspect-ratio:16\/9;object-fit:cover;width:521px;height:auto\" srcset=\"https:\/\/lyon.intercontinental.com\/wp-content\/uploads\/sites\/6\/2025\/04\/bulle1-edited.jpg 821w, https:\/\/lyon.intercontinental.com\/wp-content\/uploads\/sites\/6\/2025\/04\/bulle1-edited-300x169.jpg 300w, https:\/\/lyon.intercontinental.com\/wp-content\/uploads\/sites\/6\/2025\/04\/bulle1-edited-768x432.jpg 768w\" sizes=\"(max-width: 821px) 100vw, 821px\" \/><\/figure>\n<\/div>\n<\/div>\n\n\n\n<div style=\"height:58px\" aria-hidden=\"true\" class=\"wp-block-spacer\"><\/div>\n\n\n\n<p class=\"has-text-align-center\"><strong>Keep Discovering<\/strong><\/p>\n\n\n\n<div class=\"wp-block-columns is-layout-flex wp-container-core-columns-is-layout-28f84493 wp-block-columns-is-layout-flex\">\n<div class=\"wp-block-column is-layout-flow wp-block-column-is-layout-flow\">\n<p class=\"has-text-align-center\"><strong>Day 1<\/strong><\/p>\n<\/div>\n\n\n\n<div class=\"wp-block-column is-layout-flow wp-block-column-is-layout-flow\">\n<p class=\"has-text-align-center\"><strong>Day 2<\/strong><\/p>\n<\/div>\n<\/div>\n\n\n\n<div class=\"wp-block-columns is-layout-flex wp-container-core-columns-is-layout-28f84493 wp-block-columns-is-layout-flex\">\n<div class=\"wp-block-column is-layout-flow wp-block-column-is-layout-flow\">\n<figure class=\"wp-block-image aligncenter size-full is-resized\"><img decoding=\"async\" width=\"693\" height=\"390\" src=\"https:\/\/lyon.intercontinental.com\/wp-content\/uploads\/sites\/6\/2025\/04\/Lyon1-edited-4.jpg\" alt=\"\" class=\"wp-image-20751\" style=\"width:498px;height:auto\" srcset=\"https:\/\/lyon.intercontinental.com\/wp-content\/uploads\/sites\/6\/2025\/04\/Lyon1-edited-4.jpg 693w, https:\/\/lyon.intercontinental.com\/wp-content\/uploads\/sites\/6\/2025\/04\/Lyon1-edited-4-300x169.jpg 300w\" sizes=\"(max-width: 693px) 100vw, 693px\" \/><\/figure>\n<\/div>\n\n\n\n<div class=\"wp-block-column is-layout-flow wp-block-column-is-layout-flow\">\n<figure class=\"wp-block-image aligncenter size-full is-resized\"><img decoding=\"async\" width=\"503\" height=\"283\" src=\"https:\/\/lyon.intercontinental.com\/wp-content\/uploads\/sites\/6\/2025\/04\/Soie1-edited-5.jpg\" alt=\"\" class=\"wp-image-20780\" style=\"width:505px;height:auto\" srcset=\"https:\/\/lyon.intercontinental.com\/wp-content\/uploads\/sites\/6\/2025\/04\/Soie1-edited-5.jpg 503w, https:\/\/lyon.intercontinental.com\/wp-content\/uploads\/sites\/6\/2025\/04\/Soie1-edited-5-300x169.jpg 300w\" sizes=\"(max-width: 503px) 100vw, 503px\" \/><\/figure>\n<\/div>\n<\/div>\n\n\n\n<div class=\"wp-block-columns is-layout-flex wp-container-core-columns-is-layout-28f84493 wp-block-columns-is-layout-flex\">\n<div class=\"wp-block-column is-layout-flow wp-block-column-is-layout-flow\">\n<p class=\"has-text-align-center\"><a href=\"https:\/\/lyon.intercontinental.com\/en\/discover-lyon-day1\/\" target=\"_blank\" rel=\"noreferrer noopener\"><em>Learn more<\/em><\/a><\/p>\n<\/div>\n\n\n\n<div class=\"wp-block-column is-layout-flow wp-block-column-is-layout-flow\">\n<p class=\"has-text-align-center\"><em><a href=\"https:\/\/lyon.intercontinental.com\/en\/discover-lyon-day2\/\">Learn more<\/a><\/em><\/p>\n<\/div>\n<\/div>\n\n\n\n<p><\/p>\n","protected":false},"excerpt":{"rendered":"<p>DISCOVER EMBLEMATIC PLACES NEAR LYON Visit and tastings in our wine regions Near Lyon we can organize a private day tour in Beaujolais, C\u00f4te Rotie, C\u00f4tes du Rh\u00f4ne or Burgundy. Depending of your choice, in a luxury vehicle or in [&hellip;]<\/p>\n","protected":false},"author":6,"featured_media":0,"parent":0,"menu_order":0,"comment_status":"closed","ping_status":"closed","template":"","meta":{"_acf_changed":false,"footnotes":""},"class_list":["post-20760","page","type-page","status-publish","hentry"],"acf":[],"yoast_head":"<!-- This site is optimized with the Yoast SEO plugin v26.2 - https:\/\/yoast.com\/wordpress\/plugins\/seo\/ -->\n<title>Discover Lyon - Day 3 - InterContinental Lyon Hotel Dieu<\/title>\n<meta name=\"robots\" content=\"index, follow, max-snippet:-1, max-image-preview:large, max-video-preview:-1\" \/>\n<link rel=\"canonical\" href=\"https:\/\/lyon.intercontinental.com\/en\/discover-lyon-day3\/\" \/>\n<meta property=\"og:locale\" content=\"en_US\" \/>\n<meta property=\"og:type\" content=\"article\" \/>\n<meta property=\"og:title\" content=\"Discover Lyon - Day 3 - InterContinental Lyon Hotel Dieu\" \/>\n<meta property=\"og:description\" content=\"DISCOVER EMBLEMATIC PLACES NEAR LYON Visit and tastings in our wine regions Near Lyon we can organize a private day tour in Beaujolais, C\u00f4te Rotie, C\u00f4tes du Rh\u00f4ne or Burgundy. Depending of your choice, in a luxury vehicle or in [&hellip;]\" \/>\n<meta property=\"og:url\" content=\"https:\/\/lyon.intercontinental.com\/en\/discover-lyon-day3\/\" \/>\n<meta property=\"og:site_name\" content=\"InterContinental Lyon Hotel Dieu\" \/>\n<meta property=\"article:publisher\" content=\"https:\/\/www.facebook.com\/iclyonhoteldieu\/\" \/>\n<meta property=\"article:modified_time\" content=\"2025-04-10T08:58:36+00:00\" \/>\n<meta property=\"og:image\" content=\"https:\/\/lyon.intercontinental.com\/wp-content\/uploads\/sites\/6\/2025\/04\/vigne1-edited.jpg\" \/>\n<meta name=\"twitter:card\" content=\"summary_large_image\" \/>\n<meta name=\"twitter:label1\" content=\"Est. reading time\" \/>\n\t<meta name=\"twitter:data1\" content=\"4 minutes\" \/>\n<script type=\"application\/ld+json\" class=\"yoast-schema-graph\">{\"@context\":\"https:\/\/schema.org\",\"@graph\":[{\"@type\":\"WebPage\",\"@id\":\"https:\/\/lyon.intercontinental.com\/en\/discover-lyon-day3\/\",\"url\":\"https:\/\/lyon.intercontinental.com\/en\/discover-lyon-day3\/\",\"name\":\"Discover Lyon - Day 3 - InterContinental Lyon Hotel Dieu\",\"isPartOf\":{\"@id\":\"https:\/\/lyon.intercontinental.com\/#website\"},\"primaryImageOfPage\":{\"@id\":\"https:\/\/lyon.intercontinental.com\/en\/discover-lyon-day3\/#primaryimage\"},\"image\":{\"@id\":\"https:\/\/lyon.intercontinental.com\/en\/discover-lyon-day3\/#primaryimage\"},\"thumbnailUrl\":\"https:\/\/lyon.intercontinental.com\/wp-content\/uploads\/sites\/6\/2025\/04\/vigne1-edited.jpg\",\"datePublished\":\"2025-04-09T15:37:17+00:00\",\"dateModified\":\"2025-04-10T08:58:36+00:00\",\"breadcrumb\":{\"@id\":\"https:\/\/lyon.intercontinental.com\/en\/discover-lyon-day3\/#breadcrumb\"},\"inLanguage\":\"en-US\",\"potentialAction\":[{\"@type\":\"ReadAction\",\"target\":[\"https:\/\/lyon.intercontinental.com\/en\/discover-lyon-day3\/\"]}]},{\"@type\":\"ImageObject\",\"inLanguage\":\"en-US\",\"@id\":\"https:\/\/lyon.intercontinental.com\/en\/discover-lyon-day3\/#primaryimage\",\"url\":\"https:\/\/lyon.intercontinental.com\/wp-content\/uploads\/sites\/6\/2025\/04\/vigne1-edited.jpg\",\"contentUrl\":\"https:\/\/lyon.intercontinental.com\/wp-content\/uploads\/sites\/6\/2025\/04\/vigne1-edited.jpg\"},{\"@type\":\"BreadcrumbList\",\"@id\":\"https:\/\/lyon.intercontinental.com\/en\/discover-lyon-day3\/#breadcrumb\",\"itemListElement\":[{\"@type\":\"ListItem\",\"position\":1,\"name\":\"Home\",\"item\":\"https:\/\/lyon.intercontinental.com\/en\/\"},{\"@type\":\"ListItem\",\"position\":2,\"name\":\"Discover Lyon &#8211; Day 3\"}]},{\"@type\":\"WebSite\",\"@id\":\"https:\/\/lyon.intercontinental.com\/#website\",\"url\":\"https:\/\/lyon.intercontinental.com\/\",\"name\":\"InterContinental Lyon - H\u00f4tel Dieu\",\"description\":\"Live the InterContinental Life\",\"publisher\":{\"@id\":\"https:\/\/lyon.intercontinental.com\/#organization\"},\"alternateName\":\"InterContinental Lyon\",\"potentialAction\":[{\"@type\":\"SearchAction\",\"target\":{\"@type\":\"EntryPoint\",\"urlTemplate\":\"https:\/\/lyon.intercontinental.com\/?s={search_term_string}\"},\"query-input\":{\"@type\":\"PropertyValueSpecification\",\"valueRequired\":true,\"valueName\":\"search_term_string\"}}],\"inLanguage\":\"en-US\"},{\"@type\":\"Organization\",\"@id\":\"https:\/\/lyon.intercontinental.com\/#organization\",\"name\":\"InterContinental Lyon - H\u00f4tel Dieu\",\"alternateName\":\"InterContinental Lyon\",\"url\":\"https:\/\/lyon.intercontinental.com\/\",\"logo\":{\"@type\":\"ImageObject\",\"inLanguage\":\"en-US\",\"@id\":\"https:\/\/lyon.intercontinental.com\/#\/schema\/logo\/image\/\",\"url\":\"https:\/\/lyon.intercontinental.com\/wp-content\/uploads\/sites\/6\/2023\/09\/ihg-lyon-hotel-dieu-hotel-logo.svg\",\"contentUrl\":\"https:\/\/lyon.intercontinental.com\/wp-content\/uploads\/sites\/6\/2023\/09\/ihg-lyon-hotel-dieu-hotel-logo.svg\",\"caption\":\"InterContinental Lyon - H\u00f4tel Dieu\"},\"image\":{\"@id\":\"https:\/\/lyon.intercontinental.com\/#\/schema\/logo\/image\/\"},\"sameAs\":[\"https:\/\/www.facebook.com\/iclyonhoteldieu\/\",\"https:\/\/www.instagram.com\/iclyonhoteldieu\/\",\"https:\/\/www.linkedin.com\/company\/intercontinental-lyon-hotel-dieu\/\",\"https:\/\/www.tripadvisor.fr\/Hotel_Review-g187265-d15216091-Reviews-InterContinental_Lyon_Hotel_Dieu-Lyon_Rhone_Auvergne_Rhone_Alpes.html\"]}]}<\/script>\n<!-- \/ Yoast SEO plugin. -->","yoast_head_json":{"title":"Discover Lyon - Day 3 - InterContinental Lyon Hotel Dieu","robots":{"index":"index","follow":"follow","max-snippet":"max-snippet:-1","max-image-preview":"max-image-preview:large","max-video-preview":"max-video-preview:-1"},"canonical":"https:\/\/lyon.intercontinental.com\/en\/discover-lyon-day3\/","og_locale":"en_US","og_type":"article","og_title":"Discover Lyon - Day 3 - InterContinental Lyon Hotel Dieu","og_description":"DISCOVER EMBLEMATIC PLACES NEAR LYON Visit and tastings in our wine regions Near Lyon we can organize a private day tour in Beaujolais, C\u00f4te Rotie, C\u00f4tes du Rh\u00f4ne or Burgundy. Depending of your choice, in a luxury vehicle or in [&hellip;]","og_url":"https:\/\/lyon.intercontinental.com\/en\/discover-lyon-day3\/","og_site_name":"InterContinental Lyon Hotel Dieu","article_publisher":"https:\/\/www.facebook.com\/iclyonhoteldieu\/","article_modified_time":"2025-04-10T08:58:36+00:00","og_image":[{"url":"https:\/\/lyon.intercontinental.com\/wp-content\/uploads\/sites\/6\/2025\/04\/vigne1-edited.jpg","type":"","width":"","height":""}],"twitter_card":"summary_large_image","twitter_misc":{"Est. reading time":"4 minutes"},"schema":{"@context":"https:\/\/schema.org","@graph":[{"@type":"WebPage","@id":"https:\/\/lyon.intercontinental.com\/en\/discover-lyon-day3\/","url":"https:\/\/lyon.intercontinental.com\/en\/discover-lyon-day3\/","name":"Discover Lyon - Day 3 - InterContinental Lyon Hotel Dieu","isPartOf":{"@id":"https:\/\/lyon.intercontinental.com\/#website"},"primaryImageOfPage":{"@id":"https:\/\/lyon.intercontinental.com\/en\/discover-lyon-day3\/#primaryimage"},"image":{"@id":"https:\/\/lyon.intercontinental.com\/en\/discover-lyon-day3\/#primaryimage"},"thumbnailUrl":"https:\/\/lyon.intercontinental.com\/wp-content\/uploads\/sites\/6\/2025\/04\/vigne1-edited.jpg","datePublished":"2025-04-09T15:37:17+00:00","dateModified":"2025-04-10T08:58:36+00:00","breadcrumb":{"@id":"https:\/\/lyon.intercontinental.com\/en\/discover-lyon-day3\/#breadcrumb"},"inLanguage":"en-US","potentialAction":[{"@type":"ReadAction","target":["https:\/\/lyon.intercontinental.com\/en\/discover-lyon-day3\/"]}]},{"@type":"ImageObject","inLanguage":"en-US","@id":"https:\/\/lyon.intercontinental.com\/en\/discover-lyon-day3\/#primaryimage","url":"https:\/\/lyon.intercontinental.com\/wp-content\/uploads\/sites\/6\/2025\/04\/vigne1-edited.jpg","contentUrl":"https:\/\/lyon.intercontinental.com\/wp-content\/uploads\/sites\/6\/2025\/04\/vigne1-edited.jpg"},{"@type":"BreadcrumbList","@id":"https:\/\/lyon.intercontinental.com\/en\/discover-lyon-day3\/#breadcrumb","itemListElement":[{"@type":"ListItem","position":1,"name":"Home","item":"https:\/\/lyon.intercontinental.com\/en\/"},{"@type":"ListItem","position":2,"name":"Discover Lyon &#8211; Day 3"}]},{"@type":"WebSite","@id":"https:\/\/lyon.intercontinental.com\/#website","url":"https:\/\/lyon.intercontinental.com\/","name":"InterContinental Lyon - H\u00f4tel Dieu","description":"Live the InterContinental Life","publisher":{"@id":"https:\/\/lyon.intercontinental.com\/#organization"},"alternateName":"InterContinental Lyon","potentialAction":[{"@type":"SearchAction","target":{"@type":"EntryPoint","urlTemplate":"https:\/\/lyon.intercontinental.com\/?s={search_term_string}"},"query-input":{"@type":"PropertyValueSpecification","valueRequired":true,"valueName":"search_term_string"}}],"inLanguage":"en-US"},{"@type":"Organization","@id":"https:\/\/lyon.intercontinental.com\/#organization","name":"InterContinental Lyon - H\u00f4tel Dieu","alternateName":"InterContinental Lyon","url":"https:\/\/lyon.intercontinental.com\/","logo":{"@type":"ImageObject","inLanguage":"en-US","@id":"https:\/\/lyon.intercontinental.com\/#\/schema\/logo\/image\/","url":"https:\/\/lyon.intercontinental.com\/wp-content\/uploads\/sites\/6\/2023\/09\/ihg-lyon-hotel-dieu-hotel-logo.svg","contentUrl":"https:\/\/lyon.intercontinental.com\/wp-content\/uploads\/sites\/6\/2023\/09\/ihg-lyon-hotel-dieu-hotel-logo.svg","caption":"InterContinental Lyon - H\u00f4tel Dieu"},"image":{"@id":"https:\/\/lyon.intercontinental.com\/#\/schema\/logo\/image\/"},"sameAs":["https:\/\/www.facebook.com\/iclyonhoteldieu\/","https:\/\/www.instagram.com\/iclyonhoteldieu\/","https:\/\/www.linkedin.com\/company\/intercontinental-lyon-hotel-dieu\/","https:\/\/www.tripadvisor.fr\/Hotel_Review-g187265-d15216091-Reviews-InterContinental_Lyon_Hotel_Dieu-Lyon_Rhone_Auvergne_Rhone_Alpes.html"]}]}},"_links":{"self":[{"href":"https:\/\/lyon.intercontinental.com\/en\/wp-json\/wp\/v2\/pages\/20760","targetHints":{"allow":["GET"]}}],"collection":[{"href":"https:\/\/lyon.intercontinental.com\/en\/wp-json\/wp\/v2\/pages"}],"about":[{"href":"https:\/\/lyon.intercontinental.com\/en\/wp-json\/wp\/v2\/types\/page"}],"author":[{"embeddable":true,"href":"https:\/\/lyon.intercontinental.com\/en\/wp-json\/wp\/v2\/users\/6"}],"replies":[{"embeddable":true,"href":"https:\/\/lyon.intercontinental.com\/en\/wp-json\/wp\/v2\/comments?post=20760"}],"version-history":[{"count":3,"href":"https:\/\/lyon.intercontinental.com\/en\/wp-json\/wp\/v2\/pages\/20760\/revisions"}],"predecessor-version":[{"id":20828,"href":"https:\/\/lyon.intercontinental.com\/en\/wp-json\/wp\/v2\/pages\/20760\/revisions\/20828"}],"wp:attachment":[{"href":"https:\/\/lyon.intercontinental.com\/en\/wp-json\/wp\/v2\/media?parent=20760"}],"curies":[{"name":"wp","href":"https:\/\/api.w.org\/{rel}","templated":true}]}}