{"id":18197,"date":"2024-08-09T14:32:17","date_gmt":"2024-08-09T12:32:17","guid":{"rendered":"https:\/\/lyon.intercontinental.com\/?page_id=18197"},"modified":"2026-04-16T16:50:14","modified_gmt":"2026-04-16T14:50:14","slug":"family-suite-2","status":"publish","type":"page","link":"https:\/\/lyon.intercontinental.com\/en\/suites\/family-suite-2\/","title":{"rendered":"Junior Suite River View"},"content":{"rendered":"\r\n\r\n\r\n\r\n  <!-- Swiper hero -->\r\n  <div id=\"slideshow-block_f4a2138321648d1be4c5e47e99503fbf\" class=\"row \">  \r\n    <div class=\"swiper d-swiper-container hero\" data-swiper={\"navigation\":{\"enabled\":false}}>\r\n      <div class=\"swiper-wrapper\">\r\n                    <div class=\"swiper-slide\">\r\n                              <span aria-hidden=\"true\" class=\"slide-e-background has-background-dim-30  has-background has-charcoal-grey-background-color\"><\/span>\r\n                                            <img decoding=\"async\" src=\"https:\/\/lyon.intercontinental.com\/wp-content\/uploads\/sites\/6\/2024\/10\/IHG-LYON-20246620-scaled.jpg\"\r\n                sizes=\"(max-width: 2000px) 100vw, 2000px\"\r\n                srcset=\"https:\/\/lyon.intercontinental.com\/wp-content\/uploads\/sites\/6\/2024\/10\/IHG-LYON-20246620-scaled.jpg 2560w,\r\n                        https:\/\/lyon.intercontinental.com\/wp-content\/uploads\/sites\/6\/2024\/10\/IHG-LYON-20246620-1024x644.jpg 1024w,\r\n                        https:\/\/lyon.intercontinental.com\/wp-content\/uploads\/sites\/6\/2024\/10\/IHG-LYON-20246620-768x483.jpg 768w\"\r\n                        alt=\"Spacious Junior Rh\u00f4ne View Suite with contemporary living area and large window \u2014 InterContinental Lyon\">\r\n                                            <div class=\"slide-e-content d-none d-md-block\">\r\n                                      <h1 class=\"title\">Junior Suite River View<\/h1>\r\n                                                        <h5 class=\"text-center white\">Spacious and open to the horizon<\/h5>\r\n                                                    <\/div>\r\n                          <\/div>\r\n                <\/div>\r\n            <\/div>\r\n  <\/div>\r\n  <!-- End Swiper hero -->\r\n\r\n \n\n\n<div style=\"height:30px\" aria-hidden=\"true\" class=\"wp-block-spacer\"><\/div>\n\n\n\n<div class=\"wp-block-columns pattern-2-col-text-and-slider is-layout-flex wp-container-core-columns-is-layout-28f84493 wp-block-columns-is-layout-flex\">\n<div class=\"wp-block-column is-vertically-aligned-bottom text-column is-layout-flow wp-block-column-is-layout-flow\" style=\"padding-top:var(--wp--preset--spacing--70);padding-right:var(--wp--preset--spacing--60);padding-bottom:var(--wp--preset--spacing--70);padding-left:var(--wp--preset--spacing--60);flex-basis:33.33%\">\n<h4 class=\"wp-block-heading\">SUITE<\/h4>\n\n\n\n<h2 class=\"wp-block-heading\">King Junior Suite River View<\/h2>\n\n\n\n<p>With a size ranging from 45 to 50 m\u00b2, the Junior Suite River View offer unparalleled comfort, featuring generous space and breathtaking views of the Rh\u00f4ne River and the city of Lyon.<\/p>\n\n\n\n<div class=\"wp-block-buttons is-layout-flex wp-block-buttons-is-layout-flex\">\n<div class=\"wp-block-button\"><a class=\"wp-block-button__link wp-element-button\" href=\"https:\/\/www.ihg.com\/intercontinental\/hotels\/us\/en\/lyon\/lysha\/hoteldetail\/rooms\" target=\"_blank\" rel=\"noreferrer noopener nofollow\">Book your stay<\/a><\/div>\n<\/div>\n<\/div>\n\n\n\n<div class=\"wp-block-column is-vertically-aligned-center is-layout-flow wp-block-column-is-layout-flow\" style=\"padding-right:var(--wp--preset--spacing--30);padding-left:var(--wp--preset--spacing--30);flex-basis:66.66%\">\r\n\r\n\r\n  <div id=\"slideshow-block_851f8285b4f173c19724e3a1ee14d0c8\" class=\"row\" data-aos=\"fade-in\">\r\n      <!-- Swiper -->\r\n      <div class=\"swiper d-swiper-container full\" data-swiper={\"autoplay\":false,\"slidesPerView\":1,\"effect\":\"creative\",\"creativeEffect\":{\"limitProgress\":2,\"prev\":{\"translate\":[\"-100%\",0,0]},\"next\":{\"translate\":[\"100%\",0,0]}},\"speed\":1000} style=\"height:66vh\">\r\n        <div class=\"swiper-wrapper\">\r\n                                      <div class=\"swiper-slide\">\r\n                                    <img decoding=\"async\" src=\"https:\/\/lyon.intercontinental.com\/wp-content\/uploads\/sites\/6\/2024\/10\/IHG-LYON-6728-scaled.jpg\"\r\n                  sizes=\"(max-width: 2000px) 100vw, 2000px\"\r\n                  srcset=\"https:\/\/lyon.intercontinental.com\/wp-content\/uploads\/sites\/6\/2024\/10\/IHG-LYON-6728-scaled.jpg 2560w,\r\n                          https:\/\/lyon.intercontinental.com\/wp-content\/uploads\/sites\/6\/2024\/10\/IHG-LYON-6728-1024x635.jpg 1024w,\r\n                          https:\/\/lyon.intercontinental.com\/wp-content\/uploads\/sites\/6\/2024\/10\/IHG-LYON-6728-768x477.jpg 768w\"\r\n                          alt=\"Junior Rh\u00f4ne View Suite with King-size bed, seating area and desk \u2014 InterContinental Lyon Hotel Dieu\">\r\n                <\/div>\r\n                            <div class=\"swiper-slide\">\r\n                                    <img decoding=\"async\" src=\"https:\/\/lyon.intercontinental.com\/wp-content\/uploads\/sites\/6\/2024\/10\/IHG-LYON-20246620-scaled.jpg\"\r\n                  sizes=\"(max-width: 2000px) 100vw, 2000px\"\r\n                  srcset=\"https:\/\/lyon.intercontinental.com\/wp-content\/uploads\/sites\/6\/2024\/10\/IHG-LYON-20246620-scaled.jpg 2560w,\r\n                          https:\/\/lyon.intercontinental.com\/wp-content\/uploads\/sites\/6\/2024\/10\/IHG-LYON-20246620-1024x644.jpg 1024w,\r\n                          https:\/\/lyon.intercontinental.com\/wp-content\/uploads\/sites\/6\/2024\/10\/IHG-LYON-20246620-768x483.jpg 768w\"\r\n                          alt=\"Spacious Junior Rh\u00f4ne View Suite with contemporary living area and large window \u2014 InterContinental Lyon\">\r\n                <\/div>\r\n                            <div class=\"swiper-slide\">\r\n                                    <img decoding=\"async\" src=\"https:\/\/lyon.intercontinental.com\/wp-content\/uploads\/sites\/6\/2024\/10\/IHG-LYON-20246652-scaled.jpg\"\r\n                  sizes=\"(max-width: 2000px) 100vw, 2000px\"\r\n                  srcset=\"https:\/\/lyon.intercontinental.com\/wp-content\/uploads\/sites\/6\/2024\/10\/IHG-LYON-20246652-scaled.jpg 2560w,\r\n                          https:\/\/lyon.intercontinental.com\/wp-content\/uploads\/sites\/6\/2024\/10\/IHG-LYON-20246652-1024x734.jpg 1024w,\r\n                          https:\/\/lyon.intercontinental.com\/wp-content\/uploads\/sites\/6\/2024\/10\/IHG-LYON-20246652-768x550.jpg 768w\"\r\n                          alt=\"Junior Rh\u00f4ne View Suite seating area with curved sofa and desk \u2014 InterContinental Lyon\">\r\n                <\/div>\r\n                            <div class=\"swiper-slide\">\r\n                                    <img decoding=\"async\" src=\"https:\/\/lyon.intercontinental.com\/wp-content\/uploads\/sites\/6\/2024\/08\/Twin_Premium-Vue-Rhone-\u00a9-Eric-Cuvillier-1-scaled.jpg\"\r\n                  sizes=\"(max-width: 2000px) 100vw, 2000px\"\r\n                  srcset=\"https:\/\/lyon.intercontinental.com\/wp-content\/uploads\/sites\/6\/2024\/08\/Twin_Premium-Vue-Rhone-\u00a9-Eric-Cuvillier-1-scaled.jpg 2560w,\r\n                          https:\/\/lyon.intercontinental.com\/wp-content\/uploads\/sites\/6\/2024\/08\/Twin_Premium-Vue-Rhone-\u00a9-Eric-Cuvillier-1-1024x576.jpg 1024w,\r\n                          https:\/\/lyon.intercontinental.com\/wp-content\/uploads\/sites\/6\/2024\/08\/Twin_Premium-Vue-Rhone-\u00a9-Eric-Cuvillier-1-768x432.jpg 768w\"\r\n                          alt=\"Junior Rh\u00f4ne View Suite bathroom with bathtub and mosaic shower \u2014 InterContinental Lyon\">\r\n                <\/div>\r\n                              <\/div>\r\n          <div class=\"swiper-pagination\">\r\n          <\/div>\r\n          <div class=\"swiper-button swiper-button-prev\">\r\n            <span class=\"arrowl\"><\/span>\r\n          <\/div>\r\n          <div class=\"swiper-button swiper-button-next\">\r\n            <span class=\"arrowr\"><\/span>\r\n          <\/div>\r\n      <\/div>\r\n      <!-- End Swiper -->\r\n  <\/div>\r\n  \r\n\r\n <\/div>\n<\/div>\n\n\n\n<div class=\"wp-block-columns pattern-2-col-text-and-slider slider-left is-layout-flex wp-container-core-columns-is-layout-28f84493 wp-block-columns-is-layout-flex\">\n<div class=\"wp-block-column is-vertically-aligned-center is-layout-flow wp-block-column-is-layout-flow\" style=\"padding-right:var(--wp--preset--spacing--30);padding-left:var(--wp--preset--spacing--30);flex-basis:66.66%\">\r\n\r\n\r\n  <div id=\"slideshow-block_7af60bc49df7a8345e0b64a33ae1f3e4\" class=\"row\" data-aos=\"fade-in\">\r\n      <!-- Swiper -->\r\n      <div class=\"swiper d-swiper-container \" data-swiper={\"navigation\":{\"enabled\":false}} style=\"height:66vh\">\r\n        <div class=\"swiper-wrapper\">\r\n                                      <div class=\"swiper-slide\">\r\n                                    <img decoding=\"async\" src=\"https:\/\/lyon.intercontinental.com\/wp-content\/uploads\/sites\/6\/2019\/12\/InterContinental-Lyon-Hotel-Dieu_Room-Service-e1576760696865.jpg\"\r\n                  sizes=\"(max-width: 2000px) 100vw, 2000px\"\r\n                  srcset=\"https:\/\/lyon.intercontinental.com\/wp-content\/uploads\/sites\/6\/2019\/12\/InterContinental-Lyon-Hotel-Dieu_Room-Service-e1576760696865.jpg 1458w,\r\n                          https:\/\/lyon.intercontinental.com\/wp-content\/uploads\/sites\/6\/2019\/12\/InterContinental-Lyon-Hotel-Dieu_Room-Service-e1576760696865-1024x475.jpg 1024w,\r\n                          https:\/\/lyon.intercontinental.com\/wp-content\/uploads\/sites\/6\/2019\/12\/InterContinental-Lyon-Hotel-Dieu_Room-Service-e1576760696865-768x357.jpg 768w\"\r\n                          alt=\"Petit-d\u00e9jeuner dress\u00e9 avec vue panoramique sur les quais du Rh\u00f4ne et Lyon \u2014 InterContinental Lyon Hotel Dieu\">\r\n                <\/div>\r\n                              <\/div>\r\n          <div class=\"swiper-pagination\">\r\n          <\/div>\r\n          <div class=\"swiper-button swiper-button-prev\">\r\n            <span class=\"arrowl\"><\/span>\r\n          <\/div>\r\n          <div class=\"swiper-button swiper-button-next\">\r\n            <span class=\"arrowr\"><\/span>\r\n          <\/div>\r\n      <\/div>\r\n      <!-- End Swiper -->\r\n  <\/div>\r\n  \r\n\r\n <\/div>\n\n\n\n<div class=\"wp-block-column is-vertically-aligned-bottom text-column is-layout-flow wp-block-column-is-layout-flow\" style=\"padding-top:var(--wp--preset--spacing--70);padding-right:var(--wp--preset--spacing--60);padding-bottom:var(--wp--preset--spacing--70);padding-left:var(--wp--preset--spacing--60);flex-basis:33.33%\">\n<h3 class=\"wp-block-heading\">An exclusive Room Service offer<\/h3>\n\n\n\n<p>Enjoy the local and contemporary cuisine of Chef Mathieu Charrois in the comfort of your suite with our exclusive Room Service offer.<\/p>\n\n\n\n<div class=\"wp-block-buttons is-layout-flex wp-block-buttons-is-layout-flex\">\n<div class=\"wp-block-button is-style-outline is-style-outline--1\"><a class=\"wp-block-button__link wp-element-button\" href=\"https:\/\/lyon.intercontinental.com\/menu-carte\/room-service-carte-du-room-service\/\" style=\"padding-top:0;padding-right:0;padding-bottom:0;padding-left:0\" target=\"_blank\" rel=\"noreferrer noopener\">Room service menu<\/a><\/div>\n<\/div>\n<\/div>\n<\/div>\n\n\n\n<div class=\"wp-block-columns is-layout-flex wp-container-core-columns-is-layout-28f84493 wp-block-columns-is-layout-flex\">\n<div class=\"wp-block-column is-layout-flow wp-block-column-is-layout-flow\" style=\"flex-basis:15%\"><\/div>\n\n\n\n<div class=\"wp-block-column is-layout-flow wp-block-column-is-layout-flow\">\n<h3 class=\"wp-block-heading\">Our services<\/h3>\n\n\n\n<div class=\"wp-block-group is-nowrap is-layout-flex wp-container-core-group-is-layout-6c531013 wp-block-group-is-layout-flex\">\n<ul class=\"wp-block-list\">\n<li>Smart TV system<\/li>\n\n\n\n<li>Paid movies menu<\/li>\n\n\n\n<li>Laundry service<\/li>\n\n\n\n<li>Room Service 24\/7<\/li>\n\n\n\n<li>Wake Up Call<\/li>\n\n\n\n<li>Free Wi-Fi<\/li>\n\n\n\n<li>Air conditionning<\/li>\n\n\n\n<li>Coffee machine capsule<\/li>\n<\/ul>\n\n\n\n<ul class=\"wp-block-list\">\n<li>Tea selection and kettle<\/li>\n\n\n\n<li>In-room phone<\/li>\n\n\n\n<li>Safe box<\/li>\n\n\n\n<li>Mini-Bar<\/li>\n\n\n\n<li>Desk<\/li>\n\n\n\n<li>Bathrobe, slippers and Byredo products<\/li>\n\n\n\n<li>Shower or bath and bath towels<\/li>\n<\/ul>\n\n\n\n<ul class=\"wp-block-list\">\n<li>Shoe brush, shoehorn and shoe shine<\/li>\n\n\n\n<li>Iron<\/li>\n\n\n\n<li>Hairdryer<\/li>\n\n\n\n<li>Scales<\/li>\n\n\n\n<li>Double-paned window<\/li>\n\n\n\n<li>Non-smoker room<\/li>\n<\/ul>\n<\/div>\n\n\n\n<h3 class=\"wp-block-heading\">Additional services<\/h3>\n\n\n\n<ul class=\"wp-block-list\">\n<li>Baby bed<\/li>\n\n\n\n<li>Baby bath<\/li>\n\n\n\n<li>Additional bed (+ 100\u20ac)<\/li>\n<\/ul>\n<\/div>\n\n\n\n<div class=\"wp-block-column is-layout-flow wp-block-column-is-layout-flow\" style=\"flex-basis:15%\"><\/div>\n<\/div>\n","protected":false},"excerpt":{"rendered":"<p>With a size ranging from 45 to 50 m\u00b2, the Junior Suites with Rh\u00f4ne View offer you unparalleled comfort&#8230;<\/p>\n","protected":false},"author":3,"featured_media":18777,"parent":1117,"menu_order":0,"comment_status":"closed","ping_status":"closed","template":"","meta":{"_acf_changed":false,"footnotes":""},"class_list":["post-18197","page","type-page","status-publish","has-post-thumbnail","hentry"],"acf":[],"yoast_head":"<!-- This site is optimized with the Yoast SEO plugin v26.2 - https:\/\/yoast.com\/wordpress\/plugins\/seo\/ -->\n<title>Junior Suite River View - InterContinental Lyon Hotel Dieu<\/title>\n<meta name=\"description\" content=\"Experience the Junior Rh\u00f4ne View Suite in Lyon. 50sqm of contemporary luxury by Jean-Philippe Nuel, featuring panoramic river views and historic charm.\" \/>\n<meta name=\"robots\" content=\"index, follow, max-snippet:-1, max-image-preview:large, max-video-preview:-1\" \/>\n<link rel=\"canonical\" href=\"https:\/\/lyon.intercontinental.com\/en\/suites\/family-suite-2\/\" \/>\n<meta property=\"og:locale\" content=\"en_US\" \/>\n<meta property=\"og:type\" content=\"article\" \/>\n<meta property=\"og:title\" content=\"Junior Suite River View - InterContinental Lyon Hotel Dieu\" \/>\n<meta property=\"og:description\" content=\"Experience the Junior Rh\u00f4ne View Suite in Lyon. 50sqm of contemporary luxury by Jean-Philippe Nuel, featuring panoramic river views and historic charm.\" \/>\n<meta property=\"og:url\" content=\"https:\/\/lyon.intercontinental.com\/en\/suites\/family-suite-2\/\" \/>\n<meta property=\"og:site_name\" content=\"InterContinental Lyon Hotel Dieu\" \/>\n<meta property=\"article:publisher\" content=\"https:\/\/www.facebook.com\/iclyonhoteldieu\/\" \/>\n<meta property=\"article:modified_time\" content=\"2026-04-16T14:50:14+00:00\" \/>\n<meta property=\"og:image\" content=\"https:\/\/lyon.intercontinental.com\/wp-content\/uploads\/sites\/6\/2024\/10\/IHG-LYON-20246620-scaled.jpg\" \/>\n\t<meta property=\"og:image:width\" content=\"2560\" \/>\n\t<meta property=\"og:image:height\" content=\"1610\" \/>\n\t<meta property=\"og:image:type\" content=\"image\/jpeg\" \/>\n<meta name=\"twitter:card\" content=\"summary_large_image\" \/>\n<meta name=\"twitter:label1\" content=\"Est. reading time\" \/>\n\t<meta name=\"twitter:data1\" content=\"1 minute\" \/>\n<script type=\"application\/ld+json\" class=\"yoast-schema-graph\">{\"@context\":\"https:\/\/schema.org\",\"@graph\":[{\"@type\":\"WebPage\",\"@id\":\"https:\/\/lyon.intercontinental.com\/en\/suites\/family-suite-2\/\",\"url\":\"https:\/\/lyon.intercontinental.com\/en\/suites\/family-suite-2\/\",\"name\":\"Junior Suite River View - InterContinental Lyon Hotel Dieu\",\"isPartOf\":{\"@id\":\"https:\/\/lyon.intercontinental.com\/#website\"},\"primaryImageOfPage\":{\"@id\":\"https:\/\/lyon.intercontinental.com\/en\/suites\/family-suite-2\/#primaryimage\"},\"image\":{\"@id\":\"https:\/\/lyon.intercontinental.com\/en\/suites\/family-suite-2\/#primaryimage\"},\"thumbnailUrl\":\"https:\/\/lyon.intercontinental.com\/wp-content\/uploads\/sites\/6\/2024\/10\/IHG-LYON-20246620-scaled.jpg\",\"datePublished\":\"2024-08-09T12:32:17+00:00\",\"dateModified\":\"2026-04-16T14:50:14+00:00\",\"description\":\"Experience the Junior Rh\u00f4ne View Suite in Lyon. 50sqm of contemporary luxury by Jean-Philippe Nuel, featuring panoramic river views and historic charm.\",\"breadcrumb\":{\"@id\":\"https:\/\/lyon.intercontinental.com\/en\/suites\/family-suite-2\/#breadcrumb\"},\"inLanguage\":\"en-US\",\"potentialAction\":[{\"@type\":\"ReadAction\",\"target\":[\"https:\/\/lyon.intercontinental.com\/en\/suites\/family-suite-2\/\"]}]},{\"@type\":\"ImageObject\",\"inLanguage\":\"en-US\",\"@id\":\"https:\/\/lyon.intercontinental.com\/en\/suites\/family-suite-2\/#primaryimage\",\"url\":\"https:\/\/lyon.intercontinental.com\/wp-content\/uploads\/sites\/6\/2024\/10\/IHG-LYON-20246620-scaled.jpg\",\"contentUrl\":\"https:\/\/lyon.intercontinental.com\/wp-content\/uploads\/sites\/6\/2024\/10\/IHG-LYON-20246620-scaled.jpg\",\"width\":2560,\"height\":1610,\"caption\":\"Junior Rh\u00f4ne View Suite \u2014 living area with sofa, coffee table and high window\"},{\"@type\":\"BreadcrumbList\",\"@id\":\"https:\/\/lyon.intercontinental.com\/en\/suites\/family-suite-2\/#breadcrumb\",\"itemListElement\":[{\"@type\":\"ListItem\",\"position\":1,\"name\":\"Home\",\"item\":\"https:\/\/lyon.intercontinental.com\/en\/\"},{\"@type\":\"ListItem\",\"position\":2,\"name\":\"Suites\",\"item\":\"https:\/\/lyon.intercontinental.com\/en\/suites\/\"},{\"@type\":\"ListItem\",\"position\":3,\"name\":\"Junior Suite River View\"}]},{\"@type\":\"WebSite\",\"@id\":\"https:\/\/lyon.intercontinental.com\/#website\",\"url\":\"https:\/\/lyon.intercontinental.com\/\",\"name\":\"InterContinental Lyon - H\u00f4tel Dieu\",\"description\":\"Live the InterContinental Life\",\"publisher\":{\"@id\":\"https:\/\/lyon.intercontinental.com\/#organization\"},\"alternateName\":\"InterContinental Lyon\",\"potentialAction\":[{\"@type\":\"SearchAction\",\"target\":{\"@type\":\"EntryPoint\",\"urlTemplate\":\"https:\/\/lyon.intercontinental.com\/?s={search_term_string}\"},\"query-input\":{\"@type\":\"PropertyValueSpecification\",\"valueRequired\":true,\"valueName\":\"search_term_string\"}}],\"inLanguage\":\"en-US\"},{\"@type\":\"Organization\",\"@id\":\"https:\/\/lyon.intercontinental.com\/#organization\",\"name\":\"InterContinental Lyon - H\u00f4tel Dieu\",\"alternateName\":\"InterContinental Lyon\",\"url\":\"https:\/\/lyon.intercontinental.com\/\",\"logo\":{\"@type\":\"ImageObject\",\"inLanguage\":\"en-US\",\"@id\":\"https:\/\/lyon.intercontinental.com\/#\/schema\/logo\/image\/\",\"url\":\"https:\/\/lyon.intercontinental.com\/wp-content\/uploads\/sites\/6\/2023\/09\/ihg-lyon-hotel-dieu-hotel-logo.svg\",\"contentUrl\":\"https:\/\/lyon.intercontinental.com\/wp-content\/uploads\/sites\/6\/2023\/09\/ihg-lyon-hotel-dieu-hotel-logo.svg\",\"caption\":\"InterContinental Lyon - H\u00f4tel Dieu\"},\"image\":{\"@id\":\"https:\/\/lyon.intercontinental.com\/#\/schema\/logo\/image\/\"},\"sameAs\":[\"https:\/\/www.facebook.com\/iclyonhoteldieu\/\",\"https:\/\/www.instagram.com\/iclyonhoteldieu\/\",\"https:\/\/www.linkedin.com\/company\/intercontinental-lyon-hotel-dieu\/\",\"https:\/\/www.tripadvisor.fr\/Hotel_Review-g187265-d15216091-Reviews-InterContinental_Lyon_Hotel_Dieu-Lyon_Rhone_Auvergne_Rhone_Alpes.html\"]}]}<\/script>\n<!-- \/ Yoast SEO plugin. -->","yoast_head_json":{"title":"Junior Suite River View - InterContinental Lyon Hotel Dieu","description":"Experience the Junior Rh\u00f4ne View Suite in Lyon. 50sqm of contemporary luxury by Jean-Philippe Nuel, featuring panoramic river views and historic charm.","robots":{"index":"index","follow":"follow","max-snippet":"max-snippet:-1","max-image-preview":"max-image-preview:large","max-video-preview":"max-video-preview:-1"},"canonical":"https:\/\/lyon.intercontinental.com\/en\/suites\/family-suite-2\/","og_locale":"en_US","og_type":"article","og_title":"Junior Suite River View - InterContinental Lyon Hotel Dieu","og_description":"Experience the Junior Rh\u00f4ne View Suite in Lyon. 50sqm of contemporary luxury by Jean-Philippe Nuel, featuring panoramic river views and historic charm.","og_url":"https:\/\/lyon.intercontinental.com\/en\/suites\/family-suite-2\/","og_site_name":"InterContinental Lyon Hotel Dieu","article_publisher":"https:\/\/www.facebook.com\/iclyonhoteldieu\/","article_modified_time":"2026-04-16T14:50:14+00:00","og_image":[{"width":2560,"height":1610,"url":"https:\/\/lyon.intercontinental.com\/wp-content\/uploads\/sites\/6\/2024\/10\/IHG-LYON-20246620-scaled.jpg","type":"image\/jpeg"}],"twitter_card":"summary_large_image","twitter_misc":{"Est. reading time":"1 minute"},"schema":{"@context":"https:\/\/schema.org","@graph":[{"@type":"WebPage","@id":"https:\/\/lyon.intercontinental.com\/en\/suites\/family-suite-2\/","url":"https:\/\/lyon.intercontinental.com\/en\/suites\/family-suite-2\/","name":"Junior Suite River View - InterContinental Lyon Hotel Dieu","isPartOf":{"@id":"https:\/\/lyon.intercontinental.com\/#website"},"primaryImageOfPage":{"@id":"https:\/\/lyon.intercontinental.com\/en\/suites\/family-suite-2\/#primaryimage"},"image":{"@id":"https:\/\/lyon.intercontinental.com\/en\/suites\/family-suite-2\/#primaryimage"},"thumbnailUrl":"https:\/\/lyon.intercontinental.com\/wp-content\/uploads\/sites\/6\/2024\/10\/IHG-LYON-20246620-scaled.jpg","datePublished":"2024-08-09T12:32:17+00:00","dateModified":"2026-04-16T14:50:14+00:00","description":"Experience the Junior Rh\u00f4ne View Suite in Lyon. 50sqm of contemporary luxury by Jean-Philippe Nuel, featuring panoramic river views and historic charm.","breadcrumb":{"@id":"https:\/\/lyon.intercontinental.com\/en\/suites\/family-suite-2\/#breadcrumb"},"inLanguage":"en-US","potentialAction":[{"@type":"ReadAction","target":["https:\/\/lyon.intercontinental.com\/en\/suites\/family-suite-2\/"]}]},{"@type":"ImageObject","inLanguage":"en-US","@id":"https:\/\/lyon.intercontinental.com\/en\/suites\/family-suite-2\/#primaryimage","url":"https:\/\/lyon.intercontinental.com\/wp-content\/uploads\/sites\/6\/2024\/10\/IHG-LYON-20246620-scaled.jpg","contentUrl":"https:\/\/lyon.intercontinental.com\/wp-content\/uploads\/sites\/6\/2024\/10\/IHG-LYON-20246620-scaled.jpg","width":2560,"height":1610,"caption":"Junior Rh\u00f4ne View Suite \u2014 living area with sofa, coffee table and high window"},{"@type":"BreadcrumbList","@id":"https:\/\/lyon.intercontinental.com\/en\/suites\/family-suite-2\/#breadcrumb","itemListElement":[{"@type":"ListItem","position":1,"name":"Home","item":"https:\/\/lyon.intercontinental.com\/en\/"},{"@type":"ListItem","position":2,"name":"Suites","item":"https:\/\/lyon.intercontinental.com\/en\/suites\/"},{"@type":"ListItem","position":3,"name":"Junior Suite River View"}]},{"@type":"WebSite","@id":"https:\/\/lyon.intercontinental.com\/#website","url":"https:\/\/lyon.intercontinental.com\/","name":"InterContinental Lyon - H\u00f4tel Dieu","description":"Live the InterContinental Life","publisher":{"@id":"https:\/\/lyon.intercontinental.com\/#organization"},"alternateName":"InterContinental Lyon","potentialAction":[{"@type":"SearchAction","target":{"@type":"EntryPoint","urlTemplate":"https:\/\/lyon.intercontinental.com\/?s={search_term_string}"},"query-input":{"@type":"PropertyValueSpecification","valueRequired":true,"valueName":"search_term_string"}}],"inLanguage":"en-US"},{"@type":"Organization","@id":"https:\/\/lyon.intercontinental.com\/#organization","name":"InterContinental Lyon - H\u00f4tel Dieu","alternateName":"InterContinental Lyon","url":"https:\/\/lyon.intercontinental.com\/","logo":{"@type":"ImageObject","inLanguage":"en-US","@id":"https:\/\/lyon.intercontinental.com\/#\/schema\/logo\/image\/","url":"https:\/\/lyon.intercontinental.com\/wp-content\/uploads\/sites\/6\/2023\/09\/ihg-lyon-hotel-dieu-hotel-logo.svg","contentUrl":"https:\/\/lyon.intercontinental.com\/wp-content\/uploads\/sites\/6\/2023\/09\/ihg-lyon-hotel-dieu-hotel-logo.svg","caption":"InterContinental Lyon - H\u00f4tel Dieu"},"image":{"@id":"https:\/\/lyon.intercontinental.com\/#\/schema\/logo\/image\/"},"sameAs":["https:\/\/www.facebook.com\/iclyonhoteldieu\/","https:\/\/www.instagram.com\/iclyonhoteldieu\/","https:\/\/www.linkedin.com\/company\/intercontinental-lyon-hotel-dieu\/","https:\/\/www.tripadvisor.fr\/Hotel_Review-g187265-d15216091-Reviews-InterContinental_Lyon_Hotel_Dieu-Lyon_Rhone_Auvergne_Rhone_Alpes.html"]}]}},"_links":{"self":[{"href":"https:\/\/lyon.intercontinental.com\/en\/wp-json\/wp\/v2\/pages\/18197","targetHints":{"allow":["GET"]}}],"collection":[{"href":"https:\/\/lyon.intercontinental.com\/en\/wp-json\/wp\/v2\/pages"}],"about":[{"href":"https:\/\/lyon.intercontinental.com\/en\/wp-json\/wp\/v2\/types\/page"}],"author":[{"embeddable":true,"href":"https:\/\/lyon.intercontinental.com\/en\/wp-json\/wp\/v2\/users\/3"}],"replies":[{"embeddable":true,"href":"https:\/\/lyon.intercontinental.com\/en\/wp-json\/wp\/v2\/comments?post=18197"}],"version-history":[{"count":3,"href":"https:\/\/lyon.intercontinental.com\/en\/wp-json\/wp\/v2\/pages\/18197\/revisions"}],"predecessor-version":[{"id":24400,"href":"https:\/\/lyon.intercontinental.com\/en\/wp-json\/wp\/v2\/pages\/18197\/revisions\/24400"}],"up":[{"embeddable":true,"href":"https:\/\/lyon.intercontinental.com\/en\/wp-json\/wp\/v2\/pages\/1117"}],"wp:featuredmedia":[{"embeddable":true,"href":"https:\/\/lyon.intercontinental.com\/en\/wp-json\/wp\/v2\/media\/18777"}],"wp:attachment":[{"href":"https:\/\/lyon.intercontinental.com\/en\/wp-json\/wp\/v2\/media?parent=18197"}],"curies":[{"name":"wp","href":"https:\/\/api.w.org\/{rel}","templated":true}]}}