{"id":1334,"date":"2019-05-08T16:33:35","date_gmt":"2019-05-08T14:33:35","guid":{"rendered":"http:\/\/lyon.intercontinental.com\/?page_id=1334"},"modified":"2026-04-09T17:49:21","modified_gmt":"2026-04-09T15:49:21","slug":"welcome","status":"publish","type":"page","link":"https:\/\/lyon.intercontinental.com\/en\/welcome\/","title":{"rendered":"Welcome"},"content":{"rendered":"\r\n\r\n\r\n\r\n  <!-- Swiper hero -->\r\n  <div id=\"slideshow-block_e06d910d5ac61d9e7f04f509f663a8e7\" class=\"row \">  \r\n    <div class=\"swiper d-swiper-container hero\" data-swiper={\"autoplay\":true,\"effect\":\"fade\",\"fadeEffect\":{\"crossFade\":true},\"speed\":1000}>\r\n      <div class=\"swiper-wrapper\">\r\n                    <div class=\"swiper-slide\">\r\n                              <span aria-hidden=\"true\" class=\"slide-e-background has-background-dim-30  has-background has-charcoal-grey-background-color\"><\/span>\r\n                                            <img decoding=\"async\" src=\"https:\/\/lyon.intercontinental.com\/wp-content\/uploads\/sites\/6\/2019\/04\/Facade-c-Eric-Cuvillier-min-1.jpg\"\r\n                sizes=\"(max-width: 2000px) 100vw, 2000px\"\r\n                srcset=\"https:\/\/lyon.intercontinental.com\/wp-content\/uploads\/sites\/6\/2019\/04\/Facade-c-Eric-Cuvillier-min-1.jpg 1920w,\r\n                        https:\/\/lyon.intercontinental.com\/wp-content\/uploads\/sites\/6\/2019\/04\/Facade-c-Eric-Cuvillier-min-1-1024x660.jpg 1024w,\r\n                        https:\/\/lyon.intercontinental.com\/wp-content\/uploads\/sites\/6\/2019\/04\/Facade-c-Eric-Cuvillier-min-1-768x495.jpg 768w\"\r\n                        alt=\"Fa\u00e7ade (c) Eric Cuvillier-min (1)\"\/>\r\n                                            <div class=\"slide-e-content d-none d-md-block\">\r\n                                      <h1 class=\"title\">GREETINGS FROM NICOLAS MERCIER<\/h1>\r\n                                                                      <\/div>\r\n                          <\/div>\r\n                      <div class=\"swiper-slide\">\r\n                              <span aria-hidden=\"true\" class=\"slide-e-background has-background-dim-30  has-background has-charcoal-grey-background-color\"><\/span>\r\n                                            <img decoding=\"async\" src=\"https:\/\/lyon.intercontinental.com\/wp-content\/uploads\/sites\/6\/2023\/07\/Exterior-shot-c-Eric-Cuvillier-1-scaled-1.jpg\"\r\n                sizes=\"(max-width: 2000px) 100vw, 2000px\"\r\n                srcset=\"https:\/\/lyon.intercontinental.com\/wp-content\/uploads\/sites\/6\/2023\/07\/Exterior-shot-c-Eric-Cuvillier-1-scaled-1.jpg 2560w,\r\n                        https:\/\/lyon.intercontinental.com\/wp-content\/uploads\/sites\/6\/2023\/07\/Exterior-shot-c-Eric-Cuvillier-1-scaled-1-1024x653.jpg 1024w,\r\n                        https:\/\/lyon.intercontinental.com\/wp-content\/uploads\/sites\/6\/2023\/07\/Exterior-shot-c-Eric-Cuvillier-1-scaled-1-768x490.jpg 768w\"\r\n                        alt=\"Exterior shot (c) Eric Cuvillier (1)\"\/>\r\n                                            <div class=\"slide-e-content d-none d-md-block\">\r\n                                      <h1 class=\"title\">GREETINGS FROM NICOLAS MERCIER<\/h1>\r\n                                                                      <\/div>\r\n                          <\/div>\r\n                <\/div>\r\n                  <div class=\"swiper-pagination\">\r\n          <\/div>\r\n          <div class=\"swiper-button swiper-button-prev\">\r\n            <span class=\"arrowl\"><\/span>\r\n          <\/div>\r\n          <div class=\"swiper-button swiper-button-next\">\r\n          <span class=\"arrowr\"><\/span>\r\n          <\/div>\r\n            <\/div>\r\n  <\/div>\r\n  <!-- End Swiper hero -->\r\n\r\n \n\n\n<div class=\"wp-block-columns pattern-2-col-text-and-slider is-layout-flex wp-container-core-columns-is-layout-28f84493 wp-block-columns-is-layout-flex\">\n<div class=\"wp-block-column is-layout-flow wp-block-column-is-layout-flow\" style=\"flex-basis:10%\"><\/div>\n\n\n\n<div class=\"wp-block-column is-vertically-aligned-bottom text-column is-layout-flow wp-block-column-is-layout-flow\" style=\"padding-top:var(--wp--preset--spacing--70);padding-right:var(--wp--preset--spacing--60);padding-bottom:var(--wp--preset--spacing--70);padding-left:var(--wp--preset--spacing--60);flex-basis:33%\">\n<h3 class=\"wp-block-heading has-text-align-left\">Nicolas Mercier \u2013 Managing Director<\/h3>\n\n\n\n<p>Hospitality is the oldest tradition of the Grand H\u00f4tel-Dieu de Lyon, which welcomed international visitors from the Middle Ages during their stage to cross the Rh\u00f4ne bridge (today Pont de la Guilloti\u00e8re). Its facade and large dome, designed in the 18th century by Jacques-Germain Soufflot, are emblematic in Lyon, capital city in the history of France.<\/p>\n\n\n\n<p>Yet though, history is only one facet of Lyon. The know-how of the silkies has spread to high technology industries, start-ups are welcome, ONLYLYON and its ambassadors bring dynamism higher. The festivals are amazing and flamboyant, the Festival of Lights of course, but also its Nuits Sonores, Biennials of contemporary arts and dance, the Nuits de Fourvi\u00e8re, The Lumi\u00e8re Festival in the city that saw the birth of cinema\u2026<\/p>\n\n\n\n<p>Lyon is beautiful. InterContinental\u00ae Lyon \u2013 Hotel Dieu is at the heart of the Peninsula of Lyon, a UNESCO World Heritage Site since 1999. On the Fourvi\u00e8re hill, Lyon is Gallo-Roman, on its slopes, it becomes Renaissance, to its feet, the peninsula offers the best of the 18th and 19th centuries. A few steps further, and the Confluence eco-district embodies contemporary architecture. What other city allows, in a walk, to make such a trip?<\/p>\n\n\n\n<p>In a city where the best of the French way of life is expressed, where the gastronomy shows itself in all its talents, InterContinental\u00ae Lyon \u2013 Hotel Dieu welcomes you in the history and the modernity, in a humble luxury in agreement with a building at once precious and monastic, so that your stay \u2013 obviously ephemeral \u2013 feeds your memories for a long time.<\/p>\n\n\n\n<p>Welcome.<\/p>\n\n\n\n<p><em><strong>Nicolas Mercier \u2013 General Manager<\/strong><\/em><\/p>\n<\/div>\n\n\n\n<div class=\"wp-block-column is-vertically-aligned-center is-layout-flow wp-block-column-is-layout-flow\" style=\"padding-right:var(--wp--preset--spacing--30);padding-left:var(--wp--preset--spacing--30);flex-basis:50%\">\n<figure class=\"wp-block-image alignright size-full\"><img decoding=\"async\" width=\"4292\" height=\"5719\" src=\"https:\/\/lyon.intercontinental.com\/wp-content\/uploads\/sites\/6\/2026\/04\/NicolasMercier_InterContinentalLyoncSeasonsElsaCyril.jpg\" alt=\"\" class=\"wp-image-24253\" style=\"object-fit:cover\" srcset=\"https:\/\/lyon.intercontinental.com\/wp-content\/uploads\/sites\/6\/2026\/04\/NicolasMercier_InterContinentalLyoncSeasonsElsaCyril.jpg 4292w, https:\/\/lyon.intercontinental.com\/wp-content\/uploads\/sites\/6\/2026\/04\/NicolasMercier_InterContinentalLyoncSeasonsElsaCyril-225x300.jpg 225w, https:\/\/lyon.intercontinental.com\/wp-content\/uploads\/sites\/6\/2026\/04\/NicolasMercier_InterContinentalLyoncSeasonsElsaCyril-768x1023.jpg 768w, https:\/\/lyon.intercontinental.com\/wp-content\/uploads\/sites\/6\/2026\/04\/NicolasMercier_InterContinentalLyoncSeasonsElsaCyril-1153x1536.jpg 1153w, https:\/\/lyon.intercontinental.com\/wp-content\/uploads\/sites\/6\/2026\/04\/NicolasMercier_InterContinentalLyoncSeasonsElsaCyril-1537x2048.jpg 1537w\" sizes=\"(max-width: 4292px) 100vw, 4292px\" \/><\/figure>\n<\/div>\n<\/div>\n\n\n\n<div class=\"wp-block-buttons is-horizontal is-content-justification-center is-layout-flex wp-container-core-buttons-is-layout-03627597 wp-block-buttons-is-layout-flex\">\n<div class=\"wp-block-button\"><a class=\"wp-block-button__link wp-element-button\" href=\"https:\/\/headbox.captur3d.io\/view\/headbox-39450147-c14f-497a-9250-2afc5dc75347\/intercontinental-lyon-hotel-dieu\" target=\"_blank\" rel=\"noreferrer noopener\">Discover our hotel in virtual tour<\/a><\/div>\n\n\n\n<div class=\"wp-block-button\"><a class=\"wp-block-button__link wp-element-button\" href=\"https:\/\/lyon.intercontinental.com\/wp-content\/uploads\/sites\/6\/2026\/01\/InterContinental-Lyon_Magazine-2025-2026.pdf\" target=\"_blank\" rel=\"noreferrer noopener\">Discover our magazine<\/a><\/div>\n<\/div>\n\n\n\n<div class=\"wp-block-columns is-layout-flex wp-container-core-columns-is-layout-28f84493 wp-block-columns-is-layout-flex\">\n<div class=\"wp-block-column is-layout-flow wp-block-column-is-layout-flow\" style=\"flex-basis:15%\"><\/div>\n\n\n\n<div class=\"wp-block-column is-layout-flow wp-block-column-is-layout-flow\">\n<h3 class=\"wp-block-heading\">Awards<\/h3>\n\n\n\n<ul class=\"wp-block-list\">\n<li>Michelin Key 2025<\/li>\n\n\n\n<li>Wine Spectator (US) for Epona restaurant 2025<\/li>\n\n\n\n<li>World Travel Awards 2025 \u2013 France\u2019s Leading Hotel<\/li>\n\n\n\n<li>World Travel Awards 2024 \u2013 France\u2019s Leading Hotel<\/li>\n\n\n\n<li>World Travel Awards 2023 \u2013 France\u2019s Leading Hotel<\/li>\n\n\n\n<li>World Travel Awards 2022 \u2013 France\u2019s Leading Hotel<\/li>\n\n\n\n<li>World Luxury Hotel Awards 2022 \u2013 Best Luxury City Hotel<\/li>\n\n\n\n<li>CNBC \u2013 Best Hotels for Business Travelers 2022<\/li>\n\n\n\n<li>World Travel Awards 2021 \u2013 France\u2019s Leading Hotel<\/li>\n\n\n\n<li>Prix Vill\u00e9giature Awards 2020-2021 \u2013 Best Bar in the World for Le D\u00f4me Bar<\/li>\n\n\n\n<li>Prix Versailles 2020 \u2013 Hotels in Europe<\/li>\n\n\n\n<li>Troph\u00e9es du tourisme du Progr\u00e8s 2019 \u2013 Best Accommodation<\/li>\n\n\n\n<li>Worldwide Hospitality Awards 2019 \u2013 BEST \u00ab WOW EFFECT \u00bb for Le D\u00f4me Bar<\/li>\n\n\n\n<li>Gold Key Awards 2019 \u2013 Best Luxury Hotel in Hospitality Design<\/li>\n<\/ul>\n<\/div>\n\n\n\n<div class=\"wp-block-column is-layout-flow wp-block-column-is-layout-flow\" style=\"flex-basis:15%\"><\/div>\n<\/div>\n","protected":false},"excerpt":{"rendered":"<p>Nicolas Mercier \u2013 Managing Director Hospitality is the oldest tradition of the Grand H\u00f4tel-Dieu de Lyon, which welcomed international visitors from the Middle Ages during their stage to cross the Rh\u00f4ne bridge (today Pont de la Guilloti\u00e8re). Its facade and [&hellip;]<\/p>\n","protected":false},"author":1,"featured_media":0,"parent":0,"menu_order":0,"comment_status":"closed","ping_status":"closed","template":"","meta":{"_acf_changed":false,"footnotes":""},"class_list":["post-1334","page","type-page","status-publish","hentry"],"acf":[],"yoast_head":"<!-- This site is optimized with the Yoast SEO plugin v26.2 - https:\/\/yoast.com\/wordpress\/plugins\/seo\/ -->\n<title>Welcome - InterContinental Lyon Hotel Dieu<\/title>\n<meta name=\"description\" content=\"Madelijn Vervoord, general manager of the Intercontinental Lyon-Hotel Dieu welcomes you to history, modernity and luxury InterContinental\" \/>\n<meta name=\"robots\" content=\"index, follow, max-snippet:-1, max-image-preview:large, max-video-preview:-1\" \/>\n<link rel=\"canonical\" href=\"https:\/\/lyon.intercontinental.com\/en\/welcome\/\" \/>\n<meta property=\"og:locale\" content=\"en_US\" \/>\n<meta property=\"og:type\" content=\"article\" \/>\n<meta property=\"og:title\" content=\"Welcome - InterContinental Lyon Hotel Dieu\" \/>\n<meta property=\"og:description\" content=\"Madelijn Vervoord, general manager of the Intercontinental Lyon-Hotel Dieu welcomes you to history, modernity and luxury InterContinental\" \/>\n<meta property=\"og:url\" content=\"https:\/\/lyon.intercontinental.com\/en\/welcome\/\" \/>\n<meta property=\"og:site_name\" content=\"InterContinental Lyon Hotel Dieu\" \/>\n<meta property=\"article:publisher\" content=\"https:\/\/www.facebook.com\/iclyonhoteldieu\/\" \/>\n<meta property=\"article:modified_time\" content=\"2026-04-09T15:49:21+00:00\" \/>\n<meta property=\"og:image\" content=\"https:\/\/lyon.intercontinental.com\/wp-content\/uploads\/sites\/6\/2026\/04\/NicolasMercier_InterContinentalLyoncSeasonsElsaCyril.jpg\" \/>\n<meta name=\"twitter:card\" content=\"summary_large_image\" \/>\n<meta name=\"twitter:label1\" content=\"Est. reading time\" \/>\n\t<meta name=\"twitter:data1\" content=\"3 minutes\" \/>\n<script type=\"application\/ld+json\" class=\"yoast-schema-graph\">{\"@context\":\"https:\/\/schema.org\",\"@graph\":[{\"@type\":\"WebPage\",\"@id\":\"https:\/\/lyon.intercontinental.com\/en\/welcome\/\",\"url\":\"https:\/\/lyon.intercontinental.com\/en\/welcome\/\",\"name\":\"Welcome - InterContinental Lyon Hotel Dieu\",\"isPartOf\":{\"@id\":\"https:\/\/lyon.intercontinental.com\/#website\"},\"primaryImageOfPage\":{\"@id\":\"https:\/\/lyon.intercontinental.com\/en\/welcome\/#primaryimage\"},\"image\":{\"@id\":\"https:\/\/lyon.intercontinental.com\/en\/welcome\/#primaryimage\"},\"thumbnailUrl\":\"https:\/\/lyon.intercontinental.com\/wp-content\/uploads\/sites\/6\/2026\/04\/NicolasMercier_InterContinentalLyoncSeasonsElsaCyril.jpg\",\"datePublished\":\"2019-05-08T14:33:35+00:00\",\"dateModified\":\"2026-04-09T15:49:21+00:00\",\"description\":\"Madelijn Vervoord, general manager of the Intercontinental Lyon-Hotel Dieu welcomes you to history, modernity and luxury InterContinental\",\"breadcrumb\":{\"@id\":\"https:\/\/lyon.intercontinental.com\/en\/welcome\/#breadcrumb\"},\"inLanguage\":\"en-US\",\"potentialAction\":[{\"@type\":\"ReadAction\",\"target\":[\"https:\/\/lyon.intercontinental.com\/en\/welcome\/\"]}]},{\"@type\":\"ImageObject\",\"inLanguage\":\"en-US\",\"@id\":\"https:\/\/lyon.intercontinental.com\/en\/welcome\/#primaryimage\",\"url\":\"https:\/\/lyon.intercontinental.com\/wp-content\/uploads\/sites\/6\/2026\/04\/NicolasMercier_InterContinentalLyoncSeasonsElsaCyril.jpg\",\"contentUrl\":\"https:\/\/lyon.intercontinental.com\/wp-content\/uploads\/sites\/6\/2026\/04\/NicolasMercier_InterContinentalLyoncSeasonsElsaCyril.jpg\"},{\"@type\":\"BreadcrumbList\",\"@id\":\"https:\/\/lyon.intercontinental.com\/en\/welcome\/#breadcrumb\",\"itemListElement\":[{\"@type\":\"ListItem\",\"position\":1,\"name\":\"Home\",\"item\":\"https:\/\/lyon.intercontinental.com\/en\/\"},{\"@type\":\"ListItem\",\"position\":2,\"name\":\"Welcome\"}]},{\"@type\":\"WebSite\",\"@id\":\"https:\/\/lyon.intercontinental.com\/#website\",\"url\":\"https:\/\/lyon.intercontinental.com\/\",\"name\":\"InterContinental Lyon - H\u00f4tel Dieu\",\"description\":\"Live the InterContinental Life\",\"publisher\":{\"@id\":\"https:\/\/lyon.intercontinental.com\/#organization\"},\"alternateName\":\"InterContinental Lyon\",\"potentialAction\":[{\"@type\":\"SearchAction\",\"target\":{\"@type\":\"EntryPoint\",\"urlTemplate\":\"https:\/\/lyon.intercontinental.com\/?s={search_term_string}\"},\"query-input\":{\"@type\":\"PropertyValueSpecification\",\"valueRequired\":true,\"valueName\":\"search_term_string\"}}],\"inLanguage\":\"en-US\"},{\"@type\":\"Organization\",\"@id\":\"https:\/\/lyon.intercontinental.com\/#organization\",\"name\":\"InterContinental Lyon - H\u00f4tel Dieu\",\"alternateName\":\"InterContinental Lyon\",\"url\":\"https:\/\/lyon.intercontinental.com\/\",\"logo\":{\"@type\":\"ImageObject\",\"inLanguage\":\"en-US\",\"@id\":\"https:\/\/lyon.intercontinental.com\/#\/schema\/logo\/image\/\",\"url\":\"https:\/\/lyon.intercontinental.com\/wp-content\/uploads\/sites\/6\/2023\/09\/ihg-lyon-hotel-dieu-hotel-logo.svg\",\"contentUrl\":\"https:\/\/lyon.intercontinental.com\/wp-content\/uploads\/sites\/6\/2023\/09\/ihg-lyon-hotel-dieu-hotel-logo.svg\",\"caption\":\"InterContinental Lyon - H\u00f4tel Dieu\"},\"image\":{\"@id\":\"https:\/\/lyon.intercontinental.com\/#\/schema\/logo\/image\/\"},\"sameAs\":[\"https:\/\/www.facebook.com\/iclyonhoteldieu\/\",\"https:\/\/www.instagram.com\/iclyonhoteldieu\/\",\"https:\/\/www.linkedin.com\/company\/intercontinental-lyon-hotel-dieu\/\",\"https:\/\/www.tripadvisor.fr\/Hotel_Review-g187265-d15216091-Reviews-InterContinental_Lyon_Hotel_Dieu-Lyon_Rhone_Auvergne_Rhone_Alpes.html\"]}]}<\/script>\n<!-- \/ Yoast SEO plugin. -->","yoast_head_json":{"title":"Welcome - InterContinental Lyon Hotel Dieu","description":"Madelijn Vervoord, general manager of the Intercontinental Lyon-Hotel Dieu welcomes you to history, modernity and luxury InterContinental","robots":{"index":"index","follow":"follow","max-snippet":"max-snippet:-1","max-image-preview":"max-image-preview:large","max-video-preview":"max-video-preview:-1"},"canonical":"https:\/\/lyon.intercontinental.com\/en\/welcome\/","og_locale":"en_US","og_type":"article","og_title":"Welcome - InterContinental Lyon Hotel Dieu","og_description":"Madelijn Vervoord, general manager of the Intercontinental Lyon-Hotel Dieu welcomes you to history, modernity and luxury InterContinental","og_url":"https:\/\/lyon.intercontinental.com\/en\/welcome\/","og_site_name":"InterContinental Lyon Hotel Dieu","article_publisher":"https:\/\/www.facebook.com\/iclyonhoteldieu\/","article_modified_time":"2026-04-09T15:49:21+00:00","og_image":[{"url":"https:\/\/lyon.intercontinental.com\/wp-content\/uploads\/sites\/6\/2026\/04\/NicolasMercier_InterContinentalLyoncSeasonsElsaCyril.jpg","type":"","width":"","height":""}],"twitter_card":"summary_large_image","twitter_misc":{"Est. reading time":"3 minutes"},"schema":{"@context":"https:\/\/schema.org","@graph":[{"@type":"WebPage","@id":"https:\/\/lyon.intercontinental.com\/en\/welcome\/","url":"https:\/\/lyon.intercontinental.com\/en\/welcome\/","name":"Welcome - InterContinental Lyon Hotel Dieu","isPartOf":{"@id":"https:\/\/lyon.intercontinental.com\/#website"},"primaryImageOfPage":{"@id":"https:\/\/lyon.intercontinental.com\/en\/welcome\/#primaryimage"},"image":{"@id":"https:\/\/lyon.intercontinental.com\/en\/welcome\/#primaryimage"},"thumbnailUrl":"https:\/\/lyon.intercontinental.com\/wp-content\/uploads\/sites\/6\/2026\/04\/NicolasMercier_InterContinentalLyoncSeasonsElsaCyril.jpg","datePublished":"2019-05-08T14:33:35+00:00","dateModified":"2026-04-09T15:49:21+00:00","description":"Madelijn Vervoord, general manager of the Intercontinental Lyon-Hotel Dieu welcomes you to history, modernity and luxury InterContinental","breadcrumb":{"@id":"https:\/\/lyon.intercontinental.com\/en\/welcome\/#breadcrumb"},"inLanguage":"en-US","potentialAction":[{"@type":"ReadAction","target":["https:\/\/lyon.intercontinental.com\/en\/welcome\/"]}]},{"@type":"ImageObject","inLanguage":"en-US","@id":"https:\/\/lyon.intercontinental.com\/en\/welcome\/#primaryimage","url":"https:\/\/lyon.intercontinental.com\/wp-content\/uploads\/sites\/6\/2026\/04\/NicolasMercier_InterContinentalLyoncSeasonsElsaCyril.jpg","contentUrl":"https:\/\/lyon.intercontinental.com\/wp-content\/uploads\/sites\/6\/2026\/04\/NicolasMercier_InterContinentalLyoncSeasonsElsaCyril.jpg"},{"@type":"BreadcrumbList","@id":"https:\/\/lyon.intercontinental.com\/en\/welcome\/#breadcrumb","itemListElement":[{"@type":"ListItem","position":1,"name":"Home","item":"https:\/\/lyon.intercontinental.com\/en\/"},{"@type":"ListItem","position":2,"name":"Welcome"}]},{"@type":"WebSite","@id":"https:\/\/lyon.intercontinental.com\/#website","url":"https:\/\/lyon.intercontinental.com\/","name":"InterContinental Lyon - H\u00f4tel Dieu","description":"Live the InterContinental Life","publisher":{"@id":"https:\/\/lyon.intercontinental.com\/#organization"},"alternateName":"InterContinental Lyon","potentialAction":[{"@type":"SearchAction","target":{"@type":"EntryPoint","urlTemplate":"https:\/\/lyon.intercontinental.com\/?s={search_term_string}"},"query-input":{"@type":"PropertyValueSpecification","valueRequired":true,"valueName":"search_term_string"}}],"inLanguage":"en-US"},{"@type":"Organization","@id":"https:\/\/lyon.intercontinental.com\/#organization","name":"InterContinental Lyon - H\u00f4tel Dieu","alternateName":"InterContinental Lyon","url":"https:\/\/lyon.intercontinental.com\/","logo":{"@type":"ImageObject","inLanguage":"en-US","@id":"https:\/\/lyon.intercontinental.com\/#\/schema\/logo\/image\/","url":"https:\/\/lyon.intercontinental.com\/wp-content\/uploads\/sites\/6\/2023\/09\/ihg-lyon-hotel-dieu-hotel-logo.svg","contentUrl":"https:\/\/lyon.intercontinental.com\/wp-content\/uploads\/sites\/6\/2023\/09\/ihg-lyon-hotel-dieu-hotel-logo.svg","caption":"InterContinental Lyon - H\u00f4tel Dieu"},"image":{"@id":"https:\/\/lyon.intercontinental.com\/#\/schema\/logo\/image\/"},"sameAs":["https:\/\/www.facebook.com\/iclyonhoteldieu\/","https:\/\/www.instagram.com\/iclyonhoteldieu\/","https:\/\/www.linkedin.com\/company\/intercontinental-lyon-hotel-dieu\/","https:\/\/www.tripadvisor.fr\/Hotel_Review-g187265-d15216091-Reviews-InterContinental_Lyon_Hotel_Dieu-Lyon_Rhone_Auvergne_Rhone_Alpes.html"]}]}},"_links":{"self":[{"href":"https:\/\/lyon.intercontinental.com\/en\/wp-json\/wp\/v2\/pages\/1334","targetHints":{"allow":["GET"]}}],"collection":[{"href":"https:\/\/lyon.intercontinental.com\/en\/wp-json\/wp\/v2\/pages"}],"about":[{"href":"https:\/\/lyon.intercontinental.com\/en\/wp-json\/wp\/v2\/types\/page"}],"author":[{"embeddable":true,"href":"https:\/\/lyon.intercontinental.com\/en\/wp-json\/wp\/v2\/users\/1"}],"replies":[{"embeddable":true,"href":"https:\/\/lyon.intercontinental.com\/en\/wp-json\/wp\/v2\/comments?post=1334"}],"version-history":[{"count":11,"href":"https:\/\/lyon.intercontinental.com\/en\/wp-json\/wp\/v2\/pages\/1334\/revisions"}],"predecessor-version":[{"id":24255,"href":"https:\/\/lyon.intercontinental.com\/en\/wp-json\/wp\/v2\/pages\/1334\/revisions\/24255"}],"wp:attachment":[{"href":"https:\/\/lyon.intercontinental.com\/en\/wp-json\/wp\/v2\/media?parent=1334"}],"curies":[{"name":"wp","href":"https:\/\/api.w.org\/{rel}","templated":true}]}}