{"id":1320,"date":"2019-05-08T16:35:04","date_gmt":"2019-05-08T14:35:04","guid":{"rendered":"http:\/\/lyon.intercontinental.com\/?page_id=1320"},"modified":"2023-09-06T17:26:05","modified_gmt":"2023-09-06T15:26:05","slug":"room-service","status":"publish","type":"page","link":"https:\/\/lyon.intercontinental.com\/en\/room-service\/","title":{"rendered":"Room Service"},"content":{"rendered":"\r\n\r\n\r\n\r\n  <!-- Swiper hero -->\r\n  <div id=\"slideshow-block_386d616feb560481173a57b82a13073a\" class=\"row \">  \r\n    <div class=\"swiper d-swiper-container hero\" data-swiper={\"autoplay\":true,\"effect\":\"fade\",\"fadeEffect\":{\"crossFade\":true},\"speed\":1000}>\r\n      <div class=\"swiper-wrapper\">\r\n                    <div class=\"swiper-slide\">\r\n                              <span aria-hidden=\"true\" class=\"slide-e-background has-background-dim-30  has-background has-charcoal-grey-background-color\"><\/span>\r\n                                            <img decoding=\"async\" src=\"https:\/\/lyon.intercontinental.com\/wp-content\/uploads\/sites\/6\/2019\/12\/InterContinental-Lyon-Hotel-Dieu_Room-Service-e1576760696865.jpg\"\r\n                sizes=\"(max-width: 2000px) 100vw, 2000px\"\r\n                srcset=\"https:\/\/lyon.intercontinental.com\/wp-content\/uploads\/sites\/6\/2019\/12\/InterContinental-Lyon-Hotel-Dieu_Room-Service-e1576760696865.jpg 1458w,\r\n                        https:\/\/lyon.intercontinental.com\/wp-content\/uploads\/sites\/6\/2019\/12\/InterContinental-Lyon-Hotel-Dieu_Room-Service-e1576760696865-1024x475.jpg 1024w,\r\n                        https:\/\/lyon.intercontinental.com\/wp-content\/uploads\/sites\/6\/2019\/12\/InterContinental-Lyon-Hotel-Dieu_Room-Service-e1576760696865-768x357.jpg 768w\"\r\n                        alt=\"Petit-d\u00e9jeuner dress\u00e9 avec vue panoramique sur les quais du Rh\u00f4ne et Lyon \u2014 InterContinental Lyon Hotel Dieu\">\r\n                                            <div class=\"slide-e-content d-none d-md-block\">\r\n                                      <h2 class=\"title\">Room Service<\/h2>\r\n                                                                      <\/div>\r\n                          <\/div>\r\n                      <div class=\"swiper-slide\">\r\n                              <span aria-hidden=\"true\" class=\"slide-e-background has-background-dim-30  has-background has-charcoal-grey-background-color\"><\/span>\r\n                                            <img decoding=\"async\" src=\"https:\/\/lyon.intercontinental.com\/wp-content\/uploads\/sites\/6\/2023\/01\/Room-Service-c-Mathilda-Perrot-scaled-1.jpg\"\r\n                sizes=\"(max-width: 2000px) 100vw, 2000px\"\r\n                srcset=\"https:\/\/lyon.intercontinental.com\/wp-content\/uploads\/sites\/6\/2023\/01\/Room-Service-c-Mathilda-Perrot-scaled-1.jpg 2560w,\r\n                        https:\/\/lyon.intercontinental.com\/wp-content\/uploads\/sites\/6\/2023\/01\/Room-Service-c-Mathilda-Perrot-scaled-1-1024x683.jpg 1024w,\r\n                        https:\/\/lyon.intercontinental.com\/wp-content\/uploads\/sites\/6\/2023\/01\/Room-Service-c-Mathilda-Perrot-scaled-1-768x512.jpg 768w\"\r\n                        alt=\"Room Service (c) Mathilda Perrot\">\r\n                                            <div class=\"slide-e-content d-none d-md-block\">\r\n                                      <h2 class=\"title\">Le Room Service<\/h2>\r\n                                                        <h5 class=\"text-center white\">Service en chambre<\/h5>\r\n                                                    <\/div>\r\n                          <\/div>\r\n                <\/div>\r\n                  <div class=\"swiper-pagination\">\r\n          <\/div>\r\n          <div class=\"swiper-button swiper-button-prev\">\r\n            <span class=\"arrowl\"><\/span>\r\n          <\/div>\r\n          <div class=\"swiper-button swiper-button-next\">\r\n          <span class=\"arrowr\"><\/span>\r\n          <\/div>\r\n            <\/div>\r\n  <\/div>\r\n  <!-- End Swiper hero -->\r\n\r\n \n\n\n<div style=\"height:100px\" aria-hidden=\"true\" class=\"wp-block-spacer\"><\/div>\n\n\n\n<div class=\"wp-block-columns pattern-2-col-text-and-slider slider-left is-layout-flex wp-container-core-columns-is-layout-28f84493 wp-block-columns-is-layout-flex\">\n<div class=\"wp-block-column is-vertically-aligned-center is-layout-flow wp-block-column-is-layout-flow\" style=\"padding-right:var(--wp--preset--spacing--30);padding-left:var(--wp--preset--spacing--30);flex-basis:66.66%\">\r\n\r\n\r\n  <div id=\"slideshow-block_2b054ea96ff4a340839824d2e080dae8\" class=\"row\" data-aos=\"fade-in\">\r\n      <!-- Swiper -->\r\n      <div class=\"swiper d-swiper-container \" data-swiper={\"navigation\":{\"enabled\":false}} style=\"height:66vh\">\r\n        <div class=\"swiper-wrapper\">\r\n                                      <div class=\"swiper-slide\">\r\n                                    <img decoding=\"async\" src=\"https:\/\/lyon.intercontinental.com\/wp-content\/uploads\/sites\/6\/2019\/12\/Room-Service-c-Eric-Cuvillier-1-scaled-e1577285748261.jpg\"\r\n                  sizes=\"(max-width: 2000px) 100vw, 2000px\"\r\n                  srcset=\"https:\/\/lyon.intercontinental.com\/wp-content\/uploads\/sites\/6\/2019\/12\/Room-Service-c-Eric-Cuvillier-1-scaled-e1577285748261.jpg 1753w,\r\n                          https:\/\/lyon.intercontinental.com\/wp-content\/uploads\/sites\/6\/2019\/12\/Room-Service-c-Eric-Cuvillier-1-scaled-e1577285748261-1024x860.jpg 1024w,\r\n                          https:\/\/lyon.intercontinental.com\/wp-content\/uploads\/sites\/6\/2019\/12\/Room-Service-c-Eric-Cuvillier-1-scaled-e1577285748261-768x645.jpg 768w\"\r\n                          alt=\"Petit-d\u00e9jeuner en room service servi dans une chambre de luxe \u2014 InterContinental Lyon Hotel Dieu\">\r\n                <\/div>\r\n                              <\/div>\r\n          <div class=\"swiper-pagination\">\r\n          <\/div>\r\n          <div class=\"swiper-button swiper-button-prev\">\r\n            <span class=\"arrowl\"><\/span>\r\n          <\/div>\r\n          <div class=\"swiper-button swiper-button-next\">\r\n            <span class=\"arrowr\"><\/span>\r\n          <\/div>\r\n      <\/div>\r\n      <!-- End Swiper -->\r\n  <\/div>\r\n  \r\n\r\n <\/div>\n\n\n\n<div class=\"wp-block-column is-vertically-aligned-bottom text-column is-layout-flow wp-block-column-is-layout-flow\" style=\"padding-top:var(--wp--preset--spacing--70);padding-right:var(--wp--preset--spacing--60);padding-bottom:var(--wp--preset--spacing--70);padding-left:var(--wp--preset--spacing--60);flex-basis:33.33%\">\n<h3 class=\"wp-block-heading\">The choice is yours\u2026<\/h3>\n\n\n\n<p>To perfectly adapt to your schedule, InterContinental\u00ae Lyon \u2013 Hotel Dieu offers you in-room catering service at anytime of the day by dialing&nbsp;<strong>8340<\/strong>.<\/p>\n\n\n\n<p>The menu offers you dishes by Chef Mathieu Charrois in order to make you live the best InterContinental\u00ae Life.<\/p>\n\n\n\n<p>From the classic \u201ccontinental\u201d or \u201cwell-being\u201d breakfast, to the local specialties revisited by the Chef, or to the international dishes\u2026 there is something for everyone.<\/p>\n\n\n\n<p>The most difficult part will be to choose.<\/p>\n<\/div>\n<\/div>\n\n\n\n<div style=\"height:20px\" aria-hidden=\"true\" class=\"wp-block-spacer\"><\/div>\n\n\n\n<h2 class=\"wp-block-heading has-text-align-center\" id=\"room-cards\">MENU<\/h2>\n\n\n\n<div class=\"wp-block-buttons is-horizontal is-content-justification-center is-layout-flex wp-container-core-buttons-is-layout-03627597 wp-block-buttons-is-layout-flex\">\n<div class=\"wp-block-button\"><a class=\"wp-block-button__link wp-element-button\" href=\"\/menu-carte\/room-service-carte-du-room-service\/\" target=\"_blank\" rel=\"noreferrer noopener\">Room service menu<\/a><\/div>\n<\/div>\n\n\n\n<div style=\"height:20px\" aria-hidden=\"true\" class=\"wp-block-spacer\"><\/div>\n\n\n\n<div style=\"height:20px\" aria-hidden=\"true\" class=\"wp-block-spacer\"><\/div>\n\n\n\n<p><\/p>\n","protected":false},"excerpt":{"rendered":"<p>The choice is yours\u2026 To perfectly adapt to your schedule, InterContinental\u00ae Lyon \u2013 Hotel Dieu offers you in-room catering service at anytime of the day by dialing&nbsp;8340. The menu offers you dishes by Chef Mathieu Charrois in order to make [&hellip;]<\/p>\n","protected":false},"author":1,"featured_media":0,"parent":0,"menu_order":0,"comment_status":"closed","ping_status":"closed","template":"","meta":{"_acf_changed":false,"footnotes":""},"class_list":["post-1320","page","type-page","status-publish","hentry"],"acf":{"schema":""},"yoast_head":"<!-- This site is optimized with the Yoast SEO plugin v26.2 - https:\/\/yoast.com\/wordpress\/plugins\/seo\/ -->\n<title>Room Service - InterContinental Lyon Hotel Dieu<\/title>\n<meta name=\"description\" content=\"On the room service menu, dishes specially designed by chef Mathieu Charrois and special attention paid by the team...\" \/>\n<meta name=\"robots\" content=\"index, follow, max-snippet:-1, max-image-preview:large, max-video-preview:-1\" \/>\n<link rel=\"canonical\" href=\"https:\/\/lyon.intercontinental.com\/en\/room-service\/\" \/>\n<meta property=\"og:locale\" content=\"en_US\" \/>\n<meta property=\"og:type\" content=\"article\" \/>\n<meta property=\"og:title\" content=\"Room Service - InterContinental Lyon Hotel Dieu\" \/>\n<meta property=\"og:description\" content=\"On the room service menu, dishes specially designed by chef Mathieu Charrois and special attention paid by the team...\" \/>\n<meta property=\"og:url\" content=\"https:\/\/lyon.intercontinental.com\/en\/room-service\/\" \/>\n<meta property=\"og:site_name\" content=\"InterContinental Lyon Hotel Dieu\" \/>\n<meta property=\"article:publisher\" content=\"https:\/\/www.facebook.com\/iclyonhoteldieu\/\" \/>\n<meta property=\"article:modified_time\" content=\"2023-09-06T15:26:05+00:00\" \/>\n<meta name=\"twitter:card\" content=\"summary_large_image\" \/>\n<meta name=\"twitter:label1\" content=\"Est. reading time\" \/>\n\t<meta name=\"twitter:data1\" content=\"1 minute\" \/>\n<script type=\"application\/ld+json\" class=\"yoast-schema-graph\">{\"@context\":\"https:\/\/schema.org\",\"@graph\":[{\"@type\":\"WebPage\",\"@id\":\"https:\/\/lyon.intercontinental.com\/en\/room-service\/\",\"url\":\"https:\/\/lyon.intercontinental.com\/en\/room-service\/\",\"name\":\"Room Service - InterContinental Lyon Hotel Dieu\",\"isPartOf\":{\"@id\":\"https:\/\/lyon.intercontinental.com\/#website\"},\"datePublished\":\"2019-05-08T14:35:04+00:00\",\"dateModified\":\"2023-09-06T15:26:05+00:00\",\"description\":\"On the room service menu, dishes specially designed by chef Mathieu Charrois and special attention paid by the team...\",\"breadcrumb\":{\"@id\":\"https:\/\/lyon.intercontinental.com\/en\/room-service\/#breadcrumb\"},\"inLanguage\":\"en-US\",\"potentialAction\":[{\"@type\":\"ReadAction\",\"target\":[\"https:\/\/lyon.intercontinental.com\/en\/room-service\/\"]}]},{\"@type\":\"BreadcrumbList\",\"@id\":\"https:\/\/lyon.intercontinental.com\/en\/room-service\/#breadcrumb\",\"itemListElement\":[{\"@type\":\"ListItem\",\"position\":1,\"name\":\"Home\",\"item\":\"https:\/\/lyon.intercontinental.com\/en\/\"},{\"@type\":\"ListItem\",\"position\":2,\"name\":\"Room Service\"}]},{\"@type\":\"WebSite\",\"@id\":\"https:\/\/lyon.intercontinental.com\/#website\",\"url\":\"https:\/\/lyon.intercontinental.com\/\",\"name\":\"InterContinental Lyon - H\u00f4tel Dieu\",\"description\":\"Live the InterContinental Life\",\"publisher\":{\"@id\":\"https:\/\/lyon.intercontinental.com\/#organization\"},\"alternateName\":\"InterContinental Lyon\",\"potentialAction\":[{\"@type\":\"SearchAction\",\"target\":{\"@type\":\"EntryPoint\",\"urlTemplate\":\"https:\/\/lyon.intercontinental.com\/?s={search_term_string}\"},\"query-input\":{\"@type\":\"PropertyValueSpecification\",\"valueRequired\":true,\"valueName\":\"search_term_string\"}}],\"inLanguage\":\"en-US\"},{\"@type\":\"Organization\",\"@id\":\"https:\/\/lyon.intercontinental.com\/#organization\",\"name\":\"InterContinental Lyon - H\u00f4tel Dieu\",\"alternateName\":\"InterContinental Lyon\",\"url\":\"https:\/\/lyon.intercontinental.com\/\",\"logo\":{\"@type\":\"ImageObject\",\"inLanguage\":\"en-US\",\"@id\":\"https:\/\/lyon.intercontinental.com\/#\/schema\/logo\/image\/\",\"url\":\"https:\/\/lyon.intercontinental.com\/wp-content\/uploads\/sites\/6\/2023\/09\/ihg-lyon-hotel-dieu-hotel-logo.svg\",\"contentUrl\":\"https:\/\/lyon.intercontinental.com\/wp-content\/uploads\/sites\/6\/2023\/09\/ihg-lyon-hotel-dieu-hotel-logo.svg\",\"caption\":\"InterContinental Lyon - H\u00f4tel Dieu\"},\"image\":{\"@id\":\"https:\/\/lyon.intercontinental.com\/#\/schema\/logo\/image\/\"},\"sameAs\":[\"https:\/\/www.facebook.com\/iclyonhoteldieu\/\",\"https:\/\/www.instagram.com\/iclyonhoteldieu\/\",\"https:\/\/www.linkedin.com\/company\/intercontinental-lyon-hotel-dieu\/\",\"https:\/\/www.tripadvisor.fr\/Hotel_Review-g187265-d15216091-Reviews-InterContinental_Lyon_Hotel_Dieu-Lyon_Rhone_Auvergne_Rhone_Alpes.html\"]}]}<\/script>\n<!-- \/ Yoast SEO plugin. -->","yoast_head_json":{"title":"Room Service - InterContinental Lyon Hotel Dieu","description":"On the room service menu, dishes specially designed by chef Mathieu Charrois and special attention paid by the team...","robots":{"index":"index","follow":"follow","max-snippet":"max-snippet:-1","max-image-preview":"max-image-preview:large","max-video-preview":"max-video-preview:-1"},"canonical":"https:\/\/lyon.intercontinental.com\/en\/room-service\/","og_locale":"en_US","og_type":"article","og_title":"Room Service - InterContinental Lyon Hotel Dieu","og_description":"On the room service menu, dishes specially designed by chef Mathieu Charrois and special attention paid by the team...","og_url":"https:\/\/lyon.intercontinental.com\/en\/room-service\/","og_site_name":"InterContinental Lyon Hotel Dieu","article_publisher":"https:\/\/www.facebook.com\/iclyonhoteldieu\/","article_modified_time":"2023-09-06T15:26:05+00:00","twitter_card":"summary_large_image","twitter_misc":{"Est. reading time":"1 minute"},"schema":{"@context":"https:\/\/schema.org","@graph":[{"@type":"WebPage","@id":"https:\/\/lyon.intercontinental.com\/en\/room-service\/","url":"https:\/\/lyon.intercontinental.com\/en\/room-service\/","name":"Room Service - InterContinental Lyon Hotel Dieu","isPartOf":{"@id":"https:\/\/lyon.intercontinental.com\/#website"},"datePublished":"2019-05-08T14:35:04+00:00","dateModified":"2023-09-06T15:26:05+00:00","description":"On the room service menu, dishes specially designed by chef Mathieu Charrois and special attention paid by the team...","breadcrumb":{"@id":"https:\/\/lyon.intercontinental.com\/en\/room-service\/#breadcrumb"},"inLanguage":"en-US","potentialAction":[{"@type":"ReadAction","target":["https:\/\/lyon.intercontinental.com\/en\/room-service\/"]}]},{"@type":"BreadcrumbList","@id":"https:\/\/lyon.intercontinental.com\/en\/room-service\/#breadcrumb","itemListElement":[{"@type":"ListItem","position":1,"name":"Home","item":"https:\/\/lyon.intercontinental.com\/en\/"},{"@type":"ListItem","position":2,"name":"Room Service"}]},{"@type":"WebSite","@id":"https:\/\/lyon.intercontinental.com\/#website","url":"https:\/\/lyon.intercontinental.com\/","name":"InterContinental Lyon - H\u00f4tel Dieu","description":"Live the InterContinental Life","publisher":{"@id":"https:\/\/lyon.intercontinental.com\/#organization"},"alternateName":"InterContinental Lyon","potentialAction":[{"@type":"SearchAction","target":{"@type":"EntryPoint","urlTemplate":"https:\/\/lyon.intercontinental.com\/?s={search_term_string}"},"query-input":{"@type":"PropertyValueSpecification","valueRequired":true,"valueName":"search_term_string"}}],"inLanguage":"en-US"},{"@type":"Organization","@id":"https:\/\/lyon.intercontinental.com\/#organization","name":"InterContinental Lyon - H\u00f4tel Dieu","alternateName":"InterContinental Lyon","url":"https:\/\/lyon.intercontinental.com\/","logo":{"@type":"ImageObject","inLanguage":"en-US","@id":"https:\/\/lyon.intercontinental.com\/#\/schema\/logo\/image\/","url":"https:\/\/lyon.intercontinental.com\/wp-content\/uploads\/sites\/6\/2023\/09\/ihg-lyon-hotel-dieu-hotel-logo.svg","contentUrl":"https:\/\/lyon.intercontinental.com\/wp-content\/uploads\/sites\/6\/2023\/09\/ihg-lyon-hotel-dieu-hotel-logo.svg","caption":"InterContinental Lyon - H\u00f4tel Dieu"},"image":{"@id":"https:\/\/lyon.intercontinental.com\/#\/schema\/logo\/image\/"},"sameAs":["https:\/\/www.facebook.com\/iclyonhoteldieu\/","https:\/\/www.instagram.com\/iclyonhoteldieu\/","https:\/\/www.linkedin.com\/company\/intercontinental-lyon-hotel-dieu\/","https:\/\/www.tripadvisor.fr\/Hotel_Review-g187265-d15216091-Reviews-InterContinental_Lyon_Hotel_Dieu-Lyon_Rhone_Auvergne_Rhone_Alpes.html"]}]}},"_links":{"self":[{"href":"https:\/\/lyon.intercontinental.com\/en\/wp-json\/wp\/v2\/pages\/1320","targetHints":{"allow":["GET"]}}],"collection":[{"href":"https:\/\/lyon.intercontinental.com\/en\/wp-json\/wp\/v2\/pages"}],"about":[{"href":"https:\/\/lyon.intercontinental.com\/en\/wp-json\/wp\/v2\/types\/page"}],"author":[{"embeddable":true,"href":"https:\/\/lyon.intercontinental.com\/en\/wp-json\/wp\/v2\/users\/1"}],"replies":[{"embeddable":true,"href":"https:\/\/lyon.intercontinental.com\/en\/wp-json\/wp\/v2\/comments?post=1320"}],"version-history":[{"count":0,"href":"https:\/\/lyon.intercontinental.com\/en\/wp-json\/wp\/v2\/pages\/1320\/revisions"}],"wp:attachment":[{"href":"https:\/\/lyon.intercontinental.com\/en\/wp-json\/wp\/v2\/media?parent=1320"}],"curies":[{"name":"wp","href":"https:\/\/api.w.org\/{rel}","templated":true}]}}