{"id":1131,"date":"2019-05-23T22:46:07","date_gmt":"2019-05-23T20:46:07","guid":{"rendered":"http:\/\/lyon.intercontinental.com\/?page_id=1131"},"modified":"2026-04-16T17:00:05","modified_gmt":"2026-04-16T15:00:05","slug":"presidential-suite","status":"publish","type":"page","link":"https:\/\/lyon.intercontinental.com\/en\/suites\/presidential-suite\/","title":{"rendered":"Presidential Suite"},"content":{"rendered":"\r\n\r\n\r\n\r\n  <!-- Swiper hero -->\r\n  <div id=\"slideshow-block_6a0d049ede0fff23424d3f46b775d739\" class=\"row \">  \r\n    <div class=\"swiper d-swiper-container hero\" data-swiper={\"navigation\":{\"enabled\":false}}>\r\n      <div class=\"swiper-wrapper\">\r\n                    <div class=\"swiper-slide\">\r\n                              <span aria-hidden=\"true\" class=\"slide-e-background has-background-dim-30  has-background has-charcoal-grey-background-color\"><\/span>\r\n                                            <img decoding=\"async\" src=\"https:\/\/lyon.intercontinental.com\/wp-content\/uploads\/sites\/6\/2023\/02\/Suite-Presidentielle-\u00a9-Eric-Cuvillier-11-1.jpg\"\r\n                sizes=\"(max-width: 2000px) 100vw, 2000px\"\r\n                srcset=\"https:\/\/lyon.intercontinental.com\/wp-content\/uploads\/sites\/6\/2023\/02\/Suite-Presidentielle-\u00a9-Eric-Cuvillier-11-1.jpg 2000w,\r\n                        https:\/\/lyon.intercontinental.com\/wp-content\/uploads\/sites\/6\/2023\/02\/Suite-Presidentielle-\u00a9-Eric-Cuvillier-11-1-1024x655.jpg 1024w,\r\n                        https:\/\/lyon.intercontinental.com\/wp-content\/uploads\/sites\/6\/2023\/02\/Suite-Presidentielle-\u00a9-Eric-Cuvillier-11-1-768x492.jpg 768w\"\r\n                        alt=\"Presidential Suite grand living room with arched window overlooking the Grand H\u00f4tel-Dieu dome \u2014 InterContinental Lyon\">\r\n                                            <div class=\"slide-e-content d-none d-md-block\">\r\n                                      <h2 class=\"title\">Presidential Suite<\/h2>\r\n                                                        <h5 class=\"text-center white\">The ultimate luxury<\/h5>\r\n                                                    <\/div>\r\n                          <\/div>\r\n                <\/div>\r\n            <\/div>\r\n  <\/div>\r\n  <!-- End Swiper hero -->\r\n\r\n \n\n\n<div style=\"height:30px\" aria-hidden=\"true\" class=\"wp-block-spacer\"><\/div>\n\n\n\n<div class=\"wp-block-columns pattern-2-col-text-and-slider is-layout-flex wp-container-core-columns-is-layout-28f84493 wp-block-columns-is-layout-flex\">\n<div class=\"wp-block-column is-vertically-aligned-bottom text-column is-layout-flow wp-block-column-is-layout-flow\" style=\"padding-top:var(--wp--preset--spacing--70);padding-right:var(--wp--preset--spacing--60);padding-bottom:var(--wp--preset--spacing--70);padding-left:var(--wp--preset--spacing--60);flex-basis:33.33%\">\n<h4 class=\"wp-block-heading\">SUITE<\/h4>\n\n\n\n<h3 class=\"wp-block-heading\">Presidential Suite<\/h3>\n\n\n\n<p>Experience a stay in this unique suite at the heart of the Grand H\u00f4tel-Dieu. From your balconies, enjoy the view on Le D\u00f4me bar and its keystone signed by Jacques-Germain Soufflot, as well as the river Rh\u00f4ne or the basilica Notre-Dame de Fourvi\u00e8re. 150 square meters of contemporary space including a living room, a dining room and a bedroom that make it the largest suite in Lyon.<\/p>\n\n\n\n<div class=\"wp-block-buttons is-layout-flex wp-block-buttons-is-layout-flex\">\n<div class=\"wp-block-button\"><a class=\"wp-block-button__link wp-element-button\" href=\"https:\/\/www.ihg.com\/intercontinental\/hotels\/us\/en\/lyon\/lysha\/hoteldetail\/rooms\" target=\"_blank\" rel=\"noreferrer noopener nofollow\">Reserve your Presidential Suite<\/a><\/div>\n<\/div>\n<\/div>\n\n\n\n<div class=\"wp-block-column is-vertically-aligned-center is-layout-flow wp-block-column-is-layout-flow\" style=\"padding-right:var(--wp--preset--spacing--30);padding-left:var(--wp--preset--spacing--30);flex-basis:66.66%\">\r\n\r\n\r\n  <div id=\"slideshow-block_e9c891994650ae445ce3e3eac3904042\" class=\"row\" data-aos=\"fade-in\">\r\n      <!-- Swiper -->\r\n      <div class=\"swiper d-swiper-container full\" data-swiper={\"autoplay\":true,\"slidesPerView\":1,\"effect\":\"creative\",\"creativeEffect\":{\"limitProgress\":2,\"prev\":{\"translate\":[\"-100%\",0,0]},\"next\":{\"translate\":[\"100%\",0,0]}},\"speed\":1000} style=\"height:66vh\">\r\n        <div class=\"swiper-wrapper\">\r\n                                      <div class=\"swiper-slide\">\r\n                                    <img decoding=\"async\" src=\"https:\/\/lyon.intercontinental.com\/wp-content\/uploads\/sites\/6\/2023\/02\/Suite-Presidentielle-\u00a9-Eric-Cuvillier-1-1.jpg\"\r\n                  sizes=\"(max-width: 2000px) 100vw, 2000px\"\r\n                  srcset=\"https:\/\/lyon.intercontinental.com\/wp-content\/uploads\/sites\/6\/2023\/02\/Suite-Presidentielle-\u00a9-Eric-Cuvillier-1-1.jpg 2000w,\r\n                          https:\/\/lyon.intercontinental.com\/wp-content\/uploads\/sites\/6\/2023\/02\/Suite-Presidentielle-\u00a9-Eric-Cuvillier-1-1-1024x682.jpg 1024w,\r\n                          https:\/\/lyon.intercontinental.com\/wp-content\/uploads\/sites\/6\/2023\/02\/Suite-Presidentielle-\u00a9-Eric-Cuvillier-1-1-768x512.jpg 768w\"\r\n                          alt=\"View from the Presidential Suite balcony overlooking the Le D\u00f4me bar dome \u2014 InterContinental Lyon\">\r\n                <\/div>\r\n                            <div class=\"swiper-slide\">\r\n                                    <img decoding=\"async\" src=\"https:\/\/lyon.intercontinental.com\/wp-content\/uploads\/sites\/6\/2023\/02\/Suite-Presidentielle-\u00a9-Eric-Cuvillier-9-1.jpg\"\r\n                  sizes=\"(max-width: 2000px) 100vw, 2000px\"\r\n                  srcset=\"https:\/\/lyon.intercontinental.com\/wp-content\/uploads\/sites\/6\/2023\/02\/Suite-Presidentielle-\u00a9-Eric-Cuvillier-9-1.jpg 2000w,\r\n                          https:\/\/lyon.intercontinental.com\/wp-content\/uploads\/sites\/6\/2023\/02\/Suite-Presidentielle-\u00a9-Eric-Cuvillier-9-1-1024x682.jpg 1024w,\r\n                          https:\/\/lyon.intercontinental.com\/wp-content\/uploads\/sites\/6\/2023\/02\/Suite-Presidentielle-\u00a9-Eric-Cuvillier-9-1-768x512.jpg 768w\"\r\n                          alt=\"Presidential Suite bedroom with King-size bed and panoramic Rh\u00f4ne river views \u2014 InterContinental Lyon\">\r\n                <\/div>\r\n                              <\/div>\r\n          <div class=\"swiper-pagination\">\r\n          <\/div>\r\n          <div class=\"swiper-button swiper-button-prev\">\r\n            <span class=\"arrowl\"><\/span>\r\n          <\/div>\r\n          <div class=\"swiper-button swiper-button-next\">\r\n            <span class=\"arrowr\"><\/span>\r\n          <\/div>\r\n      <\/div>\r\n      <!-- End Swiper -->\r\n  <\/div>\r\n  \r\n\r\n <\/div>\n<\/div>\n\n\n\n<div class=\"wp-block-columns pattern-2-col-text-and-slider slider-left is-layout-flex wp-container-core-columns-is-layout-28f84493 wp-block-columns-is-layout-flex\">\n<div class=\"wp-block-column is-vertically-aligned-center is-layout-flow wp-block-column-is-layout-flow\" style=\"padding-right:var(--wp--preset--spacing--30);padding-left:var(--wp--preset--spacing--30);flex-basis:66.66%\">\r\n\r\n\r\n  <div id=\"slideshow-block_1844c0d3050036c3afd2383541eb1308\" class=\"row\" data-aos=\"fade-in\">\r\n      <!-- Swiper -->\r\n      <div class=\"swiper d-swiper-container \" data-swiper={\"navigation\":{\"enabled\":false}} style=\"height:66vh\">\r\n        <div class=\"swiper-wrapper\">\r\n                                      <div class=\"swiper-slide\">\r\n                                    <img decoding=\"async\" src=\"https:\/\/lyon.intercontinental.com\/wp-content\/uploads\/sites\/6\/2019\/06\/intercontinental-lyon-hotel-dieu-restaurant-epona-plat11-scaled.jpg\"\r\n                  sizes=\"(max-width: 2000px) 100vw, 2000px\"\r\n                  srcset=\"https:\/\/lyon.intercontinental.com\/wp-content\/uploads\/sites\/6\/2019\/06\/intercontinental-lyon-hotel-dieu-restaurant-epona-plat11-scaled.jpg 1708w,\r\n                          https:\/\/lyon.intercontinental.com\/wp-content\/uploads\/sites\/6\/2019\/06\/intercontinental-lyon-hotel-dieu-restaurant-epona-plat11-683x1024.jpg 1024w,\r\n                          https:\/\/lyon.intercontinental.com\/wp-content\/uploads\/sites\/6\/2019\/06\/intercontinental-lyon-hotel-dieu-restaurant-epona-plat11-768x1151.jpg 768w\"\r\n                          alt=\"Tarte feuillet\u00e9e avec \u0153uf mollet et mesclun \u2014 plat gastronomique du restaurant Epona, InterContinental Lyon\">\r\n                <\/div>\r\n                              <\/div>\r\n          <div class=\"swiper-pagination\">\r\n          <\/div>\r\n          <div class=\"swiper-button swiper-button-prev\">\r\n            <span class=\"arrowl\"><\/span>\r\n          <\/div>\r\n          <div class=\"swiper-button swiper-button-next\">\r\n            <span class=\"arrowr\"><\/span>\r\n          <\/div>\r\n      <\/div>\r\n      <!-- End Swiper -->\r\n  <\/div>\r\n  \r\n\r\n <\/div>\n\n\n\n<div class=\"wp-block-column is-vertically-aligned-bottom text-column is-layout-flow wp-block-column-is-layout-flow\" style=\"padding-top:var(--wp--preset--spacing--70);padding-right:var(--wp--preset--spacing--60);padding-bottom:var(--wp--preset--spacing--70);padding-left:var(--wp--preset--spacing--60);flex-basis:33.33%\">\n<h3 class=\"wp-block-heading\">Room Service offer<\/h3>\n\n\n\n<p>Enjoy the local and contemporary cuisine of Chef Mathieu Charrois in the comfort of the Presidential Suite with our exclusive Room Service offer.<\/p>\n\n\n\n<div class=\"wp-block-buttons is-layout-flex wp-block-buttons-is-layout-flex\">\n<div class=\"wp-block-button is-style-outline is-style-outline--1\"><a class=\"wp-block-button__link wp-element-button\" href=\"https:\/\/lyon.intercontinental.com\/menu-carte\/room-service-carte-du-room-service\/\" style=\"padding-top:0;padding-right:0;padding-bottom:0;padding-left:0\" target=\"_blank\" rel=\"noreferrer noopener\">Room service menu<\/a><\/div>\n<\/div>\n<\/div>\n<\/div>\n\n\n\n<div style=\"height:15px\" aria-hidden=\"true\" class=\"wp-block-spacer\"><\/div>\n\n\n\n<div class=\"wp-block-buttons is-horizontal is-content-justification-center is-layout-flex wp-container-core-buttons-is-layout-03627597 wp-block-buttons-is-layout-flex\">\n<div class=\"wp-block-button\"><a class=\"wp-block-button__link wp-element-button\" href=\"https:\/\/my.matterport.com\/show\/?m=33GbagLnMFJ&amp;help=null&amp;hl=0&amp;nt=0&amp;play=1&amp;qs=0&amp;ts=-1&amp;brand=0&amp;dh=1&amp;gt=1&amp;hr=1&amp;mls=0&amp;mt=1&amp;f=1&amp;lang=en&amp;nozoom=0&amp;wh=1&amp;guides=1&amp;kb=1&amp;lp=0&amp;mf=1&amp;title=0&amp;tourcta=1&amp;vr=1&amp;vrcoll=0&amp;sr=-3.14,-.9&amp;ss=4\" target=\"_blank\" rel=\"noreferrer noopener\">Discover our Presidential Suite in virtual tour<\/a><\/div>\n<\/div>\n\n\n\n<div class=\"wp-block-columns is-layout-flex wp-container-core-columns-is-layout-28f84493 wp-block-columns-is-layout-flex\">\n<div class=\"wp-block-column is-layout-flow wp-block-column-is-layout-flow\" style=\"flex-basis:15%\"><\/div>\n\n\n\n<div class=\"wp-block-column is-layout-flow wp-block-column-is-layout-flow\">\n<h3 class=\"wp-block-heading\">Our services<\/h3>\n\n\n\n<div class=\"wp-block-group is-nowrap is-layout-flex wp-container-core-group-is-layout-6c531013 wp-block-group-is-layout-flex\">\n<ul class=\"wp-block-list\">\n<li>Smart TV system<\/li>\n\n\n\n<li>Paid movies menu<\/li>\n\n\n\n<li>Laundry service<\/li>\n\n\n\n<li>Room Service 24\/7<\/li>\n\n\n\n<li>Wake Up Call<\/li>\n\n\n\n<li>Free Wi-Fi<\/li>\n\n\n\n<li>Air conditionning<\/li>\n\n\n\n<li>Coffee machine capsule<\/li>\n<\/ul>\n\n\n\n<ul class=\"wp-block-list\">\n<li>Tee selection and kettle<\/li>\n\n\n\n<li>In-room phone<\/li>\n\n\n\n<li>Safe box<\/li>\n\n\n\n<li>Mini-Bar<\/li>\n\n\n\n<li>Desk<\/li>\n\n\n\n<li>Bathrobe, slippers and Byredo products<\/li>\n\n\n\n<li>Shower or bath and bath towels<\/li>\n<\/ul>\n\n\n\n<ul class=\"wp-block-list\">\n<li>Shoes brush, shoehorn and shoe shine<\/li>\n\n\n\n<li>Iron<\/li>\n\n\n\n<li>Hairdryer<\/li>\n\n\n\n<li>Scales<\/li>\n\n\n\n<li>Double-paned window<\/li>\n\n\n\n<li>Non-smoker room<\/li>\n<\/ul>\n<\/div>\n\n\n\n<h3 class=\"wp-block-heading\">Additional services<\/h3>\n\n\n\n<ul class=\"wp-block-list\">\n<li>Baby bed<\/li>\n\n\n\n<li>Baby bath<\/li>\n<\/ul>\n<\/div>\n\n\n\n<div class=\"wp-block-column is-layout-flow wp-block-column-is-layout-flow\" style=\"flex-basis:15%\"><\/div>\n<\/div>\n\n\n\n<div style=\"height:15px\" aria-hidden=\"true\" class=\"wp-block-spacer\"><\/div>\n","protected":false},"excerpt":{"rendered":"<p>Nowhere else in the world is the unique experience of staying in the heart of the H\u00f4tel-Dieu&#8230;<\/p>\n","protected":false},"author":1,"featured_media":12384,"parent":1117,"menu_order":4,"comment_status":"closed","ping_status":"closed","template":"","meta":{"_acf_changed":false,"footnotes":""},"class_list":["post-1131","page","type-page","status-publish","has-post-thumbnail","hentry"],"acf":{"schema":""},"yoast_head":"<!-- This site is optimized with the Yoast SEO plugin v26.2 - https:\/\/yoast.com\/wordpress\/plugins\/seo\/ -->\n<title>Presidential Suite - InterContinental Lyon Hotel Dieu<\/title>\n<meta name=\"description\" content=\"Unique experience in Lyon in the heart of the emblematic Gand H\u00f4tel-Dieu. Contemporary suite is refined offers you a view of the bar Le D\u00f4me\" \/>\n<meta name=\"robots\" content=\"index, follow, max-snippet:-1, max-image-preview:large, max-video-preview:-1\" \/>\n<link rel=\"canonical\" href=\"https:\/\/lyon.intercontinental.com\/en\/suites\/presidential-suite\/\" \/>\n<meta property=\"og:locale\" content=\"en_US\" \/>\n<meta property=\"og:type\" content=\"article\" \/>\n<meta property=\"og:title\" content=\"Presidential Suite - InterContinental Lyon Hotel Dieu\" \/>\n<meta property=\"og:description\" content=\"Unique experience in Lyon in the heart of the emblematic Gand H\u00f4tel-Dieu. Contemporary suite is refined offers you a view of the bar Le D\u00f4me\" \/>\n<meta property=\"og:url\" content=\"https:\/\/lyon.intercontinental.com\/en\/suites\/presidential-suite\/\" \/>\n<meta property=\"og:site_name\" content=\"InterContinental Lyon Hotel Dieu\" \/>\n<meta property=\"article:publisher\" content=\"https:\/\/www.facebook.com\/iclyonhoteldieu\/\" \/>\n<meta property=\"article:modified_time\" content=\"2026-04-16T15:00:05+00:00\" \/>\n<meta property=\"og:image\" content=\"https:\/\/lyon.intercontinental.com\/wp-content\/uploads\/sites\/6\/2023\/02\/Suite-Presidentielle-\u00a9-Eric-Cuvillier-11-1.jpg\" \/>\n\t<meta property=\"og:image:width\" content=\"2000\" \/>\n\t<meta property=\"og:image:height\" content=\"1280\" \/>\n\t<meta property=\"og:image:type\" content=\"image\/jpeg\" \/>\n<meta name=\"twitter:card\" content=\"summary_large_image\" \/>\n<meta name=\"twitter:label1\" content=\"Est. reading time\" \/>\n\t<meta name=\"twitter:data1\" content=\"2 minutes\" \/>\n<script type=\"application\/ld+json\" class=\"yoast-schema-graph\">{\"@context\":\"https:\/\/schema.org\",\"@graph\":[{\"@type\":\"WebPage\",\"@id\":\"https:\/\/lyon.intercontinental.com\/en\/suites\/presidential-suite\/\",\"url\":\"https:\/\/lyon.intercontinental.com\/en\/suites\/presidential-suite\/\",\"name\":\"Presidential Suite - InterContinental Lyon Hotel Dieu\",\"isPartOf\":{\"@id\":\"https:\/\/lyon.intercontinental.com\/#website\"},\"primaryImageOfPage\":{\"@id\":\"https:\/\/lyon.intercontinental.com\/en\/suites\/presidential-suite\/#primaryimage\"},\"image\":{\"@id\":\"https:\/\/lyon.intercontinental.com\/en\/suites\/presidential-suite\/#primaryimage\"},\"thumbnailUrl\":\"https:\/\/lyon.intercontinental.com\/wp-content\/uploads\/sites\/6\/2023\/02\/Suite-Presidentielle-\u00a9-Eric-Cuvillier-11-1.jpg\",\"datePublished\":\"2019-05-23T20:46:07+00:00\",\"dateModified\":\"2026-04-16T15:00:05+00:00\",\"description\":\"Unique experience in Lyon in the heart of the emblematic Gand H\u00f4tel-Dieu. Contemporary suite is refined offers you a view of the bar Le D\u00f4me\",\"breadcrumb\":{\"@id\":\"https:\/\/lyon.intercontinental.com\/en\/suites\/presidential-suite\/#breadcrumb\"},\"inLanguage\":\"en-US\",\"potentialAction\":[{\"@type\":\"ReadAction\",\"target\":[\"https:\/\/lyon.intercontinental.com\/en\/suites\/presidential-suite\/\"]}]},{\"@type\":\"ImageObject\",\"inLanguage\":\"en-US\",\"@id\":\"https:\/\/lyon.intercontinental.com\/en\/suites\/presidential-suite\/#primaryimage\",\"url\":\"https:\/\/lyon.intercontinental.com\/wp-content\/uploads\/sites\/6\/2023\/02\/Suite-Presidentielle-\u00a9-Eric-Cuvillier-11-1.jpg\",\"contentUrl\":\"https:\/\/lyon.intercontinental.com\/wp-content\/uploads\/sites\/6\/2023\/02\/Suite-Presidentielle-\u00a9-Eric-Cuvillier-11-1.jpg\",\"width\":2000,\"height\":1280,\"caption\":\"Presidential Suite \u2014 150 sqm living room with views of the baroque dome of Le D\u00f4me bar\"},{\"@type\":\"BreadcrumbList\",\"@id\":\"https:\/\/lyon.intercontinental.com\/en\/suites\/presidential-suite\/#breadcrumb\",\"itemListElement\":[{\"@type\":\"ListItem\",\"position\":1,\"name\":\"Home\",\"item\":\"https:\/\/lyon.intercontinental.com\/en\/\"},{\"@type\":\"ListItem\",\"position\":2,\"name\":\"Suites\",\"item\":\"https:\/\/lyon.intercontinental.com\/en\/suites\/\"},{\"@type\":\"ListItem\",\"position\":3,\"name\":\"Presidential Suite\"}]},{\"@type\":\"WebSite\",\"@id\":\"https:\/\/lyon.intercontinental.com\/#website\",\"url\":\"https:\/\/lyon.intercontinental.com\/\",\"name\":\"InterContinental Lyon - H\u00f4tel Dieu\",\"description\":\"Live the InterContinental Life\",\"publisher\":{\"@id\":\"https:\/\/lyon.intercontinental.com\/#organization\"},\"alternateName\":\"InterContinental Lyon\",\"potentialAction\":[{\"@type\":\"SearchAction\",\"target\":{\"@type\":\"EntryPoint\",\"urlTemplate\":\"https:\/\/lyon.intercontinental.com\/?s={search_term_string}\"},\"query-input\":{\"@type\":\"PropertyValueSpecification\",\"valueRequired\":true,\"valueName\":\"search_term_string\"}}],\"inLanguage\":\"en-US\"},{\"@type\":\"Organization\",\"@id\":\"https:\/\/lyon.intercontinental.com\/#organization\",\"name\":\"InterContinental Lyon - H\u00f4tel Dieu\",\"alternateName\":\"InterContinental Lyon\",\"url\":\"https:\/\/lyon.intercontinental.com\/\",\"logo\":{\"@type\":\"ImageObject\",\"inLanguage\":\"en-US\",\"@id\":\"https:\/\/lyon.intercontinental.com\/#\/schema\/logo\/image\/\",\"url\":\"https:\/\/lyon.intercontinental.com\/wp-content\/uploads\/sites\/6\/2023\/09\/ihg-lyon-hotel-dieu-hotel-logo.svg\",\"contentUrl\":\"https:\/\/lyon.intercontinental.com\/wp-content\/uploads\/sites\/6\/2023\/09\/ihg-lyon-hotel-dieu-hotel-logo.svg\",\"caption\":\"InterContinental Lyon - H\u00f4tel Dieu\"},\"image\":{\"@id\":\"https:\/\/lyon.intercontinental.com\/#\/schema\/logo\/image\/\"},\"sameAs\":[\"https:\/\/www.facebook.com\/iclyonhoteldieu\/\",\"https:\/\/www.instagram.com\/iclyonhoteldieu\/\",\"https:\/\/www.linkedin.com\/company\/intercontinental-lyon-hotel-dieu\/\",\"https:\/\/www.tripadvisor.fr\/Hotel_Review-g187265-d15216091-Reviews-InterContinental_Lyon_Hotel_Dieu-Lyon_Rhone_Auvergne_Rhone_Alpes.html\"]}]}<\/script>\n<!-- \/ Yoast SEO plugin. -->","yoast_head_json":{"title":"Presidential Suite - InterContinental Lyon Hotel Dieu","description":"Unique experience in Lyon in the heart of the emblematic Gand H\u00f4tel-Dieu. Contemporary suite is refined offers you a view of the bar Le D\u00f4me","robots":{"index":"index","follow":"follow","max-snippet":"max-snippet:-1","max-image-preview":"max-image-preview:large","max-video-preview":"max-video-preview:-1"},"canonical":"https:\/\/lyon.intercontinental.com\/en\/suites\/presidential-suite\/","og_locale":"en_US","og_type":"article","og_title":"Presidential Suite - InterContinental Lyon Hotel Dieu","og_description":"Unique experience in Lyon in the heart of the emblematic Gand H\u00f4tel-Dieu. Contemporary suite is refined offers you a view of the bar Le D\u00f4me","og_url":"https:\/\/lyon.intercontinental.com\/en\/suites\/presidential-suite\/","og_site_name":"InterContinental Lyon Hotel Dieu","article_publisher":"https:\/\/www.facebook.com\/iclyonhoteldieu\/","article_modified_time":"2026-04-16T15:00:05+00:00","og_image":[{"width":2000,"height":1280,"url":"https:\/\/lyon.intercontinental.com\/wp-content\/uploads\/sites\/6\/2023\/02\/Suite-Presidentielle-\u00a9-Eric-Cuvillier-11-1.jpg","type":"image\/jpeg"}],"twitter_card":"summary_large_image","twitter_misc":{"Est. reading time":"2 minutes"},"schema":{"@context":"https:\/\/schema.org","@graph":[{"@type":"WebPage","@id":"https:\/\/lyon.intercontinental.com\/en\/suites\/presidential-suite\/","url":"https:\/\/lyon.intercontinental.com\/en\/suites\/presidential-suite\/","name":"Presidential Suite - InterContinental Lyon Hotel Dieu","isPartOf":{"@id":"https:\/\/lyon.intercontinental.com\/#website"},"primaryImageOfPage":{"@id":"https:\/\/lyon.intercontinental.com\/en\/suites\/presidential-suite\/#primaryimage"},"image":{"@id":"https:\/\/lyon.intercontinental.com\/en\/suites\/presidential-suite\/#primaryimage"},"thumbnailUrl":"https:\/\/lyon.intercontinental.com\/wp-content\/uploads\/sites\/6\/2023\/02\/Suite-Presidentielle-\u00a9-Eric-Cuvillier-11-1.jpg","datePublished":"2019-05-23T20:46:07+00:00","dateModified":"2026-04-16T15:00:05+00:00","description":"Unique experience in Lyon in the heart of the emblematic Gand H\u00f4tel-Dieu. Contemporary suite is refined offers you a view of the bar Le D\u00f4me","breadcrumb":{"@id":"https:\/\/lyon.intercontinental.com\/en\/suites\/presidential-suite\/#breadcrumb"},"inLanguage":"en-US","potentialAction":[{"@type":"ReadAction","target":["https:\/\/lyon.intercontinental.com\/en\/suites\/presidential-suite\/"]}]},{"@type":"ImageObject","inLanguage":"en-US","@id":"https:\/\/lyon.intercontinental.com\/en\/suites\/presidential-suite\/#primaryimage","url":"https:\/\/lyon.intercontinental.com\/wp-content\/uploads\/sites\/6\/2023\/02\/Suite-Presidentielle-\u00a9-Eric-Cuvillier-11-1.jpg","contentUrl":"https:\/\/lyon.intercontinental.com\/wp-content\/uploads\/sites\/6\/2023\/02\/Suite-Presidentielle-\u00a9-Eric-Cuvillier-11-1.jpg","width":2000,"height":1280,"caption":"Presidential Suite \u2014 150 sqm living room with views of the baroque dome of Le D\u00f4me bar"},{"@type":"BreadcrumbList","@id":"https:\/\/lyon.intercontinental.com\/en\/suites\/presidential-suite\/#breadcrumb","itemListElement":[{"@type":"ListItem","position":1,"name":"Home","item":"https:\/\/lyon.intercontinental.com\/en\/"},{"@type":"ListItem","position":2,"name":"Suites","item":"https:\/\/lyon.intercontinental.com\/en\/suites\/"},{"@type":"ListItem","position":3,"name":"Presidential Suite"}]},{"@type":"WebSite","@id":"https:\/\/lyon.intercontinental.com\/#website","url":"https:\/\/lyon.intercontinental.com\/","name":"InterContinental Lyon - H\u00f4tel Dieu","description":"Live the InterContinental Life","publisher":{"@id":"https:\/\/lyon.intercontinental.com\/#organization"},"alternateName":"InterContinental Lyon","potentialAction":[{"@type":"SearchAction","target":{"@type":"EntryPoint","urlTemplate":"https:\/\/lyon.intercontinental.com\/?s={search_term_string}"},"query-input":{"@type":"PropertyValueSpecification","valueRequired":true,"valueName":"search_term_string"}}],"inLanguage":"en-US"},{"@type":"Organization","@id":"https:\/\/lyon.intercontinental.com\/#organization","name":"InterContinental Lyon - H\u00f4tel Dieu","alternateName":"InterContinental Lyon","url":"https:\/\/lyon.intercontinental.com\/","logo":{"@type":"ImageObject","inLanguage":"en-US","@id":"https:\/\/lyon.intercontinental.com\/#\/schema\/logo\/image\/","url":"https:\/\/lyon.intercontinental.com\/wp-content\/uploads\/sites\/6\/2023\/09\/ihg-lyon-hotel-dieu-hotel-logo.svg","contentUrl":"https:\/\/lyon.intercontinental.com\/wp-content\/uploads\/sites\/6\/2023\/09\/ihg-lyon-hotel-dieu-hotel-logo.svg","caption":"InterContinental Lyon - H\u00f4tel Dieu"},"image":{"@id":"https:\/\/lyon.intercontinental.com\/#\/schema\/logo\/image\/"},"sameAs":["https:\/\/www.facebook.com\/iclyonhoteldieu\/","https:\/\/www.instagram.com\/iclyonhoteldieu\/","https:\/\/www.linkedin.com\/company\/intercontinental-lyon-hotel-dieu\/","https:\/\/www.tripadvisor.fr\/Hotel_Review-g187265-d15216091-Reviews-InterContinental_Lyon_Hotel_Dieu-Lyon_Rhone_Auvergne_Rhone_Alpes.html"]}]}},"_links":{"self":[{"href":"https:\/\/lyon.intercontinental.com\/en\/wp-json\/wp\/v2\/pages\/1131","targetHints":{"allow":["GET"]}}],"collection":[{"href":"https:\/\/lyon.intercontinental.com\/en\/wp-json\/wp\/v2\/pages"}],"about":[{"href":"https:\/\/lyon.intercontinental.com\/en\/wp-json\/wp\/v2\/types\/page"}],"author":[{"embeddable":true,"href":"https:\/\/lyon.intercontinental.com\/en\/wp-json\/wp\/v2\/users\/1"}],"replies":[{"embeddable":true,"href":"https:\/\/lyon.intercontinental.com\/en\/wp-json\/wp\/v2\/comments?post=1131"}],"version-history":[{"count":2,"href":"https:\/\/lyon.intercontinental.com\/en\/wp-json\/wp\/v2\/pages\/1131\/revisions"}],"predecessor-version":[{"id":24409,"href":"https:\/\/lyon.intercontinental.com\/en\/wp-json\/wp\/v2\/pages\/1131\/revisions\/24409"}],"up":[{"embeddable":true,"href":"https:\/\/lyon.intercontinental.com\/en\/wp-json\/wp\/v2\/pages\/1117"}],"wp:featuredmedia":[{"embeddable":true,"href":"https:\/\/lyon.intercontinental.com\/en\/wp-json\/wp\/v2\/media\/12384"}],"wp:attachment":[{"href":"https:\/\/lyon.intercontinental.com\/en\/wp-json\/wp\/v2\/media?parent=1131"}],"curies":[{"name":"wp","href":"https:\/\/api.w.org\/{rel}","templated":true}]}}