{"id":1119,"date":"2019-05-13T17:19:01","date_gmt":"2019-05-13T15:19:01","guid":{"rendered":"http:\/\/lyon.intercontinental.com\/?page_id=1119"},"modified":"2026-04-16T15:01:02","modified_gmt":"2026-04-16T13:01:02","slug":"family-suite","status":"publish","type":"page","link":"https:\/\/lyon.intercontinental.com\/en\/suites\/family-suite\/","title":{"rendered":"Family Suite"},"content":{"rendered":"\r\n\r\n\r\n\r\n  <!-- Swiper hero -->\r\n  <div id=\"slideshow-block_2128c5dec827edf9724ea03d390fc5bb\" class=\"row \">  \r\n    <div class=\"swiper d-swiper-container hero\" data-swiper={\"navigation\":{\"enabled\":false}}>\r\n      <div class=\"swiper-wrapper\">\r\n                    <div class=\"swiper-slide\">\r\n                              <span aria-hidden=\"true\" class=\"slide-e-background has-background-dim-30  has-background has-charcoal-grey-background-color\"><\/span>\r\n                                            <img decoding=\"async\" src=\"https:\/\/lyon.intercontinental.com\/wp-content\/uploads\/sites\/6\/2024\/08\/Suite-1-Canape-lit-\u00a9-Eric-Cuvillier-2-scaled.jpg\"\r\n                sizes=\"(max-width: 2000px) 100vw, 2000px\"\r\n                srcset=\"https:\/\/lyon.intercontinental.com\/wp-content\/uploads\/sites\/6\/2024\/08\/Suite-1-Canape-lit-\u00a9-Eric-Cuvillier-2-scaled.jpg 2560w,\r\n                        https:\/\/lyon.intercontinental.com\/wp-content\/uploads\/sites\/6\/2024\/08\/Suite-1-Canape-lit-\u00a9-Eric-Cuvillier-2-1024x666.jpg 1024w,\r\n                        https:\/\/lyon.intercontinental.com\/wp-content\/uploads\/sites\/6\/2024\/08\/Suite-1-Canape-lit-\u00a9-Eric-Cuvillier-2-768x499.jpg 768w\"\r\n                        alt=\"Family Suite living area with sofa bed and rooftop views \u2014 InterContinental Lyon\">\r\n                                            <div class=\"slide-e-content d-none d-md-block\">\r\n                                      <h2 class=\"title\">Family Suite<\/h2>\r\n                                                        <h5 class=\"text-center white\">Chic and contemporary<\/h5>\r\n                                                    <\/div>\r\n                          <\/div>\r\n                <\/div>\r\n            <\/div>\r\n  <\/div>\r\n  <!-- End Swiper hero -->\r\n\r\n \n\n\n<div style=\"height:30px\" aria-hidden=\"true\" class=\"wp-block-spacer\"><\/div>\n\n\n\n<div class=\"wp-block-columns pattern-2-col-text-and-slider is-layout-flex wp-container-core-columns-is-layout-28f84493 wp-block-columns-is-layout-flex\">\n<div class=\"wp-block-column is-vertically-aligned-bottom text-column is-layout-flow wp-block-column-is-layout-flow\" style=\"padding-top:var(--wp--preset--spacing--70);padding-right:var(--wp--preset--spacing--60);padding-bottom:var(--wp--preset--spacing--70);padding-left:var(--wp--preset--spacing--60);flex-basis:33.33%\">\n<h4 class=\"wp-block-heading\">SUITE<\/h4>\n\n\n\n<h2 class=\"wp-block-heading\">The Family Suite: A sanctuary of serenity for your tribe<\/h2>\n\n\n\n<p>Enjoy the chic and contemporary elegance of this 60m2 spacious suite. It is divided into two separate areas where parents can enjoy their privacy and children discover special attention in the room.<\/p>\n\n\n\n<div class=\"wp-block-buttons is-layout-flex wp-block-buttons-is-layout-flex\">\n<div class=\"wp-block-button\"><a class=\"wp-block-button__link wp-element-button\" href=\"https:\/\/www.ihg.com\/intercontinental\/hotels\/us\/en\/lyon\/lysha\/hoteldetail\/rooms\" target=\"_blank\" rel=\"noreferrer noopener nofollow\">Book your family stay<\/a><\/div>\n<\/div>\n<\/div>\n\n\n\n<div class=\"wp-block-column is-vertically-aligned-center is-layout-flow wp-block-column-is-layout-flow\" style=\"padding-right:var(--wp--preset--spacing--30);padding-left:var(--wp--preset--spacing--30);flex-basis:66.66%\">\r\n\r\n\r\n  <div id=\"slideshow-block_277c3474e8da152b507dc783aac82c52\" class=\"row\" data-aos=\"fade-in\">\r\n      <!-- Swiper -->\r\n      <div class=\"swiper d-swiper-container \" data-swiper={\"navigation\":{\"enabled\":false}} style=\"height:66vh\">\r\n        <div class=\"swiper-wrapper\">\r\n                                      <div class=\"swiper-slide\">\r\n                                    <img decoding=\"async\" src=\"https:\/\/lyon.intercontinental.com\/wp-content\/uploads\/sites\/6\/2023\/07\/Suite-1-Canape-lit-\u00a9-Eric-Cuvillier-1.jpg\"\r\n                  sizes=\"(max-width: 2000px) 100vw, 2000px\"\r\n                  srcset=\"https:\/\/lyon.intercontinental.com\/wp-content\/uploads\/sites\/6\/2023\/07\/Suite-1-Canape-lit-\u00a9-Eric-Cuvillier-1.jpg 2000w,\r\n                          https:\/\/lyon.intercontinental.com\/wp-content\/uploads\/sites\/6\/2023\/07\/Suite-1-Canape-lit-\u00a9-Eric-Cuvillier-1-1024x576.jpg 1024w,\r\n                          https:\/\/lyon.intercontinental.com\/wp-content\/uploads\/sites\/6\/2023\/07\/Suite-1-Canape-lit-\u00a9-Eric-Cuvillier-1-768x432.jpg 768w\"\r\n                          alt=\"Salle de bains en marbre de la chambre Classique Vue Cour \u2014 InterContinental Lyon Hotel Dieu\">\r\n                <\/div>\r\n                              <\/div>\r\n          <div class=\"swiper-pagination\">\r\n          <\/div>\r\n          <div class=\"swiper-button swiper-button-prev\">\r\n            <span class=\"arrowl\"><\/span>\r\n          <\/div>\r\n          <div class=\"swiper-button swiper-button-next\">\r\n            <span class=\"arrowr\"><\/span>\r\n          <\/div>\r\n      <\/div>\r\n      <!-- End Swiper -->\r\n  <\/div>\r\n  \r\n\r\n <\/div>\n<\/div>\n\n\n\n<div class=\"wp-block-columns pattern-2-col-text-and-slider slider-left is-layout-flex wp-container-core-columns-is-layout-28f84493 wp-block-columns-is-layout-flex\">\n<div class=\"wp-block-column is-vertically-aligned-center is-layout-flow wp-block-column-is-layout-flow\" style=\"padding-right:var(--wp--preset--spacing--30);padding-left:var(--wp--preset--spacing--30);flex-basis:66.66%\">\r\n\r\n\r\n  <div id=\"slideshow-block_633bde372c81a82b94d2ad616bd45f7d\" class=\"row\" data-aos=\"fade-in\">\r\n      <!-- Swiper -->\r\n      <div class=\"swiper d-swiper-container \" data-swiper={\"navigation\":{\"enabled\":false}} style=\"height:66vh\">\r\n        <div class=\"swiper-wrapper\">\r\n                                      <div class=\"swiper-slide\">\r\n                                    <img decoding=\"async\" src=\"https:\/\/lyon.intercontinental.com\/wp-content\/uploads\/sites\/6\/2019\/12\/InterContinental-Lyon-Hotel-Dieu_Room-Service-e1576760696865.jpg\"\r\n                  sizes=\"(max-width: 2000px) 100vw, 2000px\"\r\n                  srcset=\"https:\/\/lyon.intercontinental.com\/wp-content\/uploads\/sites\/6\/2019\/12\/InterContinental-Lyon-Hotel-Dieu_Room-Service-e1576760696865.jpg 1458w,\r\n                          https:\/\/lyon.intercontinental.com\/wp-content\/uploads\/sites\/6\/2019\/12\/InterContinental-Lyon-Hotel-Dieu_Room-Service-e1576760696865-1024x475.jpg 1024w,\r\n                          https:\/\/lyon.intercontinental.com\/wp-content\/uploads\/sites\/6\/2019\/12\/InterContinental-Lyon-Hotel-Dieu_Room-Service-e1576760696865-768x357.jpg 768w\"\r\n                          alt=\"Petit-d\u00e9jeuner dress\u00e9 avec vue panoramique sur les quais du Rh\u00f4ne et Lyon \u2014 InterContinental Lyon Hotel Dieu\">\r\n                <\/div>\r\n                              <\/div>\r\n          <div class=\"swiper-pagination\">\r\n          <\/div>\r\n          <div class=\"swiper-button swiper-button-prev\">\r\n            <span class=\"arrowl\"><\/span>\r\n          <\/div>\r\n          <div class=\"swiper-button swiper-button-next\">\r\n            <span class=\"arrowr\"><\/span>\r\n          <\/div>\r\n      <\/div>\r\n      <!-- End Swiper -->\r\n  <\/div>\r\n  \r\n\r\n <\/div>\n\n\n\n<div class=\"wp-block-column is-vertically-aligned-bottom text-column is-layout-flow wp-block-column-is-layout-flow\" style=\"padding-top:var(--wp--preset--spacing--70);padding-right:var(--wp--preset--spacing--60);padding-bottom:var(--wp--preset--spacing--70);padding-left:var(--wp--preset--spacing--60);flex-basis:33.33%\">\n<h3 class=\"wp-block-heading\">An exclusive Room Service offer<\/h3>\n\n\n\n<p>Enjoy the local and contemporary cuisine of Chef Mathieu Charrois in the comfort of your suite with our exclusive Room Service offer.<\/p>\n\n\n\n<div class=\"wp-block-buttons is-layout-flex wp-block-buttons-is-layout-flex\">\n<div class=\"wp-block-button is-style-outline is-style-outline--1\"><a class=\"wp-block-button__link wp-element-button\" href=\"https:\/\/lyon.intercontinental.com\/menu-carte\/room-service-carte-du-room-service\/\" style=\"padding-top:0;padding-right:0;padding-bottom:0;padding-left:0\" target=\"_blank\" rel=\"noreferrer noopener\">Room service menu<\/a><\/div>\n<\/div>\n<\/div>\n<\/div>\n\n\n\n<div class=\"wp-block-columns is-layout-flex wp-container-core-columns-is-layout-28f84493 wp-block-columns-is-layout-flex\">\n<div class=\"wp-block-column is-layout-flow wp-block-column-is-layout-flow\" style=\"flex-basis:15%\"><\/div>\n\n\n\n<div class=\"wp-block-column is-layout-flow wp-block-column-is-layout-flow\">\n<h3 class=\"wp-block-heading\">Our services<\/h3>\n\n\n\n<div class=\"wp-block-group is-nowrap is-layout-flex wp-container-core-group-is-layout-6c531013 wp-block-group-is-layout-flex\">\n<ul class=\"wp-block-list\">\n<li>Smart TV system<\/li>\n\n\n\n<li>Paid movies menu<\/li>\n\n\n\n<li>Laundry service<\/li>\n\n\n\n<li>Room Service 24\/7<\/li>\n\n\n\n<li>Wake Up Call<\/li>\n\n\n\n<li>Free Wi-Fi<\/li>\n\n\n\n<li>Air conditionning<\/li>\n\n\n\n<li>Coffee machine capsule<\/li>\n<\/ul>\n\n\n\n<ul class=\"wp-block-list\">\n<li>Tea selection and kettle<\/li>\n\n\n\n<li>In-room phone<\/li>\n\n\n\n<li>Safe box<\/li>\n\n\n\n<li>Mini-Bar<\/li>\n\n\n\n<li>Desk<\/li>\n\n\n\n<li>Bathrobe, slippers and Byredo products<\/li>\n\n\n\n<li>Shower or bath and bath towels<\/li>\n<\/ul>\n\n\n\n<ul class=\"wp-block-list\">\n<li>Shoe brush, shoehorn and shoe shine<\/li>\n\n\n\n<li>Iron<\/li>\n\n\n\n<li>Hairdryer<\/li>\n\n\n\n<li>Scales<\/li>\n\n\n\n<li>Double-paned window<\/li>\n\n\n\n<li>Non-smoker room<\/li>\n<\/ul>\n<\/div>\n\n\n\n<h3 class=\"wp-block-heading\">Additional services<\/h3>\n\n\n\n<ul class=\"wp-block-list\">\n<li>Baby bed<\/li>\n\n\n\n<li>Baby bath<\/li>\n\n\n\n<li>Additional bed (+ 100\u20ac)<\/li>\n<\/ul>\n<\/div>\n\n\n\n<div class=\"wp-block-column is-layout-flow wp-block-column-is-layout-flow\" style=\"flex-basis:15%\"><\/div>\n<\/div>\n","protected":false},"excerpt":{"rendered":"<p>Enjoy the chic and contemporary elegance of this spacious family suite&#8230;<\/p>\n","protected":false},"author":1,"featured_media":14560,"parent":1117,"menu_order":0,"comment_status":"closed","ping_status":"closed","template":"","meta":{"_acf_changed":false,"footnotes":""},"class_list":["post-1119","page","type-page","status-publish","has-post-thumbnail","hentry"],"acf":{"schema":""},"yoast_head":"<!-- This site is optimized with the Yoast SEO plugin v26.2 - https:\/\/yoast.com\/wordpress\/plugins\/seo\/ -->\n<title>Luxury Family Suite in Lyon - InterContinental Lyon Hotel Dieu<\/title>\n<meta name=\"description\" content=\"60sqm Family Suite at the Grand H\u00f4tel-Dieu de Lyon. Two distinct spaces for parents and children, featuring contemporary design and 5-star comfort in the heart of Lyon.\" \/>\n<meta name=\"robots\" content=\"index, follow, max-snippet:-1, max-image-preview:large, max-video-preview:-1\" \/>\n<link rel=\"canonical\" href=\"https:\/\/lyon.intercontinental.com\/en\/suites\/family-suite\/\" \/>\n<meta property=\"og:locale\" content=\"en_US\" \/>\n<meta property=\"og:type\" content=\"article\" \/>\n<meta property=\"og:title\" content=\"Luxury Family Suite in Lyon - InterContinental Lyon Hotel Dieu\" \/>\n<meta property=\"og:description\" content=\"60sqm Family Suite at the Grand H\u00f4tel-Dieu de Lyon. Two distinct spaces for parents and children, featuring contemporary design and 5-star comfort in the heart of Lyon.\" \/>\n<meta property=\"og:url\" content=\"https:\/\/lyon.intercontinental.com\/en\/suites\/family-suite\/\" \/>\n<meta property=\"og:site_name\" content=\"InterContinental Lyon Hotel Dieu\" \/>\n<meta property=\"article:publisher\" content=\"https:\/\/www.facebook.com\/iclyonhoteldieu\/\" \/>\n<meta property=\"article:modified_time\" content=\"2026-04-16T13:01:02+00:00\" \/>\n<meta property=\"og:image\" content=\"https:\/\/lyon.intercontinental.com\/wp-content\/uploads\/sites\/6\/2019\/12\/InterContinental-Lyon-Hotel-Dieu_Suite-Famille-2.jpg\" \/>\n\t<meta property=\"og:image:width\" content=\"2000\" \/>\n\t<meta property=\"og:image:height\" content=\"1300\" \/>\n\t<meta property=\"og:image:type\" content=\"image\/jpeg\" \/>\n<meta name=\"twitter:card\" content=\"summary_large_image\" \/>\n<meta name=\"twitter:label1\" content=\"Est. reading time\" \/>\n\t<meta name=\"twitter:data1\" content=\"1 minute\" \/>\n<script type=\"application\/ld+json\" class=\"yoast-schema-graph\">{\"@context\":\"https:\/\/schema.org\",\"@graph\":[{\"@type\":\"WebPage\",\"@id\":\"https:\/\/lyon.intercontinental.com\/en\/suites\/family-suite\/\",\"url\":\"https:\/\/lyon.intercontinental.com\/en\/suites\/family-suite\/\",\"name\":\"Luxury Family Suite in Lyon - InterContinental Lyon Hotel Dieu\",\"isPartOf\":{\"@id\":\"https:\/\/lyon.intercontinental.com\/#website\"},\"primaryImageOfPage\":{\"@id\":\"https:\/\/lyon.intercontinental.com\/en\/suites\/family-suite\/#primaryimage\"},\"image\":{\"@id\":\"https:\/\/lyon.intercontinental.com\/en\/suites\/family-suite\/#primaryimage\"},\"thumbnailUrl\":\"https:\/\/lyon.intercontinental.com\/wp-content\/uploads\/sites\/6\/2019\/12\/InterContinental-Lyon-Hotel-Dieu_Suite-Famille-2.jpg\",\"datePublished\":\"2019-05-13T15:19:01+00:00\",\"dateModified\":\"2026-04-16T13:01:02+00:00\",\"description\":\"60sqm Family Suite at the Grand H\u00f4tel-Dieu de Lyon. Two distinct spaces for parents and children, featuring contemporary design and 5-star comfort in the heart of Lyon.\",\"breadcrumb\":{\"@id\":\"https:\/\/lyon.intercontinental.com\/en\/suites\/family-suite\/#breadcrumb\"},\"inLanguage\":\"en-US\",\"potentialAction\":[{\"@type\":\"ReadAction\",\"target\":[\"https:\/\/lyon.intercontinental.com\/en\/suites\/family-suite\/\"]}]},{\"@type\":\"ImageObject\",\"inLanguage\":\"en-US\",\"@id\":\"https:\/\/lyon.intercontinental.com\/en\/suites\/family-suite\/#primaryimage\",\"url\":\"https:\/\/lyon.intercontinental.com\/wp-content\/uploads\/sites\/6\/2019\/12\/InterContinental-Lyon-Hotel-Dieu_Suite-Famille-2.jpg\",\"contentUrl\":\"https:\/\/lyon.intercontinental.com\/wp-content\/uploads\/sites\/6\/2019\/12\/InterContinental-Lyon-Hotel-Dieu_Suite-Famille-2.jpg\",\"width\":2000,\"height\":1300},{\"@type\":\"BreadcrumbList\",\"@id\":\"https:\/\/lyon.intercontinental.com\/en\/suites\/family-suite\/#breadcrumb\",\"itemListElement\":[{\"@type\":\"ListItem\",\"position\":1,\"name\":\"Home\",\"item\":\"https:\/\/lyon.intercontinental.com\/en\/\"},{\"@type\":\"ListItem\",\"position\":2,\"name\":\"Suites\",\"item\":\"https:\/\/lyon.intercontinental.com\/en\/suites\/\"},{\"@type\":\"ListItem\",\"position\":3,\"name\":\"Family Suite\"}]},{\"@type\":\"WebSite\",\"@id\":\"https:\/\/lyon.intercontinental.com\/#website\",\"url\":\"https:\/\/lyon.intercontinental.com\/\",\"name\":\"InterContinental Lyon - H\u00f4tel Dieu\",\"description\":\"Live the InterContinental Life\",\"publisher\":{\"@id\":\"https:\/\/lyon.intercontinental.com\/#organization\"},\"alternateName\":\"InterContinental Lyon\",\"potentialAction\":[{\"@type\":\"SearchAction\",\"target\":{\"@type\":\"EntryPoint\",\"urlTemplate\":\"https:\/\/lyon.intercontinental.com\/?s={search_term_string}\"},\"query-input\":{\"@type\":\"PropertyValueSpecification\",\"valueRequired\":true,\"valueName\":\"search_term_string\"}}],\"inLanguage\":\"en-US\"},{\"@type\":\"Organization\",\"@id\":\"https:\/\/lyon.intercontinental.com\/#organization\",\"name\":\"InterContinental Lyon - H\u00f4tel Dieu\",\"alternateName\":\"InterContinental Lyon\",\"url\":\"https:\/\/lyon.intercontinental.com\/\",\"logo\":{\"@type\":\"ImageObject\",\"inLanguage\":\"en-US\",\"@id\":\"https:\/\/lyon.intercontinental.com\/#\/schema\/logo\/image\/\",\"url\":\"https:\/\/lyon.intercontinental.com\/wp-content\/uploads\/sites\/6\/2023\/09\/ihg-lyon-hotel-dieu-hotel-logo.svg\",\"contentUrl\":\"https:\/\/lyon.intercontinental.com\/wp-content\/uploads\/sites\/6\/2023\/09\/ihg-lyon-hotel-dieu-hotel-logo.svg\",\"caption\":\"InterContinental Lyon - H\u00f4tel Dieu\"},\"image\":{\"@id\":\"https:\/\/lyon.intercontinental.com\/#\/schema\/logo\/image\/\"},\"sameAs\":[\"https:\/\/www.facebook.com\/iclyonhoteldieu\/\",\"https:\/\/www.instagram.com\/iclyonhoteldieu\/\",\"https:\/\/www.linkedin.com\/company\/intercontinental-lyon-hotel-dieu\/\",\"https:\/\/www.tripadvisor.fr\/Hotel_Review-g187265-d15216091-Reviews-InterContinental_Lyon_Hotel_Dieu-Lyon_Rhone_Auvergne_Rhone_Alpes.html\"]}]}<\/script>\n<!-- \/ Yoast SEO plugin. -->","yoast_head_json":{"title":"Luxury Family Suite in Lyon - InterContinental Lyon Hotel Dieu","description":"60sqm Family Suite at the Grand H\u00f4tel-Dieu de Lyon. Two distinct spaces for parents and children, featuring contemporary design and 5-star comfort in the heart of Lyon.","robots":{"index":"index","follow":"follow","max-snippet":"max-snippet:-1","max-image-preview":"max-image-preview:large","max-video-preview":"max-video-preview:-1"},"canonical":"https:\/\/lyon.intercontinental.com\/en\/suites\/family-suite\/","og_locale":"en_US","og_type":"article","og_title":"Luxury Family Suite in Lyon - InterContinental Lyon Hotel Dieu","og_description":"60sqm Family Suite at the Grand H\u00f4tel-Dieu de Lyon. Two distinct spaces for parents and children, featuring contemporary design and 5-star comfort in the heart of Lyon.","og_url":"https:\/\/lyon.intercontinental.com\/en\/suites\/family-suite\/","og_site_name":"InterContinental Lyon Hotel Dieu","article_publisher":"https:\/\/www.facebook.com\/iclyonhoteldieu\/","article_modified_time":"2026-04-16T13:01:02+00:00","og_image":[{"width":2000,"height":1300,"url":"https:\/\/lyon.intercontinental.com\/wp-content\/uploads\/sites\/6\/2019\/12\/InterContinental-Lyon-Hotel-Dieu_Suite-Famille-2.jpg","type":"image\/jpeg"}],"twitter_card":"summary_large_image","twitter_misc":{"Est. reading time":"1 minute"},"schema":{"@context":"https:\/\/schema.org","@graph":[{"@type":"WebPage","@id":"https:\/\/lyon.intercontinental.com\/en\/suites\/family-suite\/","url":"https:\/\/lyon.intercontinental.com\/en\/suites\/family-suite\/","name":"Luxury Family Suite in Lyon - InterContinental Lyon Hotel Dieu","isPartOf":{"@id":"https:\/\/lyon.intercontinental.com\/#website"},"primaryImageOfPage":{"@id":"https:\/\/lyon.intercontinental.com\/en\/suites\/family-suite\/#primaryimage"},"image":{"@id":"https:\/\/lyon.intercontinental.com\/en\/suites\/family-suite\/#primaryimage"},"thumbnailUrl":"https:\/\/lyon.intercontinental.com\/wp-content\/uploads\/sites\/6\/2019\/12\/InterContinental-Lyon-Hotel-Dieu_Suite-Famille-2.jpg","datePublished":"2019-05-13T15:19:01+00:00","dateModified":"2026-04-16T13:01:02+00:00","description":"60sqm Family Suite at the Grand H\u00f4tel-Dieu de Lyon. Two distinct spaces for parents and children, featuring contemporary design and 5-star comfort in the heart of Lyon.","breadcrumb":{"@id":"https:\/\/lyon.intercontinental.com\/en\/suites\/family-suite\/#breadcrumb"},"inLanguage":"en-US","potentialAction":[{"@type":"ReadAction","target":["https:\/\/lyon.intercontinental.com\/en\/suites\/family-suite\/"]}]},{"@type":"ImageObject","inLanguage":"en-US","@id":"https:\/\/lyon.intercontinental.com\/en\/suites\/family-suite\/#primaryimage","url":"https:\/\/lyon.intercontinental.com\/wp-content\/uploads\/sites\/6\/2019\/12\/InterContinental-Lyon-Hotel-Dieu_Suite-Famille-2.jpg","contentUrl":"https:\/\/lyon.intercontinental.com\/wp-content\/uploads\/sites\/6\/2019\/12\/InterContinental-Lyon-Hotel-Dieu_Suite-Famille-2.jpg","width":2000,"height":1300},{"@type":"BreadcrumbList","@id":"https:\/\/lyon.intercontinental.com\/en\/suites\/family-suite\/#breadcrumb","itemListElement":[{"@type":"ListItem","position":1,"name":"Home","item":"https:\/\/lyon.intercontinental.com\/en\/"},{"@type":"ListItem","position":2,"name":"Suites","item":"https:\/\/lyon.intercontinental.com\/en\/suites\/"},{"@type":"ListItem","position":3,"name":"Family Suite"}]},{"@type":"WebSite","@id":"https:\/\/lyon.intercontinental.com\/#website","url":"https:\/\/lyon.intercontinental.com\/","name":"InterContinental Lyon - H\u00f4tel Dieu","description":"Live the InterContinental Life","publisher":{"@id":"https:\/\/lyon.intercontinental.com\/#organization"},"alternateName":"InterContinental Lyon","potentialAction":[{"@type":"SearchAction","target":{"@type":"EntryPoint","urlTemplate":"https:\/\/lyon.intercontinental.com\/?s={search_term_string}"},"query-input":{"@type":"PropertyValueSpecification","valueRequired":true,"valueName":"search_term_string"}}],"inLanguage":"en-US"},{"@type":"Organization","@id":"https:\/\/lyon.intercontinental.com\/#organization","name":"InterContinental Lyon - H\u00f4tel Dieu","alternateName":"InterContinental Lyon","url":"https:\/\/lyon.intercontinental.com\/","logo":{"@type":"ImageObject","inLanguage":"en-US","@id":"https:\/\/lyon.intercontinental.com\/#\/schema\/logo\/image\/","url":"https:\/\/lyon.intercontinental.com\/wp-content\/uploads\/sites\/6\/2023\/09\/ihg-lyon-hotel-dieu-hotel-logo.svg","contentUrl":"https:\/\/lyon.intercontinental.com\/wp-content\/uploads\/sites\/6\/2023\/09\/ihg-lyon-hotel-dieu-hotel-logo.svg","caption":"InterContinental Lyon - H\u00f4tel Dieu"},"image":{"@id":"https:\/\/lyon.intercontinental.com\/#\/schema\/logo\/image\/"},"sameAs":["https:\/\/www.facebook.com\/iclyonhoteldieu\/","https:\/\/www.instagram.com\/iclyonhoteldieu\/","https:\/\/www.linkedin.com\/company\/intercontinental-lyon-hotel-dieu\/","https:\/\/www.tripadvisor.fr\/Hotel_Review-g187265-d15216091-Reviews-InterContinental_Lyon_Hotel_Dieu-Lyon_Rhone_Auvergne_Rhone_Alpes.html"]}]}},"_links":{"self":[{"href":"https:\/\/lyon.intercontinental.com\/en\/wp-json\/wp\/v2\/pages\/1119","targetHints":{"allow":["GET"]}}],"collection":[{"href":"https:\/\/lyon.intercontinental.com\/en\/wp-json\/wp\/v2\/pages"}],"about":[{"href":"https:\/\/lyon.intercontinental.com\/en\/wp-json\/wp\/v2\/types\/page"}],"author":[{"embeddable":true,"href":"https:\/\/lyon.intercontinental.com\/en\/wp-json\/wp\/v2\/users\/1"}],"replies":[{"embeddable":true,"href":"https:\/\/lyon.intercontinental.com\/en\/wp-json\/wp\/v2\/comments?post=1119"}],"version-history":[{"count":2,"href":"https:\/\/lyon.intercontinental.com\/en\/wp-json\/wp\/v2\/pages\/1119\/revisions"}],"predecessor-version":[{"id":24349,"href":"https:\/\/lyon.intercontinental.com\/en\/wp-json\/wp\/v2\/pages\/1119\/revisions\/24349"}],"up":[{"embeddable":true,"href":"https:\/\/lyon.intercontinental.com\/en\/wp-json\/wp\/v2\/pages\/1117"}],"wp:featuredmedia":[{"embeddable":true,"href":"https:\/\/lyon.intercontinental.com\/en\/wp-json\/wp\/v2\/media\/14560"}],"wp:attachment":[{"href":"https:\/\/lyon.intercontinental.com\/en\/wp-json\/wp\/v2\/media?parent=1119"}],"curies":[{"name":"wp","href":"https:\/\/api.w.org\/{rel}","templated":true}]}}